{"id":9728,"date":"2023-07-31T08:30:42","date_gmt":"2023-07-31T12:30:42","guid":{"rendered":"https:\/\/www.noscopains.ca\/?post_type=product&#038;p=9728"},"modified":"2025-02-10T10:03:17","modified_gmt":"2025-02-10T15:03:17","slug":"chat-angelique-2","status":"publish","type":"product","link":"https:\/\/www.noscopains.ca\/fr\/produit\/chat-angelique-2\/","title":{"rendered":"Chat ang\u00e9lique"},"content":{"rendered":"","protected":false},"excerpt":{"rendered":"<p>Fabriqu\u00e9 au Canada. Chat ang\u00e9lique en fini de pierre grise.<\/p>\n<p><strong>6 po x 8po<\/strong>.<\/p>\n<p>Frais additionnels pour plaque grav\u00e9 au nom de votre compagnon.<\/p>\n<p>Prix : 125 $<\/p>\n","protected":false},"featured_media":8844,"comment_status":"closed","ping_status":"closed","template":"","meta":[],"product_brand":[],"product_cat":[134],"product_tag":[],"class_list":{"0":"post-9728","1":"product","2":"type-product","3":"status-publish","4":"has-post-thumbnail","6":"product_cat-urnes-de-ceramique","8":"first","9":"instock","10":"shipping-taxable","11":"product-type-simple"},"yoast_head":"<!-- This site is optimized with the Yoast SEO plugin v26.9 - https:\/\/yoast.com\/product\/yoast-seo-wordpress\/ -->\n<title>Chat ang\u00e9lique - Pet Friends<\/title>\n<meta name=\"robots\" content=\"index, follow, max-snippet:-1, max-image-preview:large, max-video-preview:-1\" \/>\n<link rel=\"canonical\" href=\"https:\/\/www.noscopains.ca\/fr\/produit\/chat-angelique-2\/\" \/>\n<meta name=\"twitter:label1\" content=\"Dur\u00e9e de lecture estim\u00e9e\" \/>\n\t<meta name=\"twitter:data1\" content=\"1 minute\" \/>\n<script type=\"application\/ld+json\" class=\"yoast-schema-graph\">{\"@context\":\"https:\/\/schema.org\",\"@graph\":[{\"@type\":\"WebPage\",\"@id\":\"https:\/\/www.noscopains.ca\/fr\/produit\/chat-angelique-2\/\",\"url\":\"https:\/\/www.noscopains.ca\/fr\/produit\/chat-angelique-2\/\",\"name\":\"Chat ang\u00e9lique - Pet Friends\",\"isPartOf\":{\"@id\":\"https:\/\/www.noscopains.ca\/#website\"},\"primaryImageOfPage\":{\"@id\":\"https:\/\/www.noscopains.ca\/fr\/produit\/chat-angelique-2\/#primaryimage\"},\"image\":{\"@id\":\"https:\/\/www.noscopains.ca\/fr\/produit\/chat-angelique-2\/#primaryimage\"},\"thumbnailUrl\":\"https:\/\/www.noscopains.ca\/wp-content\/uploads\/2022\/08\/petfriends_2021-41.jpg\",\"datePublished\":\"2023-07-31T12:30:42+00:00\",\"dateModified\":\"2025-02-10T15:03:17+00:00\",\"breadcrumb\":{\"@id\":\"https:\/\/www.noscopains.ca\/fr\/produit\/chat-angelique-2\/#breadcrumb\"},\"inLanguage\":\"fr-FR\",\"potentialAction\":[{\"@type\":\"ReadAction\",\"target\":[\"https:\/\/www.noscopains.ca\/fr\/produit\/chat-angelique-2\/\"]}]},{\"@type\":\"ImageObject\",\"inLanguage\":\"fr-FR\",\"@id\":\"https:\/\/www.noscopains.ca\/fr\/produit\/chat-angelique-2\/#primaryimage\",\"url\":\"https:\/\/www.noscopains.ca\/wp-content\/uploads\/2022\/08\/petfriends_2021-41.jpg\",\"contentUrl\":\"https:\/\/www.noscopains.ca\/wp-content\/uploads\/2022\/08\/petfriends_2021-41.jpg\",\"width\":700,\"height\":467,\"caption\":\"Cat Angel\"},{\"@type\":\"BreadcrumbList\",\"@id\":\"https:\/\/www.noscopains.ca\/fr\/produit\/chat-angelique-2\/#breadcrumb\",\"itemListElement\":[{\"@type\":\"ListItem\",\"position\":1,\"name\":\"Accueil\",\"item\":\"https:\/\/www.noscopains.ca\/fr\/\"},{\"@type\":\"ListItem\",\"position\":2,\"name\":\"Shop\",\"item\":\"https:\/\/www.noscopains.ca\/?page_id=7777\"},{\"@type\":\"ListItem\",\"position\":3,\"name\":\"Chat ang\u00e9lique\"}]},{\"@type\":\"WebSite\",\"@id\":\"https:\/\/www.noscopains.ca\/#website\",\"url\":\"https:\/\/www.noscopains.ca\/\",\"name\":\"Pet Friends\",\"description\":\"Pet Cremation Services\",\"potentialAction\":[{\"@type\":\"SearchAction\",\"target\":{\"@type\":\"EntryPoint\",\"urlTemplate\":\"https:\/\/www.noscopains.ca\/?s={search_term_string}\"},\"query-input\":{\"@type\":\"PropertyValueSpecification\",\"valueRequired\":true,\"valueName\":\"search_term_string\"}}],\"inLanguage\":\"fr-FR\"}]}<\/script>\n<!-- \/ Yoast SEO plugin. -->","yoast_head_json":{"title":"Chat ang\u00e9lique - Pet Friends","robots":{"index":"index","follow":"follow","max-snippet":"max-snippet:-1","max-image-preview":"max-image-preview:large","max-video-preview":"max-video-preview:-1"},"canonical":"https:\/\/www.noscopains.ca\/fr\/produit\/chat-angelique-2\/","twitter_misc":{"Dur\u00e9e de lecture estim\u00e9e":"1 minute"},"schema":{"@context":"https:\/\/schema.org","@graph":[{"@type":"WebPage","@id":"https:\/\/www.noscopains.ca\/fr\/produit\/chat-angelique-2\/","url":"https:\/\/www.noscopains.ca\/fr\/produit\/chat-angelique-2\/","name":"Chat ang\u00e9lique - Pet Friends","isPartOf":{"@id":"https:\/\/www.noscopains.ca\/#website"},"primaryImageOfPage":{"@id":"https:\/\/www.noscopains.ca\/fr\/produit\/chat-angelique-2\/#primaryimage"},"image":{"@id":"https:\/\/www.noscopains.ca\/fr\/produit\/chat-angelique-2\/#primaryimage"},"thumbnailUrl":"https:\/\/www.noscopains.ca\/wp-content\/uploads\/2022\/08\/petfriends_2021-41.jpg","datePublished":"2023-07-31T12:30:42+00:00","dateModified":"2025-02-10T15:03:17+00:00","breadcrumb":{"@id":"https:\/\/www.noscopains.ca\/fr\/produit\/chat-angelique-2\/#breadcrumb"},"inLanguage":"fr-FR","potentialAction":[{"@type":"ReadAction","target":["https:\/\/www.noscopains.ca\/fr\/produit\/chat-angelique-2\/"]}]},{"@type":"ImageObject","inLanguage":"fr-FR","@id":"https:\/\/www.noscopains.ca\/fr\/produit\/chat-angelique-2\/#primaryimage","url":"https:\/\/www.noscopains.ca\/wp-content\/uploads\/2022\/08\/petfriends_2021-41.jpg","contentUrl":"https:\/\/www.noscopains.ca\/wp-content\/uploads\/2022\/08\/petfriends_2021-41.jpg","width":700,"height":467,"caption":"Cat Angel"},{"@type":"BreadcrumbList","@id":"https:\/\/www.noscopains.ca\/fr\/produit\/chat-angelique-2\/#breadcrumb","itemListElement":[{"@type":"ListItem","position":1,"name":"Accueil","item":"https:\/\/www.noscopains.ca\/fr\/"},{"@type":"ListItem","position":2,"name":"Shop","item":"https:\/\/www.noscopains.ca\/?page_id=7777"},{"@type":"ListItem","position":3,"name":"Chat ang\u00e9lique"}]},{"@type":"WebSite","@id":"https:\/\/www.noscopains.ca\/#website","url":"https:\/\/www.noscopains.ca\/","name":"Pet Friends","description":"Pet Cremation Services","potentialAction":[{"@type":"SearchAction","target":{"@type":"EntryPoint","urlTemplate":"https:\/\/www.noscopains.ca\/?s={search_term_string}"},"query-input":{"@type":"PropertyValueSpecification","valueRequired":true,"valueName":"search_term_string"}}],"inLanguage":"fr-FR"}]}},"_links":{"self":[{"href":"https:\/\/www.noscopains.ca\/fr\/wp-json\/wp\/v2\/product\/9728","targetHints":{"allow":["GET"]}}],"collection":[{"href":"https:\/\/www.noscopains.ca\/fr\/wp-json\/wp\/v2\/product"}],"about":[{"href":"https:\/\/www.noscopains.ca\/fr\/wp-json\/wp\/v2\/types\/product"}],"replies":[{"embeddable":true,"href":"https:\/\/www.noscopains.ca\/fr\/wp-json\/wp\/v2\/comments?post=9728"}],"wp:featuredmedia":[{"embeddable":true,"href":"https:\/\/www.noscopains.ca\/fr\/wp-json\/wp\/v2\/media\/8844"}],"wp:attachment":[{"href":"https:\/\/www.noscopains.ca\/fr\/wp-json\/wp\/v2\/media?parent=9728"}],"wp:term":[{"taxonomy":"product_brand","embeddable":true,"href":"https:\/\/www.noscopains.ca\/fr\/wp-json\/wp\/v2\/product_brand?post=9728"},{"taxonomy":"product_cat","embeddable":true,"href":"https:\/\/www.noscopains.ca\/fr\/wp-json\/wp\/v2\/product_cat?post=9728"},{"taxonomy":"product_tag","embeddable":true,"href":"https:\/\/www.noscopains.ca\/fr\/wp-json\/wp\/v2\/product_tag?post=9728"}],"curies":[{"name":"wp","href":"https:\/\/api.w.org\/{rel}","templated":true}]}}