{"id":9273,"date":"2022-11-01T14:44:52","date_gmt":"2022-11-03T14:09:46","guid":{"rendered":"http:\/\/www.noscopains.ca\/?post_type=product&#038;p=9273"},"modified":"2023-07-13T06:26:39","modified_gmt":"2023-07-13T10:26:39","slug":"la-urne-tombante","status":"publish","type":"product","link":"https:\/\/www.noscopains.ca\/fr\/produit\/la-urne-tombante\/","title":{"rendered":"La Urne Tombante"},"content":{"rendered":"","protected":false},"excerpt":{"rendered":"<p>Cette urne peut facilement \u00eatre transport\u00e9e, ce qui enl\u00e8ve l\u2019inqui\u00e9tude de laisser derri\u00e8re-soi les cendres d\u2019un meilleur ami, avec l\u2019option d\u2019y poser une plaque en ardoise grav\u00e9e.<\/p>\n<p>Prix : 225 $<\/p>\n<p><strong>Gravure<\/strong><\/p>\n<p>Prix : 60 $<\/p>\n","protected":false},"featured_media":9242,"comment_status":"closed","ping_status":"closed","template":"","meta":[],"product_brand":[],"product_cat":[133],"product_tag":[],"class_list":{"0":"post-9273","1":"product","2":"type-product","3":"status-publish","4":"has-post-thumbnail","6":"product_cat-produits-funeraires","8":"first","9":"instock","10":"shipping-taxable","11":"product-type-simple"},"yoast_head":"<!-- This site is optimized with the Yoast SEO plugin v26.9 - https:\/\/yoast.com\/product\/yoast-seo-wordpress\/ -->\n<title>La Urne Tombante - Pet Friends<\/title>\n<meta name=\"robots\" content=\"index, follow, max-snippet:-1, max-image-preview:large, max-video-preview:-1\" \/>\n<link rel=\"canonical\" href=\"https:\/\/www.noscopains.ca\/fr\/produit\/la-urne-tombante\/\" \/>\n<script type=\"application\/ld+json\" class=\"yoast-schema-graph\">{\"@context\":\"https:\/\/schema.org\",\"@graph\":[{\"@type\":\"WebPage\",\"@id\":\"https:\/\/www.noscopains.ca\/fr\/produit\/la-urne-tombante\/\",\"url\":\"https:\/\/www.noscopains.ca\/fr\/produit\/la-urne-tombante\/\",\"name\":\"La Urne Tombante - Pet Friends\",\"isPartOf\":{\"@id\":\"https:\/\/www.noscopains.ca\/#website\"},\"primaryImageOfPage\":{\"@id\":\"https:\/\/www.noscopains.ca\/fr\/produit\/la-urne-tombante\/#primaryimage\"},\"image\":{\"@id\":\"https:\/\/www.noscopains.ca\/fr\/produit\/la-urne-tombante\/#primaryimage\"},\"thumbnailUrl\":\"https:\/\/www.noscopains.ca\/wp-content\/uploads\/2022\/11\/Burial-products-to-added-The-HighDown-Urn.jpg\",\"datePublished\":\"2022-11-03T14:09:46+00:00\",\"dateModified\":\"2023-07-13T10:26:39+00:00\",\"breadcrumb\":{\"@id\":\"https:\/\/www.noscopains.ca\/fr\/produit\/la-urne-tombante\/#breadcrumb\"},\"inLanguage\":\"fr-FR\",\"potentialAction\":[{\"@type\":\"ReadAction\",\"target\":[\"https:\/\/www.noscopains.ca\/fr\/produit\/la-urne-tombante\/\"]}]},{\"@type\":\"ImageObject\",\"inLanguage\":\"fr-FR\",\"@id\":\"https:\/\/www.noscopains.ca\/fr\/produit\/la-urne-tombante\/#primaryimage\",\"url\":\"https:\/\/www.noscopains.ca\/wp-content\/uploads\/2022\/11\/Burial-products-to-added-The-HighDown-Urn.jpg\",\"contentUrl\":\"https:\/\/www.noscopains.ca\/wp-content\/uploads\/2022\/11\/Burial-products-to-added-The-HighDown-Urn.jpg\",\"width\":800,\"height\":600},{\"@type\":\"BreadcrumbList\",\"@id\":\"https:\/\/www.noscopains.ca\/fr\/produit\/la-urne-tombante\/#breadcrumb\",\"itemListElement\":[{\"@type\":\"ListItem\",\"position\":1,\"name\":\"Accueil\",\"item\":\"https:\/\/www.noscopains.ca\/fr\/\"},{\"@type\":\"ListItem\",\"position\":2,\"name\":\"Shop\",\"item\":\"https:\/\/www.noscopains.ca\/?page_id=7777\"},{\"@type\":\"ListItem\",\"position\":3,\"name\":\"La Urne Tombante\"}]},{\"@type\":\"WebSite\",\"@id\":\"https:\/\/www.noscopains.ca\/#website\",\"url\":\"https:\/\/www.noscopains.ca\/\",\"name\":\"Pet Friends\",\"description\":\"Pet Cremation Services\",\"potentialAction\":[{\"@type\":\"SearchAction\",\"target\":{\"@type\":\"EntryPoint\",\"urlTemplate\":\"https:\/\/www.noscopains.ca\/?s={search_term_string}\"},\"query-input\":{\"@type\":\"PropertyValueSpecification\",\"valueRequired\":true,\"valueName\":\"search_term_string\"}}],\"inLanguage\":\"fr-FR\"}]}<\/script>\n<!-- \/ Yoast SEO plugin. -->","yoast_head_json":{"title":"La Urne Tombante - Pet Friends","robots":{"index":"index","follow":"follow","max-snippet":"max-snippet:-1","max-image-preview":"max-image-preview:large","max-video-preview":"max-video-preview:-1"},"canonical":"https:\/\/www.noscopains.ca\/fr\/produit\/la-urne-tombante\/","schema":{"@context":"https:\/\/schema.org","@graph":[{"@type":"WebPage","@id":"https:\/\/www.noscopains.ca\/fr\/produit\/la-urne-tombante\/","url":"https:\/\/www.noscopains.ca\/fr\/produit\/la-urne-tombante\/","name":"La Urne Tombante - Pet Friends","isPartOf":{"@id":"https:\/\/www.noscopains.ca\/#website"},"primaryImageOfPage":{"@id":"https:\/\/www.noscopains.ca\/fr\/produit\/la-urne-tombante\/#primaryimage"},"image":{"@id":"https:\/\/www.noscopains.ca\/fr\/produit\/la-urne-tombante\/#primaryimage"},"thumbnailUrl":"https:\/\/www.noscopains.ca\/wp-content\/uploads\/2022\/11\/Burial-products-to-added-The-HighDown-Urn.jpg","datePublished":"2022-11-03T14:09:46+00:00","dateModified":"2023-07-13T10:26:39+00:00","breadcrumb":{"@id":"https:\/\/www.noscopains.ca\/fr\/produit\/la-urne-tombante\/#breadcrumb"},"inLanguage":"fr-FR","potentialAction":[{"@type":"ReadAction","target":["https:\/\/www.noscopains.ca\/fr\/produit\/la-urne-tombante\/"]}]},{"@type":"ImageObject","inLanguage":"fr-FR","@id":"https:\/\/www.noscopains.ca\/fr\/produit\/la-urne-tombante\/#primaryimage","url":"https:\/\/www.noscopains.ca\/wp-content\/uploads\/2022\/11\/Burial-products-to-added-The-HighDown-Urn.jpg","contentUrl":"https:\/\/www.noscopains.ca\/wp-content\/uploads\/2022\/11\/Burial-products-to-added-The-HighDown-Urn.jpg","width":800,"height":600},{"@type":"BreadcrumbList","@id":"https:\/\/www.noscopains.ca\/fr\/produit\/la-urne-tombante\/#breadcrumb","itemListElement":[{"@type":"ListItem","position":1,"name":"Accueil","item":"https:\/\/www.noscopains.ca\/fr\/"},{"@type":"ListItem","position":2,"name":"Shop","item":"https:\/\/www.noscopains.ca\/?page_id=7777"},{"@type":"ListItem","position":3,"name":"La Urne Tombante"}]},{"@type":"WebSite","@id":"https:\/\/www.noscopains.ca\/#website","url":"https:\/\/www.noscopains.ca\/","name":"Pet Friends","description":"Pet Cremation Services","potentialAction":[{"@type":"SearchAction","target":{"@type":"EntryPoint","urlTemplate":"https:\/\/www.noscopains.ca\/?s={search_term_string}"},"query-input":{"@type":"PropertyValueSpecification","valueRequired":true,"valueName":"search_term_string"}}],"inLanguage":"fr-FR"}]}},"_links":{"self":[{"href":"https:\/\/www.noscopains.ca\/fr\/wp-json\/wp\/v2\/product\/9273","targetHints":{"allow":["GET"]}}],"collection":[{"href":"https:\/\/www.noscopains.ca\/fr\/wp-json\/wp\/v2\/product"}],"about":[{"href":"https:\/\/www.noscopains.ca\/fr\/wp-json\/wp\/v2\/types\/product"}],"replies":[{"embeddable":true,"href":"https:\/\/www.noscopains.ca\/fr\/wp-json\/wp\/v2\/comments?post=9273"}],"wp:featuredmedia":[{"embeddable":true,"href":"https:\/\/www.noscopains.ca\/fr\/wp-json\/wp\/v2\/media\/9242"}],"wp:attachment":[{"href":"https:\/\/www.noscopains.ca\/fr\/wp-json\/wp\/v2\/media?parent=9273"}],"wp:term":[{"taxonomy":"product_brand","embeddable":true,"href":"https:\/\/www.noscopains.ca\/fr\/wp-json\/wp\/v2\/product_brand?post=9273"},{"taxonomy":"product_cat","embeddable":true,"href":"https:\/\/www.noscopains.ca\/fr\/wp-json\/wp\/v2\/product_cat?post=9273"},{"taxonomy":"product_tag","embeddable":true,"href":"https:\/\/www.noscopains.ca\/fr\/wp-json\/wp\/v2\/product_tag?post=9273"}],"curies":[{"name":"wp","href":"https:\/\/api.w.org\/{rel}","templated":true}]}}