{"id":8629,"date":"2022-08-03T14:50:53","date_gmt":"2022-08-03T14:50:53","guid":{"rendered":"http:\/\/www.noscopains.ca\/?post_type=product&#038;p=8629"},"modified":"2025-08-27T11:02:25","modified_gmt":"2025-08-27T15:02:25","slug":"urne-ronde-avec-empreinte","status":"publish","type":"product","link":"https:\/\/www.noscopains.ca\/fr\/produit\/urne-ronde-avec-empreinte\/","title":{"rendered":"Urne ronde avec empreinte"},"content":{"rendered":"","protected":false},"excerpt":{"rendered":"<p>Urne ronde en fini \u00e9tain gris charbon avec couvercle s\u00e9curis\u00e9<\/p>\n<p><strong>Tailles disponibles :<\/strong><\/p>\n<p><strong>Petite pour animaux jusqu&rsquo;\u00e0 34 livres.<\/strong><br \/>\nPrix : 175 $ + 60$ gravure<\/p>\n<p><strong>Grande pour animaux jusqu&rsquo;\u00e0 70 livres.<\/strong><br \/>\nPrix : 245 $ + 60 $ gravure<\/p>\n<p><small><em>*Maximum pour Gravure : 3 lignes seulement; 30 lettres par lignes<\/em><br \/>\n<em>**Les motifs sont un co\u00fbt ajout\u00e9<\/em><\/small><\/p>\n","protected":false},"featured_media":8639,"comment_status":"closed","ping_status":"closed","template":"","meta":[],"product_brand":[],"product_cat":[136],"product_tag":[],"class_list":{"0":"post-8629","1":"product","2":"type-product","3":"status-publish","4":"has-post-thumbnail","6":"product_cat-metal","8":"first","9":"instock","10":"shipping-taxable","11":"product-type-simple"},"yoast_head":"<!-- This site is optimized with the Yoast SEO plugin v26.9 - https:\/\/yoast.com\/product\/yoast-seo-wordpress\/ -->\n<title>Urne ronde avec empreinte - Pet Friends<\/title>\n<meta name=\"robots\" content=\"index, follow, max-snippet:-1, max-image-preview:large, max-video-preview:-1\" \/>\n<link rel=\"canonical\" href=\"https:\/\/www.noscopains.ca\/fr\/produit\/urne-ronde-avec-empreinte\/\" \/>\n<meta name=\"twitter:label1\" content=\"Dur\u00e9e de lecture estim\u00e9e\" \/>\n\t<meta name=\"twitter:data1\" content=\"1 minute\" \/>\n<script type=\"application\/ld+json\" class=\"yoast-schema-graph\">{\"@context\":\"https:\/\/schema.org\",\"@graph\":[{\"@type\":\"WebPage\",\"@id\":\"https:\/\/www.noscopains.ca\/fr\/produit\/urne-ronde-avec-empreinte\/\",\"url\":\"https:\/\/www.noscopains.ca\/fr\/produit\/urne-ronde-avec-empreinte\/\",\"name\":\"Urne ronde avec empreinte - Pet Friends\",\"isPartOf\":{\"@id\":\"https:\/\/www.noscopains.ca\/#website\"},\"primaryImageOfPage\":{\"@id\":\"https:\/\/www.noscopains.ca\/fr\/produit\/urne-ronde-avec-empreinte\/#primaryimage\"},\"image\":{\"@id\":\"https:\/\/www.noscopains.ca\/fr\/produit\/urne-ronde-avec-empreinte\/#primaryimage\"},\"thumbnailUrl\":\"https:\/\/www.noscopains.ca\/wp-content\/uploads\/2022\/08\/petfriends_2021-150.jpg\",\"datePublished\":\"2022-08-03T14:50:53+00:00\",\"dateModified\":\"2025-08-27T15:02:25+00:00\",\"breadcrumb\":{\"@id\":\"https:\/\/www.noscopains.ca\/fr\/produit\/urne-ronde-avec-empreinte\/#breadcrumb\"},\"inLanguage\":\"fr-FR\",\"potentialAction\":[{\"@type\":\"ReadAction\",\"target\":[\"https:\/\/www.noscopains.ca\/fr\/produit\/urne-ronde-avec-empreinte\/\"]}]},{\"@type\":\"ImageObject\",\"inLanguage\":\"fr-FR\",\"@id\":\"https:\/\/www.noscopains.ca\/fr\/produit\/urne-ronde-avec-empreinte\/#primaryimage\",\"url\":\"https:\/\/www.noscopains.ca\/wp-content\/uploads\/2022\/08\/petfriends_2021-150.jpg\",\"contentUrl\":\"https:\/\/www.noscopains.ca\/wp-content\/uploads\/2022\/08\/petfriends_2021-150.jpg\",\"width\":700,\"height\":467},{\"@type\":\"BreadcrumbList\",\"@id\":\"https:\/\/www.noscopains.ca\/fr\/produit\/urne-ronde-avec-empreinte\/#breadcrumb\",\"itemListElement\":[{\"@type\":\"ListItem\",\"position\":1,\"name\":\"Accueil\",\"item\":\"https:\/\/www.noscopains.ca\/fr\/\"},{\"@type\":\"ListItem\",\"position\":2,\"name\":\"Shop\",\"item\":\"https:\/\/www.noscopains.ca\/?page_id=7777\"},{\"@type\":\"ListItem\",\"position\":3,\"name\":\"Urne ronde avec empreinte\"}]},{\"@type\":\"WebSite\",\"@id\":\"https:\/\/www.noscopains.ca\/#website\",\"url\":\"https:\/\/www.noscopains.ca\/\",\"name\":\"Pet Friends\",\"description\":\"Pet Cremation Services\",\"potentialAction\":[{\"@type\":\"SearchAction\",\"target\":{\"@type\":\"EntryPoint\",\"urlTemplate\":\"https:\/\/www.noscopains.ca\/?s={search_term_string}\"},\"query-input\":{\"@type\":\"PropertyValueSpecification\",\"valueRequired\":true,\"valueName\":\"search_term_string\"}}],\"inLanguage\":\"fr-FR\"}]}<\/script>\n<!-- \/ Yoast SEO plugin. -->","yoast_head_json":{"title":"Urne ronde avec empreinte - Pet Friends","robots":{"index":"index","follow":"follow","max-snippet":"max-snippet:-1","max-image-preview":"max-image-preview:large","max-video-preview":"max-video-preview:-1"},"canonical":"https:\/\/www.noscopains.ca\/fr\/produit\/urne-ronde-avec-empreinte\/","twitter_misc":{"Dur\u00e9e de lecture estim\u00e9e":"1 minute"},"schema":{"@context":"https:\/\/schema.org","@graph":[{"@type":"WebPage","@id":"https:\/\/www.noscopains.ca\/fr\/produit\/urne-ronde-avec-empreinte\/","url":"https:\/\/www.noscopains.ca\/fr\/produit\/urne-ronde-avec-empreinte\/","name":"Urne ronde avec empreinte - Pet Friends","isPartOf":{"@id":"https:\/\/www.noscopains.ca\/#website"},"primaryImageOfPage":{"@id":"https:\/\/www.noscopains.ca\/fr\/produit\/urne-ronde-avec-empreinte\/#primaryimage"},"image":{"@id":"https:\/\/www.noscopains.ca\/fr\/produit\/urne-ronde-avec-empreinte\/#primaryimage"},"thumbnailUrl":"https:\/\/www.noscopains.ca\/wp-content\/uploads\/2022\/08\/petfriends_2021-150.jpg","datePublished":"2022-08-03T14:50:53+00:00","dateModified":"2025-08-27T15:02:25+00:00","breadcrumb":{"@id":"https:\/\/www.noscopains.ca\/fr\/produit\/urne-ronde-avec-empreinte\/#breadcrumb"},"inLanguage":"fr-FR","potentialAction":[{"@type":"ReadAction","target":["https:\/\/www.noscopains.ca\/fr\/produit\/urne-ronde-avec-empreinte\/"]}]},{"@type":"ImageObject","inLanguage":"fr-FR","@id":"https:\/\/www.noscopains.ca\/fr\/produit\/urne-ronde-avec-empreinte\/#primaryimage","url":"https:\/\/www.noscopains.ca\/wp-content\/uploads\/2022\/08\/petfriends_2021-150.jpg","contentUrl":"https:\/\/www.noscopains.ca\/wp-content\/uploads\/2022\/08\/petfriends_2021-150.jpg","width":700,"height":467},{"@type":"BreadcrumbList","@id":"https:\/\/www.noscopains.ca\/fr\/produit\/urne-ronde-avec-empreinte\/#breadcrumb","itemListElement":[{"@type":"ListItem","position":1,"name":"Accueil","item":"https:\/\/www.noscopains.ca\/fr\/"},{"@type":"ListItem","position":2,"name":"Shop","item":"https:\/\/www.noscopains.ca\/?page_id=7777"},{"@type":"ListItem","position":3,"name":"Urne ronde avec empreinte"}]},{"@type":"WebSite","@id":"https:\/\/www.noscopains.ca\/#website","url":"https:\/\/www.noscopains.ca\/","name":"Pet Friends","description":"Pet Cremation Services","potentialAction":[{"@type":"SearchAction","target":{"@type":"EntryPoint","urlTemplate":"https:\/\/www.noscopains.ca\/?s={search_term_string}"},"query-input":{"@type":"PropertyValueSpecification","valueRequired":true,"valueName":"search_term_string"}}],"inLanguage":"fr-FR"}]}},"_links":{"self":[{"href":"https:\/\/www.noscopains.ca\/fr\/wp-json\/wp\/v2\/product\/8629","targetHints":{"allow":["GET"]}}],"collection":[{"href":"https:\/\/www.noscopains.ca\/fr\/wp-json\/wp\/v2\/product"}],"about":[{"href":"https:\/\/www.noscopains.ca\/fr\/wp-json\/wp\/v2\/types\/product"}],"replies":[{"embeddable":true,"href":"https:\/\/www.noscopains.ca\/fr\/wp-json\/wp\/v2\/comments?post=8629"}],"wp:featuredmedia":[{"embeddable":true,"href":"https:\/\/www.noscopains.ca\/fr\/wp-json\/wp\/v2\/media\/8639"}],"wp:attachment":[{"href":"https:\/\/www.noscopains.ca\/fr\/wp-json\/wp\/v2\/media?parent=8629"}],"wp:term":[{"taxonomy":"product_brand","embeddable":true,"href":"https:\/\/www.noscopains.ca\/fr\/wp-json\/wp\/v2\/product_brand?post=8629"},{"taxonomy":"product_cat","embeddable":true,"href":"https:\/\/www.noscopains.ca\/fr\/wp-json\/wp\/v2\/product_cat?post=8629"},{"taxonomy":"product_tag","embeddable":true,"href":"https:\/\/www.noscopains.ca\/fr\/wp-json\/wp\/v2\/product_tag?post=8629"}],"curies":[{"name":"wp","href":"https:\/\/api.w.org\/{rel}","templated":true}]}}