{"id":8612,"date":"2022-03-30T14:49:37","date_gmt":"2022-08-03T12:34:56","guid":{"rendered":"http:\/\/www.noscopains.ca\/?post_type=product&#038;p=8612"},"modified":"2023-05-19T15:55:22","modified_gmt":"2023-05-19T19:55:22","slug":"cercueil-de-base","status":"publish","type":"product","link":"https:\/\/www.noscopains.ca\/fr\/produit\/cercueil-de-base\/","title":{"rendered":"Cercueil de Base"},"content":{"rendered":"","protected":false},"excerpt":{"rendered":"<p>Fabriqu\u00e9 en pin naturel Canadien avec un couvercle ajust\u00e9 et une couverture en coton. Chaque cercueil est exp\u00e9di\u00e9 en 24 heures et des instructions pour assemblage sont incluses. Grandeurs:<\/p>\n<p><strong>Grand animaux plus que 80 livres (48\u201d x 24\u201d x 16\u201d)<\/strong><br \/>\nPrix : 360 $<\/p>\n<p>*Livraison et GST\/QST non inclus<\/p>\n","protected":false},"featured_media":7894,"comment_status":"closed","ping_status":"closed","template":"","meta":[],"product_brand":[],"product_cat":[133],"product_tag":[],"class_list":{"0":"post-8612","1":"product","2":"type-product","3":"status-publish","4":"has-post-thumbnail","6":"product_cat-produits-funeraires","8":"first","9":"instock","10":"shipping-taxable","11":"product-type-simple"},"yoast_head":"<!-- This site is optimized with the Yoast SEO plugin v26.9 - https:\/\/yoast.com\/product\/yoast-seo-wordpress\/ -->\n<title>Cercueil de Base - Pet Friends<\/title>\n<meta name=\"robots\" content=\"index, follow, max-snippet:-1, max-image-preview:large, max-video-preview:-1\" \/>\n<link rel=\"canonical\" href=\"https:\/\/www.noscopains.ca\/fr\/produit\/cercueil-de-base\/\" \/>\n<script type=\"application\/ld+json\" class=\"yoast-schema-graph\">{\"@context\":\"https:\/\/schema.org\",\"@graph\":[{\"@type\":\"WebPage\",\"@id\":\"https:\/\/www.noscopains.ca\/fr\/produit\/cercueil-de-base\/\",\"url\":\"https:\/\/www.noscopains.ca\/fr\/produit\/cercueil-de-base\/\",\"name\":\"Cercueil de Base - Pet Friends\",\"isPartOf\":{\"@id\":\"https:\/\/www.noscopains.ca\/#website\"},\"primaryImageOfPage\":{\"@id\":\"https:\/\/www.noscopains.ca\/fr\/produit\/cercueil-de-base\/#primaryimage\"},\"image\":{\"@id\":\"https:\/\/www.noscopains.ca\/fr\/produit\/cercueil-de-base\/#primaryimage\"},\"thumbnailUrl\":\"https:\/\/www.noscopains.ca\/wp-content\/uploads\/2022\/03\/petfriends_2021-189-1.jpg\",\"datePublished\":\"2022-08-03T12:34:56+00:00\",\"dateModified\":\"2023-05-19T19:55:22+00:00\",\"breadcrumb\":{\"@id\":\"https:\/\/www.noscopains.ca\/fr\/produit\/cercueil-de-base\/#breadcrumb\"},\"inLanguage\":\"fr-FR\",\"potentialAction\":[{\"@type\":\"ReadAction\",\"target\":[\"https:\/\/www.noscopains.ca\/fr\/produit\/cercueil-de-base\/\"]}]},{\"@type\":\"ImageObject\",\"inLanguage\":\"fr-FR\",\"@id\":\"https:\/\/www.noscopains.ca\/fr\/produit\/cercueil-de-base\/#primaryimage\",\"url\":\"https:\/\/www.noscopains.ca\/wp-content\/uploads\/2022\/03\/petfriends_2021-189-1.jpg\",\"contentUrl\":\"https:\/\/www.noscopains.ca\/wp-content\/uploads\/2022\/03\/petfriends_2021-189-1.jpg\",\"width\":700,\"height\":467},{\"@type\":\"BreadcrumbList\",\"@id\":\"https:\/\/www.noscopains.ca\/fr\/produit\/cercueil-de-base\/#breadcrumb\",\"itemListElement\":[{\"@type\":\"ListItem\",\"position\":1,\"name\":\"Accueil\",\"item\":\"https:\/\/www.noscopains.ca\/fr\/\"},{\"@type\":\"ListItem\",\"position\":2,\"name\":\"Shop\",\"item\":\"https:\/\/www.noscopains.ca\/?page_id=7777\"},{\"@type\":\"ListItem\",\"position\":3,\"name\":\"Cercueil de Base\"}]},{\"@type\":\"WebSite\",\"@id\":\"https:\/\/www.noscopains.ca\/#website\",\"url\":\"https:\/\/www.noscopains.ca\/\",\"name\":\"Pet Friends\",\"description\":\"Pet Cremation Services\",\"potentialAction\":[{\"@type\":\"SearchAction\",\"target\":{\"@type\":\"EntryPoint\",\"urlTemplate\":\"https:\/\/www.noscopains.ca\/?s={search_term_string}\"},\"query-input\":{\"@type\":\"PropertyValueSpecification\",\"valueRequired\":true,\"valueName\":\"search_term_string\"}}],\"inLanguage\":\"fr-FR\"}]}<\/script>\n<!-- \/ Yoast SEO plugin. -->","yoast_head_json":{"title":"Cercueil de Base - Pet Friends","robots":{"index":"index","follow":"follow","max-snippet":"max-snippet:-1","max-image-preview":"max-image-preview:large","max-video-preview":"max-video-preview:-1"},"canonical":"https:\/\/www.noscopains.ca\/fr\/produit\/cercueil-de-base\/","schema":{"@context":"https:\/\/schema.org","@graph":[{"@type":"WebPage","@id":"https:\/\/www.noscopains.ca\/fr\/produit\/cercueil-de-base\/","url":"https:\/\/www.noscopains.ca\/fr\/produit\/cercueil-de-base\/","name":"Cercueil de Base - Pet Friends","isPartOf":{"@id":"https:\/\/www.noscopains.ca\/#website"},"primaryImageOfPage":{"@id":"https:\/\/www.noscopains.ca\/fr\/produit\/cercueil-de-base\/#primaryimage"},"image":{"@id":"https:\/\/www.noscopains.ca\/fr\/produit\/cercueil-de-base\/#primaryimage"},"thumbnailUrl":"https:\/\/www.noscopains.ca\/wp-content\/uploads\/2022\/03\/petfriends_2021-189-1.jpg","datePublished":"2022-08-03T12:34:56+00:00","dateModified":"2023-05-19T19:55:22+00:00","breadcrumb":{"@id":"https:\/\/www.noscopains.ca\/fr\/produit\/cercueil-de-base\/#breadcrumb"},"inLanguage":"fr-FR","potentialAction":[{"@type":"ReadAction","target":["https:\/\/www.noscopains.ca\/fr\/produit\/cercueil-de-base\/"]}]},{"@type":"ImageObject","inLanguage":"fr-FR","@id":"https:\/\/www.noscopains.ca\/fr\/produit\/cercueil-de-base\/#primaryimage","url":"https:\/\/www.noscopains.ca\/wp-content\/uploads\/2022\/03\/petfriends_2021-189-1.jpg","contentUrl":"https:\/\/www.noscopains.ca\/wp-content\/uploads\/2022\/03\/petfriends_2021-189-1.jpg","width":700,"height":467},{"@type":"BreadcrumbList","@id":"https:\/\/www.noscopains.ca\/fr\/produit\/cercueil-de-base\/#breadcrumb","itemListElement":[{"@type":"ListItem","position":1,"name":"Accueil","item":"https:\/\/www.noscopains.ca\/fr\/"},{"@type":"ListItem","position":2,"name":"Shop","item":"https:\/\/www.noscopains.ca\/?page_id=7777"},{"@type":"ListItem","position":3,"name":"Cercueil de Base"}]},{"@type":"WebSite","@id":"https:\/\/www.noscopains.ca\/#website","url":"https:\/\/www.noscopains.ca\/","name":"Pet Friends","description":"Pet Cremation Services","potentialAction":[{"@type":"SearchAction","target":{"@type":"EntryPoint","urlTemplate":"https:\/\/www.noscopains.ca\/?s={search_term_string}"},"query-input":{"@type":"PropertyValueSpecification","valueRequired":true,"valueName":"search_term_string"}}],"inLanguage":"fr-FR"}]}},"_links":{"self":[{"href":"https:\/\/www.noscopains.ca\/fr\/wp-json\/wp\/v2\/product\/8612","targetHints":{"allow":["GET"]}}],"collection":[{"href":"https:\/\/www.noscopains.ca\/fr\/wp-json\/wp\/v2\/product"}],"about":[{"href":"https:\/\/www.noscopains.ca\/fr\/wp-json\/wp\/v2\/types\/product"}],"replies":[{"embeddable":true,"href":"https:\/\/www.noscopains.ca\/fr\/wp-json\/wp\/v2\/comments?post=8612"}],"wp:featuredmedia":[{"embeddable":true,"href":"https:\/\/www.noscopains.ca\/fr\/wp-json\/wp\/v2\/media\/7894"}],"wp:attachment":[{"href":"https:\/\/www.noscopains.ca\/fr\/wp-json\/wp\/v2\/media?parent=8612"}],"wp:term":[{"taxonomy":"product_brand","embeddable":true,"href":"https:\/\/www.noscopains.ca\/fr\/wp-json\/wp\/v2\/product_brand?post=8612"},{"taxonomy":"product_cat","embeddable":true,"href":"https:\/\/www.noscopains.ca\/fr\/wp-json\/wp\/v2\/product_cat?post=8612"},{"taxonomy":"product_tag","embeddable":true,"href":"https:\/\/www.noscopains.ca\/fr\/wp-json\/wp\/v2\/product_tag?post=8612"}],"curies":[{"name":"wp","href":"https:\/\/api.w.org\/{rel}","templated":true}]}}