{"id":10679,"date":"2026-03-30T12:18:04","date_gmt":"2026-03-30T16:18:04","guid":{"rendered":"https:\/\/www.noscopains.ca\/?post_type=product&#038;p=10679"},"modified":"2026-03-30T12:34:40","modified_gmt":"2026-03-30T16:34:40","slug":"sphere-commemorative-en-verre","status":"publish","type":"product","link":"https:\/\/www.noscopains.ca\/fr\/produit\/sphere-commemorative-en-verre\/","title":{"rendered":"Sph\u00e8re comm\u00e9morative en verre"},"content":{"rendered":"<p>Cette sph\u00e8re comm\u00e9morative en verre, fabriqu\u00e9e \u00e0 la main, int\u00e8gre d\u00e9licatement une petite quantit\u00e9 des cendres de votre animal afin de cr\u00e9er un hommage unique et durable.<\/p>\n<p>Pr\u00e9sent\u00e9e sur une base lumineuse \u00e0 DEL, la pi\u00e8ce diffuse une douce lueur qui met en valeur la profondeur et la beaut\u00e9 du verre, tout en gardant le souvenir de votre compagnon bien pr\u00e9sent. Une plaque grav\u00e9e personnalis\u00e9e est incluse, vous permettant d\u2019y inscrire un nom, des dates ou un court message(maximum de 2 lignes). Chaque pi\u00e8ce est r\u00e9alis\u00e9e avec soin et respect, offrant une fa\u00e7on r\u00e9confortante et \u00e9l\u00e9gante de garder votre animal pr\u00e8s de vous. Offert dans une vari\u00e9t\u00e9 de couleurs.<\/p>\n<p>Dimensions : 3 po x 3 po x 4 po<\/p>\n<p>Base \u00e0 DEL : 4,5 po x 4,5 po x 1 po<\/p>\n<p>Prix : 425 $<\/p>\n<p>*Veuillez pr\u00e9voir un d\u00e9lai de livraison de 2 \u00e0 3 semaines*<\/p>\n<p>&nbsp;<\/p>\n","protected":false},"excerpt":{"rendered":"<p>Cette sph\u00e8re comm\u00e9morative en verre, fabriqu\u00e9e \u00e0 la main, int\u00e8gre d\u00e9licatement une petite quantit\u00e9 des cendres de votre animal afin de [&hellip;]<\/p>\n","protected":false},"featured_media":10665,"comment_status":"closed","ping_status":"closed","template":"","meta":[],"product_brand":[],"product_cat":[135],"product_tag":[],"class_list":{"0":"post-10679","1":"product","2":"type-product","3":"status-publish","4":"has-post-thumbnail","6":"product_cat-souvenirs","8":"first","9":"instock","10":"shipping-taxable","11":"product-type-simple"},"yoast_head":"<!-- This site is optimized with the Yoast SEO plugin v26.9 - https:\/\/yoast.com\/product\/yoast-seo-wordpress\/ -->\n<title>Sph\u00e8re comm\u00e9morative en verre - Pet Friends<\/title>\n<meta name=\"robots\" content=\"index, follow, max-snippet:-1, max-image-preview:large, max-video-preview:-1\" \/>\n<link rel=\"canonical\" href=\"https:\/\/www.noscopains.ca\/fr\/produit\/sphere-commemorative-en-verre\/\" \/>\n<meta name=\"twitter:label1\" content=\"Dur\u00e9e de lecture estim\u00e9e\" \/>\n\t<meta name=\"twitter:data1\" content=\"1 minute\" \/>\n<script type=\"application\/ld+json\" class=\"yoast-schema-graph\">{\"@context\":\"https:\/\/schema.org\",\"@graph\":[{\"@type\":\"WebPage\",\"@id\":\"https:\/\/www.noscopains.ca\/fr\/produit\/sphere-commemorative-en-verre\/\",\"url\":\"https:\/\/www.noscopains.ca\/fr\/produit\/sphere-commemorative-en-verre\/\",\"name\":\"Sph\u00e8re comm\u00e9morative en verre - Pet Friends\",\"isPartOf\":{\"@id\":\"https:\/\/www.noscopains.ca\/#website\"},\"primaryImageOfPage\":{\"@id\":\"https:\/\/www.noscopains.ca\/fr\/produit\/sphere-commemorative-en-verre\/#primaryimage\"},\"image\":{\"@id\":\"https:\/\/www.noscopains.ca\/fr\/produit\/sphere-commemorative-en-verre\/#primaryimage\"},\"thumbnailUrl\":\"https:\/\/www.noscopains.ca\/wp-content\/uploads\/2026\/03\/Memorial-Globe-2.png\",\"datePublished\":\"2026-03-30T16:18:04+00:00\",\"dateModified\":\"2026-03-30T16:34:40+00:00\",\"breadcrumb\":{\"@id\":\"https:\/\/www.noscopains.ca\/fr\/produit\/sphere-commemorative-en-verre\/#breadcrumb\"},\"inLanguage\":\"fr-FR\",\"potentialAction\":[{\"@type\":\"ReadAction\",\"target\":[\"https:\/\/www.noscopains.ca\/fr\/produit\/sphere-commemorative-en-verre\/\"]}]},{\"@type\":\"ImageObject\",\"inLanguage\":\"fr-FR\",\"@id\":\"https:\/\/www.noscopains.ca\/fr\/produit\/sphere-commemorative-en-verre\/#primaryimage\",\"url\":\"https:\/\/www.noscopains.ca\/wp-content\/uploads\/2026\/03\/Memorial-Globe-2.png\",\"contentUrl\":\"https:\/\/www.noscopains.ca\/wp-content\/uploads\/2026\/03\/Memorial-Globe-2.png\",\"width\":700,\"height\":467},{\"@type\":\"BreadcrumbList\",\"@id\":\"https:\/\/www.noscopains.ca\/fr\/produit\/sphere-commemorative-en-verre\/#breadcrumb\",\"itemListElement\":[{\"@type\":\"ListItem\",\"position\":1,\"name\":\"Accueil\",\"item\":\"https:\/\/www.noscopains.ca\/fr\/\"},{\"@type\":\"ListItem\",\"position\":2,\"name\":\"Shop\",\"item\":\"https:\/\/www.noscopains.ca\/?page_id=7777\"},{\"@type\":\"ListItem\",\"position\":3,\"name\":\"Sph\u00e8re comm\u00e9morative en verre\"}]},{\"@type\":\"WebSite\",\"@id\":\"https:\/\/www.noscopains.ca\/#website\",\"url\":\"https:\/\/www.noscopains.ca\/\",\"name\":\"Pet Friends\",\"description\":\"Pet Cremation Services\",\"potentialAction\":[{\"@type\":\"SearchAction\",\"target\":{\"@type\":\"EntryPoint\",\"urlTemplate\":\"https:\/\/www.noscopains.ca\/?s={search_term_string}\"},\"query-input\":{\"@type\":\"PropertyValueSpecification\",\"valueRequired\":true,\"valueName\":\"search_term_string\"}}],\"inLanguage\":\"fr-FR\"}]}<\/script>\n<!-- \/ Yoast SEO plugin. -->","yoast_head_json":{"title":"Sph\u00e8re comm\u00e9morative en verre - Pet Friends","robots":{"index":"index","follow":"follow","max-snippet":"max-snippet:-1","max-image-preview":"max-image-preview:large","max-video-preview":"max-video-preview:-1"},"canonical":"https:\/\/www.noscopains.ca\/fr\/produit\/sphere-commemorative-en-verre\/","twitter_misc":{"Dur\u00e9e de lecture estim\u00e9e":"1 minute"},"schema":{"@context":"https:\/\/schema.org","@graph":[{"@type":"WebPage","@id":"https:\/\/www.noscopains.ca\/fr\/produit\/sphere-commemorative-en-verre\/","url":"https:\/\/www.noscopains.ca\/fr\/produit\/sphere-commemorative-en-verre\/","name":"Sph\u00e8re comm\u00e9morative en verre - Pet Friends","isPartOf":{"@id":"https:\/\/www.noscopains.ca\/#website"},"primaryImageOfPage":{"@id":"https:\/\/www.noscopains.ca\/fr\/produit\/sphere-commemorative-en-verre\/#primaryimage"},"image":{"@id":"https:\/\/www.noscopains.ca\/fr\/produit\/sphere-commemorative-en-verre\/#primaryimage"},"thumbnailUrl":"https:\/\/www.noscopains.ca\/wp-content\/uploads\/2026\/03\/Memorial-Globe-2.png","datePublished":"2026-03-30T16:18:04+00:00","dateModified":"2026-03-30T16:34:40+00:00","breadcrumb":{"@id":"https:\/\/www.noscopains.ca\/fr\/produit\/sphere-commemorative-en-verre\/#breadcrumb"},"inLanguage":"fr-FR","potentialAction":[{"@type":"ReadAction","target":["https:\/\/www.noscopains.ca\/fr\/produit\/sphere-commemorative-en-verre\/"]}]},{"@type":"ImageObject","inLanguage":"fr-FR","@id":"https:\/\/www.noscopains.ca\/fr\/produit\/sphere-commemorative-en-verre\/#primaryimage","url":"https:\/\/www.noscopains.ca\/wp-content\/uploads\/2026\/03\/Memorial-Globe-2.png","contentUrl":"https:\/\/www.noscopains.ca\/wp-content\/uploads\/2026\/03\/Memorial-Globe-2.png","width":700,"height":467},{"@type":"BreadcrumbList","@id":"https:\/\/www.noscopains.ca\/fr\/produit\/sphere-commemorative-en-verre\/#breadcrumb","itemListElement":[{"@type":"ListItem","position":1,"name":"Accueil","item":"https:\/\/www.noscopains.ca\/fr\/"},{"@type":"ListItem","position":2,"name":"Shop","item":"https:\/\/www.noscopains.ca\/?page_id=7777"},{"@type":"ListItem","position":3,"name":"Sph\u00e8re comm\u00e9morative en verre"}]},{"@type":"WebSite","@id":"https:\/\/www.noscopains.ca\/#website","url":"https:\/\/www.noscopains.ca\/","name":"Pet Friends","description":"Pet Cremation Services","potentialAction":[{"@type":"SearchAction","target":{"@type":"EntryPoint","urlTemplate":"https:\/\/www.noscopains.ca\/?s={search_term_string}"},"query-input":{"@type":"PropertyValueSpecification","valueRequired":true,"valueName":"search_term_string"}}],"inLanguage":"fr-FR"}]}},"_links":{"self":[{"href":"https:\/\/www.noscopains.ca\/fr\/wp-json\/wp\/v2\/product\/10679","targetHints":{"allow":["GET"]}}],"collection":[{"href":"https:\/\/www.noscopains.ca\/fr\/wp-json\/wp\/v2\/product"}],"about":[{"href":"https:\/\/www.noscopains.ca\/fr\/wp-json\/wp\/v2\/types\/product"}],"replies":[{"embeddable":true,"href":"https:\/\/www.noscopains.ca\/fr\/wp-json\/wp\/v2\/comments?post=10679"}],"wp:featuredmedia":[{"embeddable":true,"href":"https:\/\/www.noscopains.ca\/fr\/wp-json\/wp\/v2\/media\/10665"}],"wp:attachment":[{"href":"https:\/\/www.noscopains.ca\/fr\/wp-json\/wp\/v2\/media?parent=10679"}],"wp:term":[{"taxonomy":"product_brand","embeddable":true,"href":"https:\/\/www.noscopains.ca\/fr\/wp-json\/wp\/v2\/product_brand?post=10679"},{"taxonomy":"product_cat","embeddable":true,"href":"https:\/\/www.noscopains.ca\/fr\/wp-json\/wp\/v2\/product_cat?post=10679"},{"taxonomy":"product_tag","embeddable":true,"href":"https:\/\/www.noscopains.ca\/fr\/wp-json\/wp\/v2\/product_tag?post=10679"}],"curies":[{"name":"wp","href":"https:\/\/api.w.org\/{rel}","templated":true}]}}