{"id":10618,"date":"2025-09-23T11:34:22","date_gmt":"2025-09-23T15:34:22","guid":{"rendered":"https:\/\/www.noscopains.ca\/?post_type=product&#038;p=10618"},"modified":"2025-09-23T11:34:22","modified_gmt":"2025-09-23T15:34:22","slug":"urne-en-ceramique-avec-silhouette-dos","status":"publish","type":"product","link":"https:\/\/www.noscopains.ca\/fr\/produit\/urne-en-ceramique-avec-silhouette-dos\/","title":{"rendered":"Urne en c\u00e9ramique avec silhouette d&rsquo;os"},"content":{"rendered":"","protected":false},"excerpt":{"rendered":"<p>Urne en c\u00e9ramique avec couvercle en li\u00e8ge, silhouette d&rsquo;os noir et surface textur\u00e9e neutre.<\/p>\n<p>Pour animaux jusqu&rsquo;\u00e0 25 livres.<\/p>\n<p>$65<\/p>\n","protected":false},"featured_media":10602,"comment_status":"closed","ping_status":"closed","template":"","meta":[],"product_brand":[],"product_cat":[134],"product_tag":[],"class_list":{"0":"post-10618","1":"product","2":"type-product","3":"status-publish","4":"has-post-thumbnail","6":"product_cat-urnes-de-ceramique","8":"first","9":"instock","10":"shipping-taxable","11":"product-type-simple"},"yoast_head":"<!-- This site is optimized with the Yoast SEO plugin v26.9 - https:\/\/yoast.com\/product\/yoast-seo-wordpress\/ -->\n<title>Urne en c\u00e9ramique avec silhouette d&#039;os - Pet Friends<\/title>\n<meta name=\"robots\" content=\"index, follow, max-snippet:-1, max-image-preview:large, max-video-preview:-1\" \/>\n<link rel=\"canonical\" href=\"https:\/\/www.noscopains.ca\/fr\/produit\/urne-en-ceramique-avec-silhouette-dos\/\" \/>\n<meta name=\"twitter:label1\" content=\"Dur\u00e9e de lecture estim\u00e9e\" \/>\n\t<meta name=\"twitter:data1\" content=\"1 minute\" \/>\n<script type=\"application\/ld+json\" class=\"yoast-schema-graph\">{\"@context\":\"https:\/\/schema.org\",\"@graph\":[{\"@type\":\"WebPage\",\"@id\":\"https:\/\/www.noscopains.ca\/fr\/produit\/urne-en-ceramique-avec-silhouette-dos\/\",\"url\":\"https:\/\/www.noscopains.ca\/fr\/produit\/urne-en-ceramique-avec-silhouette-dos\/\",\"name\":\"Urne en c\u00e9ramique avec silhouette d'os - Pet Friends\",\"isPartOf\":{\"@id\":\"https:\/\/www.noscopains.ca\/#website\"},\"primaryImageOfPage\":{\"@id\":\"https:\/\/www.noscopains.ca\/fr\/produit\/urne-en-ceramique-avec-silhouette-dos\/#primaryimage\"},\"image\":{\"@id\":\"https:\/\/www.noscopains.ca\/fr\/produit\/urne-en-ceramique-avec-silhouette-dos\/#primaryimage\"},\"thumbnailUrl\":\"https:\/\/www.noscopains.ca\/wp-content\/uploads\/2025\/09\/bone-urn-website-1.png\",\"datePublished\":\"2025-09-23T15:34:22+00:00\",\"breadcrumb\":{\"@id\":\"https:\/\/www.noscopains.ca\/fr\/produit\/urne-en-ceramique-avec-silhouette-dos\/#breadcrumb\"},\"inLanguage\":\"fr-FR\",\"potentialAction\":[{\"@type\":\"ReadAction\",\"target\":[\"https:\/\/www.noscopains.ca\/fr\/produit\/urne-en-ceramique-avec-silhouette-dos\/\"]}]},{\"@type\":\"ImageObject\",\"inLanguage\":\"fr-FR\",\"@id\":\"https:\/\/www.noscopains.ca\/fr\/produit\/urne-en-ceramique-avec-silhouette-dos\/#primaryimage\",\"url\":\"https:\/\/www.noscopains.ca\/wp-content\/uploads\/2025\/09\/bone-urn-website-1.png\",\"contentUrl\":\"https:\/\/www.noscopains.ca\/wp-content\/uploads\/2025\/09\/bone-urn-website-1.png\",\"width\":700,\"height\":467},{\"@type\":\"BreadcrumbList\",\"@id\":\"https:\/\/www.noscopains.ca\/fr\/produit\/urne-en-ceramique-avec-silhouette-dos\/#breadcrumb\",\"itemListElement\":[{\"@type\":\"ListItem\",\"position\":1,\"name\":\"Accueil\",\"item\":\"https:\/\/www.noscopains.ca\/fr\/\"},{\"@type\":\"ListItem\",\"position\":2,\"name\":\"Shop\",\"item\":\"https:\/\/www.noscopains.ca\/?page_id=7777\"},{\"@type\":\"ListItem\",\"position\":3,\"name\":\"Urne en c\u00e9ramique avec silhouette d&#8217;os\"}]},{\"@type\":\"WebSite\",\"@id\":\"https:\/\/www.noscopains.ca\/#website\",\"url\":\"https:\/\/www.noscopains.ca\/\",\"name\":\"Pet Friends\",\"description\":\"Pet Cremation Services\",\"potentialAction\":[{\"@type\":\"SearchAction\",\"target\":{\"@type\":\"EntryPoint\",\"urlTemplate\":\"https:\/\/www.noscopains.ca\/?s={search_term_string}\"},\"query-input\":{\"@type\":\"PropertyValueSpecification\",\"valueRequired\":true,\"valueName\":\"search_term_string\"}}],\"inLanguage\":\"fr-FR\"}]}<\/script>\n<!-- \/ Yoast SEO plugin. -->","yoast_head_json":{"title":"Urne en c\u00e9ramique avec silhouette d'os - Pet Friends","robots":{"index":"index","follow":"follow","max-snippet":"max-snippet:-1","max-image-preview":"max-image-preview:large","max-video-preview":"max-video-preview:-1"},"canonical":"https:\/\/www.noscopains.ca\/fr\/produit\/urne-en-ceramique-avec-silhouette-dos\/","twitter_misc":{"Dur\u00e9e de lecture estim\u00e9e":"1 minute"},"schema":{"@context":"https:\/\/schema.org","@graph":[{"@type":"WebPage","@id":"https:\/\/www.noscopains.ca\/fr\/produit\/urne-en-ceramique-avec-silhouette-dos\/","url":"https:\/\/www.noscopains.ca\/fr\/produit\/urne-en-ceramique-avec-silhouette-dos\/","name":"Urne en c\u00e9ramique avec silhouette d'os - Pet Friends","isPartOf":{"@id":"https:\/\/www.noscopains.ca\/#website"},"primaryImageOfPage":{"@id":"https:\/\/www.noscopains.ca\/fr\/produit\/urne-en-ceramique-avec-silhouette-dos\/#primaryimage"},"image":{"@id":"https:\/\/www.noscopains.ca\/fr\/produit\/urne-en-ceramique-avec-silhouette-dos\/#primaryimage"},"thumbnailUrl":"https:\/\/www.noscopains.ca\/wp-content\/uploads\/2025\/09\/bone-urn-website-1.png","datePublished":"2025-09-23T15:34:22+00:00","breadcrumb":{"@id":"https:\/\/www.noscopains.ca\/fr\/produit\/urne-en-ceramique-avec-silhouette-dos\/#breadcrumb"},"inLanguage":"fr-FR","potentialAction":[{"@type":"ReadAction","target":["https:\/\/www.noscopains.ca\/fr\/produit\/urne-en-ceramique-avec-silhouette-dos\/"]}]},{"@type":"ImageObject","inLanguage":"fr-FR","@id":"https:\/\/www.noscopains.ca\/fr\/produit\/urne-en-ceramique-avec-silhouette-dos\/#primaryimage","url":"https:\/\/www.noscopains.ca\/wp-content\/uploads\/2025\/09\/bone-urn-website-1.png","contentUrl":"https:\/\/www.noscopains.ca\/wp-content\/uploads\/2025\/09\/bone-urn-website-1.png","width":700,"height":467},{"@type":"BreadcrumbList","@id":"https:\/\/www.noscopains.ca\/fr\/produit\/urne-en-ceramique-avec-silhouette-dos\/#breadcrumb","itemListElement":[{"@type":"ListItem","position":1,"name":"Accueil","item":"https:\/\/www.noscopains.ca\/fr\/"},{"@type":"ListItem","position":2,"name":"Shop","item":"https:\/\/www.noscopains.ca\/?page_id=7777"},{"@type":"ListItem","position":3,"name":"Urne en c\u00e9ramique avec silhouette d&#8217;os"}]},{"@type":"WebSite","@id":"https:\/\/www.noscopains.ca\/#website","url":"https:\/\/www.noscopains.ca\/","name":"Pet Friends","description":"Pet Cremation Services","potentialAction":[{"@type":"SearchAction","target":{"@type":"EntryPoint","urlTemplate":"https:\/\/www.noscopains.ca\/?s={search_term_string}"},"query-input":{"@type":"PropertyValueSpecification","valueRequired":true,"valueName":"search_term_string"}}],"inLanguage":"fr-FR"}]}},"_links":{"self":[{"href":"https:\/\/www.noscopains.ca\/fr\/wp-json\/wp\/v2\/product\/10618","targetHints":{"allow":["GET"]}}],"collection":[{"href":"https:\/\/www.noscopains.ca\/fr\/wp-json\/wp\/v2\/product"}],"about":[{"href":"https:\/\/www.noscopains.ca\/fr\/wp-json\/wp\/v2\/types\/product"}],"replies":[{"embeddable":true,"href":"https:\/\/www.noscopains.ca\/fr\/wp-json\/wp\/v2\/comments?post=10618"}],"wp:featuredmedia":[{"embeddable":true,"href":"https:\/\/www.noscopains.ca\/fr\/wp-json\/wp\/v2\/media\/10602"}],"wp:attachment":[{"href":"https:\/\/www.noscopains.ca\/fr\/wp-json\/wp\/v2\/media?parent=10618"}],"wp:term":[{"taxonomy":"product_brand","embeddable":true,"href":"https:\/\/www.noscopains.ca\/fr\/wp-json\/wp\/v2\/product_brand?post=10618"},{"taxonomy":"product_cat","embeddable":true,"href":"https:\/\/www.noscopains.ca\/fr\/wp-json\/wp\/v2\/product_cat?post=10618"},{"taxonomy":"product_tag","embeddable":true,"href":"https:\/\/www.noscopains.ca\/fr\/wp-json\/wp\/v2\/product_tag?post=10618"}],"curies":[{"name":"wp","href":"https:\/\/api.w.org\/{rel}","templated":true}]}}