{"id":10320,"date":"2024-11-08T14:31:01","date_gmt":"2024-11-08T19:31:01","guid":{"rendered":"https:\/\/www.noscopains.ca\/?post_type=product&#038;p=10320"},"modified":"2024-11-08T14:31:01","modified_gmt":"2024-11-08T19:31:01","slug":"boitier-cadre-commemoratif","status":"publish","type":"product","link":"https:\/\/www.noscopains.ca\/fr\/produit\/boitier-cadre-commemoratif\/","title":{"rendered":"Bo\u00eetier cadre comm\u00e9moratif"},"content":{"rendered":"<div>Cr\u00e9ez un hommage sinc\u00e8re \u00e0 votre animal de compagnie bien-aim\u00e9 avec une bo\u00eete\/cadre comm\u00e9morative. Un pr\u00e9sentoir personnalis\u00e9 contenant les cendres de votre animal, un m\u00e9daillon personnalis\u00e9, une photo, une m\u00e8che\u00a0de poils et une empreinte de patte d\u2019argile. Choix de cadre blanc ou noir.<\/div>\n<div><\/div>\n<div>Taille : 8&Prime; x 10&Prime; x 2 \u00ab\u00a0<\/div>\n<div><\/div>\n<div>Pour les animaux de compagnie jusqu\u2019\u00e0 20 lb.<\/div>\n<div><\/div>\n<div>Prix : 155 $<\/div>\n","protected":false},"excerpt":{"rendered":"<p>Cr\u00e9ez un hommage sinc\u00e8re \u00e0 votre animal de compagnie bien-aim\u00e9 avec une bo\u00eete\/cadre comm\u00e9morative. Un pr\u00e9sentoir personnalis\u00e9 contenant les cendres de [&hellip;]<\/p>\n","protected":false},"featured_media":10316,"comment_status":"closed","ping_status":"closed","template":"","meta":[],"product_brand":[],"product_cat":[146],"product_tag":[],"class_list":{"0":"post-10320","1":"product","2":"type-product","3":"status-publish","4":"has-post-thumbnail","6":"product_cat-empreinte-de-patte","8":"first","9":"instock","10":"shipping-taxable","11":"product-type-simple"},"yoast_head":"<!-- This site is optimized with the Yoast SEO plugin v26.9 - https:\/\/yoast.com\/product\/yoast-seo-wordpress\/ -->\n<title>Bo\u00eetier cadre comm\u00e9moratif - Pet Friends<\/title>\n<meta name=\"robots\" content=\"index, follow, max-snippet:-1, max-image-preview:large, max-video-preview:-1\" \/>\n<link rel=\"canonical\" href=\"https:\/\/www.noscopains.ca\/fr\/produit\/boitier-cadre-commemoratif\/\" \/>\n<meta name=\"twitter:label1\" content=\"Dur\u00e9e de lecture estim\u00e9e\" \/>\n\t<meta name=\"twitter:data1\" content=\"1 minute\" \/>\n<script type=\"application\/ld+json\" class=\"yoast-schema-graph\">{\"@context\":\"https:\/\/schema.org\",\"@graph\":[{\"@type\":\"WebPage\",\"@id\":\"https:\/\/www.noscopains.ca\/fr\/produit\/boitier-cadre-commemoratif\/\",\"url\":\"https:\/\/www.noscopains.ca\/fr\/produit\/boitier-cadre-commemoratif\/\",\"name\":\"Bo\u00eetier cadre comm\u00e9moratif - Pet Friends\",\"isPartOf\":{\"@id\":\"https:\/\/www.noscopains.ca\/#website\"},\"primaryImageOfPage\":{\"@id\":\"https:\/\/www.noscopains.ca\/fr\/produit\/boitier-cadre-commemoratif\/#primaryimage\"},\"image\":{\"@id\":\"https:\/\/www.noscopains.ca\/fr\/produit\/boitier-cadre-commemoratif\/#primaryimage\"},\"thumbnailUrl\":\"https:\/\/www.noscopains.ca\/wp-content\/uploads\/2024\/11\/Cremains-SB.png\",\"datePublished\":\"2024-11-08T19:31:01+00:00\",\"breadcrumb\":{\"@id\":\"https:\/\/www.noscopains.ca\/fr\/produit\/boitier-cadre-commemoratif\/#breadcrumb\"},\"inLanguage\":\"fr-FR\",\"potentialAction\":[{\"@type\":\"ReadAction\",\"target\":[\"https:\/\/www.noscopains.ca\/fr\/produit\/boitier-cadre-commemoratif\/\"]}]},{\"@type\":\"ImageObject\",\"inLanguage\":\"fr-FR\",\"@id\":\"https:\/\/www.noscopains.ca\/fr\/produit\/boitier-cadre-commemoratif\/#primaryimage\",\"url\":\"https:\/\/www.noscopains.ca\/wp-content\/uploads\/2024\/11\/Cremains-SB.png\",\"contentUrl\":\"https:\/\/www.noscopains.ca\/wp-content\/uploads\/2024\/11\/Cremains-SB.png\",\"width\":700,\"height\":467},{\"@type\":\"BreadcrumbList\",\"@id\":\"https:\/\/www.noscopains.ca\/fr\/produit\/boitier-cadre-commemoratif\/#breadcrumb\",\"itemListElement\":[{\"@type\":\"ListItem\",\"position\":1,\"name\":\"Accueil\",\"item\":\"https:\/\/www.noscopains.ca\/fr\/\"},{\"@type\":\"ListItem\",\"position\":2,\"name\":\"Shop\",\"item\":\"https:\/\/www.noscopains.ca\/?page_id=7777\"},{\"@type\":\"ListItem\",\"position\":3,\"name\":\"Bo\u00eetier cadre comm\u00e9moratif\"}]},{\"@type\":\"WebSite\",\"@id\":\"https:\/\/www.noscopains.ca\/#website\",\"url\":\"https:\/\/www.noscopains.ca\/\",\"name\":\"Pet Friends\",\"description\":\"Pet Cremation Services\",\"potentialAction\":[{\"@type\":\"SearchAction\",\"target\":{\"@type\":\"EntryPoint\",\"urlTemplate\":\"https:\/\/www.noscopains.ca\/?s={search_term_string}\"},\"query-input\":{\"@type\":\"PropertyValueSpecification\",\"valueRequired\":true,\"valueName\":\"search_term_string\"}}],\"inLanguage\":\"fr-FR\"}]}<\/script>\n<!-- \/ Yoast SEO plugin. -->","yoast_head_json":{"title":"Bo\u00eetier cadre comm\u00e9moratif - Pet Friends","robots":{"index":"index","follow":"follow","max-snippet":"max-snippet:-1","max-image-preview":"max-image-preview:large","max-video-preview":"max-video-preview:-1"},"canonical":"https:\/\/www.noscopains.ca\/fr\/produit\/boitier-cadre-commemoratif\/","twitter_misc":{"Dur\u00e9e de lecture estim\u00e9e":"1 minute"},"schema":{"@context":"https:\/\/schema.org","@graph":[{"@type":"WebPage","@id":"https:\/\/www.noscopains.ca\/fr\/produit\/boitier-cadre-commemoratif\/","url":"https:\/\/www.noscopains.ca\/fr\/produit\/boitier-cadre-commemoratif\/","name":"Bo\u00eetier cadre comm\u00e9moratif - Pet Friends","isPartOf":{"@id":"https:\/\/www.noscopains.ca\/#website"},"primaryImageOfPage":{"@id":"https:\/\/www.noscopains.ca\/fr\/produit\/boitier-cadre-commemoratif\/#primaryimage"},"image":{"@id":"https:\/\/www.noscopains.ca\/fr\/produit\/boitier-cadre-commemoratif\/#primaryimage"},"thumbnailUrl":"https:\/\/www.noscopains.ca\/wp-content\/uploads\/2024\/11\/Cremains-SB.png","datePublished":"2024-11-08T19:31:01+00:00","breadcrumb":{"@id":"https:\/\/www.noscopains.ca\/fr\/produit\/boitier-cadre-commemoratif\/#breadcrumb"},"inLanguage":"fr-FR","potentialAction":[{"@type":"ReadAction","target":["https:\/\/www.noscopains.ca\/fr\/produit\/boitier-cadre-commemoratif\/"]}]},{"@type":"ImageObject","inLanguage":"fr-FR","@id":"https:\/\/www.noscopains.ca\/fr\/produit\/boitier-cadre-commemoratif\/#primaryimage","url":"https:\/\/www.noscopains.ca\/wp-content\/uploads\/2024\/11\/Cremains-SB.png","contentUrl":"https:\/\/www.noscopains.ca\/wp-content\/uploads\/2024\/11\/Cremains-SB.png","width":700,"height":467},{"@type":"BreadcrumbList","@id":"https:\/\/www.noscopains.ca\/fr\/produit\/boitier-cadre-commemoratif\/#breadcrumb","itemListElement":[{"@type":"ListItem","position":1,"name":"Accueil","item":"https:\/\/www.noscopains.ca\/fr\/"},{"@type":"ListItem","position":2,"name":"Shop","item":"https:\/\/www.noscopains.ca\/?page_id=7777"},{"@type":"ListItem","position":3,"name":"Bo\u00eetier cadre comm\u00e9moratif"}]},{"@type":"WebSite","@id":"https:\/\/www.noscopains.ca\/#website","url":"https:\/\/www.noscopains.ca\/","name":"Pet Friends","description":"Pet Cremation Services","potentialAction":[{"@type":"SearchAction","target":{"@type":"EntryPoint","urlTemplate":"https:\/\/www.noscopains.ca\/?s={search_term_string}"},"query-input":{"@type":"PropertyValueSpecification","valueRequired":true,"valueName":"search_term_string"}}],"inLanguage":"fr-FR"}]}},"_links":{"self":[{"href":"https:\/\/www.noscopains.ca\/fr\/wp-json\/wp\/v2\/product\/10320","targetHints":{"allow":["GET"]}}],"collection":[{"href":"https:\/\/www.noscopains.ca\/fr\/wp-json\/wp\/v2\/product"}],"about":[{"href":"https:\/\/www.noscopains.ca\/fr\/wp-json\/wp\/v2\/types\/product"}],"replies":[{"embeddable":true,"href":"https:\/\/www.noscopains.ca\/fr\/wp-json\/wp\/v2\/comments?post=10320"}],"wp:featuredmedia":[{"embeddable":true,"href":"https:\/\/www.noscopains.ca\/fr\/wp-json\/wp\/v2\/media\/10316"}],"wp:attachment":[{"href":"https:\/\/www.noscopains.ca\/fr\/wp-json\/wp\/v2\/media?parent=10320"}],"wp:term":[{"taxonomy":"product_brand","embeddable":true,"href":"https:\/\/www.noscopains.ca\/fr\/wp-json\/wp\/v2\/product_brand?post=10320"},{"taxonomy":"product_cat","embeddable":true,"href":"https:\/\/www.noscopains.ca\/fr\/wp-json\/wp\/v2\/product_cat?post=10320"},{"taxonomy":"product_tag","embeddable":true,"href":"https:\/\/www.noscopains.ca\/fr\/wp-json\/wp\/v2\/product_tag?post=10320"}],"curies":[{"name":"wp","href":"https:\/\/api.w.org\/{rel}","templated":true}]}}