{"id":10286,"date":"2025-01-31T13:03:18","date_gmt":"2025-01-31T18:03:18","guid":{"rendered":"https:\/\/www.noscopains.ca\/?post_type=product&#038;p=10286"},"modified":"2025-09-23T11:12:55","modified_gmt":"2025-09-23T15:12:55","slug":"urne-en-erable-avec-detail-en-noyer-noir","status":"publish","type":"product","link":"https:\/\/www.noscopains.ca\/fr\/produit\/urne-en-erable-avec-detail-en-noyer-noir\/","title":{"rendered":"Urne en \u00e9rable avec d\u00e9tail en noyer noir"},"content":{"rendered":"<p>Bois franc massif. \u00c9rable avec couvercle et base en noyer noir. Fait \u00e0 la main (avec amour !) par l\u2019\u00e9b\u00e9niste local. Coins de joint de bo\u00eete. Profil de bord chanfrein\u00e9 sur le couvercle et la base. La conception de la base cr\u00e9e une ligne d\u2019ombre qui donne l\u2019impression que l\u2019urne est sur\u00e9lev\u00e9e.<\/p>\n<p>Petit : 6&Prime;x 4&Prime; x 5&Prime; (pour les animaux de compagnie jusqu\u2019\u00e0 50 lb)<\/p>\n<p>190 $<\/p>\n<p>Produit de finition \u00e0 l\u2019huile\/cire non toxique, sans solvant, sans danger pour les aliments et les animaux de compagnie. Contient des inhibiteurs d\u2019UV \u2013 cr\u00e8me solaire pour votre bois !<\/p>\n","protected":false},"excerpt":{"rendered":"<p>Bois franc massif. \u00c9rable avec couvercle et base en noyer noir. Fait \u00e0 la main (avec amour !) par l\u2019\u00e9b\u00e9niste local. [&hellip;]<\/p>\n","protected":false},"featured_media":10267,"comment_status":"closed","ping_status":"closed","template":"","meta":[],"product_brand":[],"product_cat":[137],"product_tag":[],"class_list":{"0":"post-10286","1":"product","2":"type-product","3":"status-publish","4":"has-post-thumbnail","6":"product_cat-urnes-de-bois","8":"first","9":"instock","10":"shipping-taxable","11":"product-type-simple"},"yoast_head":"<!-- This site is optimized with the Yoast SEO plugin v26.9 - https:\/\/yoast.com\/product\/yoast-seo-wordpress\/ -->\n<title>Urne en \u00e9rable avec d\u00e9tail en noyer noir - Pet Friends<\/title>\n<meta name=\"robots\" content=\"index, follow, max-snippet:-1, max-image-preview:large, max-video-preview:-1\" \/>\n<link rel=\"canonical\" href=\"https:\/\/www.noscopains.ca\/fr\/produit\/urne-en-erable-avec-detail-en-noyer-noir\/\" \/>\n<meta name=\"twitter:label1\" content=\"Dur\u00e9e de lecture estim\u00e9e\" \/>\n\t<meta name=\"twitter:data1\" content=\"1 minute\" \/>\n<script type=\"application\/ld+json\" class=\"yoast-schema-graph\">{\"@context\":\"https:\/\/schema.org\",\"@graph\":[{\"@type\":\"WebPage\",\"@id\":\"https:\/\/www.noscopains.ca\/fr\/produit\/urne-en-erable-avec-detail-en-noyer-noir\/\",\"url\":\"https:\/\/www.noscopains.ca\/fr\/produit\/urne-en-erable-avec-detail-en-noyer-noir\/\",\"name\":\"Urne en \u00e9rable avec d\u00e9tail en noyer noir - Pet Friends\",\"isPartOf\":{\"@id\":\"https:\/\/www.noscopains.ca\/#website\"},\"primaryImageOfPage\":{\"@id\":\"https:\/\/www.noscopains.ca\/fr\/produit\/urne-en-erable-avec-detail-en-noyer-noir\/#primaryimage\"},\"image\":{\"@id\":\"https:\/\/www.noscopains.ca\/fr\/produit\/urne-en-erable-avec-detail-en-noyer-noir\/#primaryimage\"},\"thumbnailUrl\":\"https:\/\/www.noscopains.ca\/wp-content\/uploads\/2024\/07\/Untitled-design-2024-07-15T123833.667.png\",\"datePublished\":\"2025-01-31T18:03:18+00:00\",\"dateModified\":\"2025-09-23T15:12:55+00:00\",\"breadcrumb\":{\"@id\":\"https:\/\/www.noscopains.ca\/fr\/produit\/urne-en-erable-avec-detail-en-noyer-noir\/#breadcrumb\"},\"inLanguage\":\"fr-FR\",\"potentialAction\":[{\"@type\":\"ReadAction\",\"target\":[\"https:\/\/www.noscopains.ca\/fr\/produit\/urne-en-erable-avec-detail-en-noyer-noir\/\"]}]},{\"@type\":\"ImageObject\",\"inLanguage\":\"fr-FR\",\"@id\":\"https:\/\/www.noscopains.ca\/fr\/produit\/urne-en-erable-avec-detail-en-noyer-noir\/#primaryimage\",\"url\":\"https:\/\/www.noscopains.ca\/wp-content\/uploads\/2024\/07\/Untitled-design-2024-07-15T123833.667.png\",\"contentUrl\":\"https:\/\/www.noscopains.ca\/wp-content\/uploads\/2024\/07\/Untitled-design-2024-07-15T123833.667.png\",\"width\":700,\"height\":467},{\"@type\":\"BreadcrumbList\",\"@id\":\"https:\/\/www.noscopains.ca\/fr\/produit\/urne-en-erable-avec-detail-en-noyer-noir\/#breadcrumb\",\"itemListElement\":[{\"@type\":\"ListItem\",\"position\":1,\"name\":\"Accueil\",\"item\":\"https:\/\/www.noscopains.ca\/fr\/\"},{\"@type\":\"ListItem\",\"position\":2,\"name\":\"Shop\",\"item\":\"https:\/\/www.noscopains.ca\/?page_id=7777\"},{\"@type\":\"ListItem\",\"position\":3,\"name\":\"Urne en \u00e9rable avec d\u00e9tail en noyer noir\"}]},{\"@type\":\"WebSite\",\"@id\":\"https:\/\/www.noscopains.ca\/#website\",\"url\":\"https:\/\/www.noscopains.ca\/\",\"name\":\"Pet Friends\",\"description\":\"Pet Cremation Services\",\"potentialAction\":[{\"@type\":\"SearchAction\",\"target\":{\"@type\":\"EntryPoint\",\"urlTemplate\":\"https:\/\/www.noscopains.ca\/?s={search_term_string}\"},\"query-input\":{\"@type\":\"PropertyValueSpecification\",\"valueRequired\":true,\"valueName\":\"search_term_string\"}}],\"inLanguage\":\"fr-FR\"}]}<\/script>\n<!-- \/ Yoast SEO plugin. -->","yoast_head_json":{"title":"Urne en \u00e9rable avec d\u00e9tail en noyer noir - Pet Friends","robots":{"index":"index","follow":"follow","max-snippet":"max-snippet:-1","max-image-preview":"max-image-preview:large","max-video-preview":"max-video-preview:-1"},"canonical":"https:\/\/www.noscopains.ca\/fr\/produit\/urne-en-erable-avec-detail-en-noyer-noir\/","twitter_misc":{"Dur\u00e9e de lecture estim\u00e9e":"1 minute"},"schema":{"@context":"https:\/\/schema.org","@graph":[{"@type":"WebPage","@id":"https:\/\/www.noscopains.ca\/fr\/produit\/urne-en-erable-avec-detail-en-noyer-noir\/","url":"https:\/\/www.noscopains.ca\/fr\/produit\/urne-en-erable-avec-detail-en-noyer-noir\/","name":"Urne en \u00e9rable avec d\u00e9tail en noyer noir - Pet Friends","isPartOf":{"@id":"https:\/\/www.noscopains.ca\/#website"},"primaryImageOfPage":{"@id":"https:\/\/www.noscopains.ca\/fr\/produit\/urne-en-erable-avec-detail-en-noyer-noir\/#primaryimage"},"image":{"@id":"https:\/\/www.noscopains.ca\/fr\/produit\/urne-en-erable-avec-detail-en-noyer-noir\/#primaryimage"},"thumbnailUrl":"https:\/\/www.noscopains.ca\/wp-content\/uploads\/2024\/07\/Untitled-design-2024-07-15T123833.667.png","datePublished":"2025-01-31T18:03:18+00:00","dateModified":"2025-09-23T15:12:55+00:00","breadcrumb":{"@id":"https:\/\/www.noscopains.ca\/fr\/produit\/urne-en-erable-avec-detail-en-noyer-noir\/#breadcrumb"},"inLanguage":"fr-FR","potentialAction":[{"@type":"ReadAction","target":["https:\/\/www.noscopains.ca\/fr\/produit\/urne-en-erable-avec-detail-en-noyer-noir\/"]}]},{"@type":"ImageObject","inLanguage":"fr-FR","@id":"https:\/\/www.noscopains.ca\/fr\/produit\/urne-en-erable-avec-detail-en-noyer-noir\/#primaryimage","url":"https:\/\/www.noscopains.ca\/wp-content\/uploads\/2024\/07\/Untitled-design-2024-07-15T123833.667.png","contentUrl":"https:\/\/www.noscopains.ca\/wp-content\/uploads\/2024\/07\/Untitled-design-2024-07-15T123833.667.png","width":700,"height":467},{"@type":"BreadcrumbList","@id":"https:\/\/www.noscopains.ca\/fr\/produit\/urne-en-erable-avec-detail-en-noyer-noir\/#breadcrumb","itemListElement":[{"@type":"ListItem","position":1,"name":"Accueil","item":"https:\/\/www.noscopains.ca\/fr\/"},{"@type":"ListItem","position":2,"name":"Shop","item":"https:\/\/www.noscopains.ca\/?page_id=7777"},{"@type":"ListItem","position":3,"name":"Urne en \u00e9rable avec d\u00e9tail en noyer noir"}]},{"@type":"WebSite","@id":"https:\/\/www.noscopains.ca\/#website","url":"https:\/\/www.noscopains.ca\/","name":"Pet Friends","description":"Pet Cremation Services","potentialAction":[{"@type":"SearchAction","target":{"@type":"EntryPoint","urlTemplate":"https:\/\/www.noscopains.ca\/?s={search_term_string}"},"query-input":{"@type":"PropertyValueSpecification","valueRequired":true,"valueName":"search_term_string"}}],"inLanguage":"fr-FR"}]}},"_links":{"self":[{"href":"https:\/\/www.noscopains.ca\/fr\/wp-json\/wp\/v2\/product\/10286","targetHints":{"allow":["GET"]}}],"collection":[{"href":"https:\/\/www.noscopains.ca\/fr\/wp-json\/wp\/v2\/product"}],"about":[{"href":"https:\/\/www.noscopains.ca\/fr\/wp-json\/wp\/v2\/types\/product"}],"replies":[{"embeddable":true,"href":"https:\/\/www.noscopains.ca\/fr\/wp-json\/wp\/v2\/comments?post=10286"}],"wp:featuredmedia":[{"embeddable":true,"href":"https:\/\/www.noscopains.ca\/fr\/wp-json\/wp\/v2\/media\/10267"}],"wp:attachment":[{"href":"https:\/\/www.noscopains.ca\/fr\/wp-json\/wp\/v2\/media?parent=10286"}],"wp:term":[{"taxonomy":"product_brand","embeddable":true,"href":"https:\/\/www.noscopains.ca\/fr\/wp-json\/wp\/v2\/product_brand?post=10286"},{"taxonomy":"product_cat","embeddable":true,"href":"https:\/\/www.noscopains.ca\/fr\/wp-json\/wp\/v2\/product_cat?post=10286"},{"taxonomy":"product_tag","embeddable":true,"href":"https:\/\/www.noscopains.ca\/fr\/wp-json\/wp\/v2\/product_tag?post=10286"}],"curies":[{"name":"wp","href":"https:\/\/api.w.org\/{rel}","templated":true}]}}