{"id":10285,"date":"2024-07-18T15:12:27","date_gmt":"2024-07-18T19:12:27","guid":{"rendered":"https:\/\/www.noscopains.ca\/?post_type=product&#038;p=10285"},"modified":"2024-07-18T15:12:27","modified_gmt":"2024-07-18T19:12:27","slug":"coffret-en-peuplier","status":"publish","type":"product","link":"https:\/\/www.noscopains.ca\/fr\/produit\/coffret-en-peuplier\/","title":{"rendered":"Coffret en peuplier"},"content":{"rendered":"<div>Fait \u00e0 la main (avec amour !) par l\u2019\u00e9b\u00e9niste local. Peuplier massif, charni\u00e8res en acier noir et loquet en acier inoxydable noir, avec literie Sherpa sur mesure. Menuiserie \u00e0 tenon et mortaise &lsquo;Domino&rsquo;, Couvercle \u00e0 charni\u00e8re, Poign\u00e9es lat\u00e9rales, Loquet \u00e0 bascule \u00e0 ressort.<\/div>\n<div><\/div>\n<div>Taille:<\/div>\n<div>26&Prime; x 16&Prime; x 14&Prime; (Pour les animaux de compagnie jusqu\u2019\u00e0 60 lb)<\/div>\n<div><\/div>\n<div><\/div>\n<div>800 $<\/div>\n<div><\/div>\n<div>Produit de finition huile\/cire non toxique, sans solvant, sans danger pour les aliments et les animaux de compagnie.<\/div>\n<div>Il contient des inhibiteurs d\u2019UV \u2013 de la cr\u00e8me solaire pour votre bois !<\/div>\n","protected":false},"excerpt":{"rendered":"<p>Fait \u00e0 la main (avec amour !) par l\u2019\u00e9b\u00e9niste local. Peuplier massif, charni\u00e8res en acier noir et loquet en acier inoxydable [&hellip;]<\/p>\n","protected":false},"featured_media":10247,"comment_status":"closed","ping_status":"closed","template":"","meta":[],"product_brand":[],"product_cat":[133],"product_tag":[],"class_list":{"0":"post-10285","1":"product","2":"type-product","3":"status-publish","4":"has-post-thumbnail","6":"product_cat-produits-funeraires","8":"first","9":"instock","10":"shipping-taxable","11":"product-type-simple"},"yoast_head":"<!-- This site is optimized with the Yoast SEO plugin v26.9 - https:\/\/yoast.com\/product\/yoast-seo-wordpress\/ -->\n<title>Coffret en peuplier - Pet Friends<\/title>\n<meta name=\"robots\" content=\"index, follow, max-snippet:-1, max-image-preview:large, max-video-preview:-1\" \/>\n<link rel=\"canonical\" href=\"https:\/\/www.noscopains.ca\/fr\/produit\/coffret-en-peuplier\/\" \/>\n<meta name=\"twitter:label1\" content=\"Dur\u00e9e de lecture estim\u00e9e\" \/>\n\t<meta name=\"twitter:data1\" content=\"1 minute\" \/>\n<script type=\"application\/ld+json\" class=\"yoast-schema-graph\">{\"@context\":\"https:\/\/schema.org\",\"@graph\":[{\"@type\":\"WebPage\",\"@id\":\"https:\/\/www.noscopains.ca\/fr\/produit\/coffret-en-peuplier\/\",\"url\":\"https:\/\/www.noscopains.ca\/fr\/produit\/coffret-en-peuplier\/\",\"name\":\"Coffret en peuplier - Pet Friends\",\"isPartOf\":{\"@id\":\"https:\/\/www.noscopains.ca\/#website\"},\"primaryImageOfPage\":{\"@id\":\"https:\/\/www.noscopains.ca\/fr\/produit\/coffret-en-peuplier\/#primaryimage\"},\"image\":{\"@id\":\"https:\/\/www.noscopains.ca\/fr\/produit\/coffret-en-peuplier\/#primaryimage\"},\"thumbnailUrl\":\"https:\/\/www.noscopains.ca\/wp-content\/uploads\/2024\/06\/Untitled-design-2024-06-07T112540.414.png\",\"datePublished\":\"2024-07-18T19:12:27+00:00\",\"breadcrumb\":{\"@id\":\"https:\/\/www.noscopains.ca\/fr\/produit\/coffret-en-peuplier\/#breadcrumb\"},\"inLanguage\":\"fr-FR\",\"potentialAction\":[{\"@type\":\"ReadAction\",\"target\":[\"https:\/\/www.noscopains.ca\/fr\/produit\/coffret-en-peuplier\/\"]}]},{\"@type\":\"ImageObject\",\"inLanguage\":\"fr-FR\",\"@id\":\"https:\/\/www.noscopains.ca\/fr\/produit\/coffret-en-peuplier\/#primaryimage\",\"url\":\"https:\/\/www.noscopains.ca\/wp-content\/uploads\/2024\/06\/Untitled-design-2024-06-07T112540.414.png\",\"contentUrl\":\"https:\/\/www.noscopains.ca\/wp-content\/uploads\/2024\/06\/Untitled-design-2024-06-07T112540.414.png\",\"width\":700,\"height\":467},{\"@type\":\"BreadcrumbList\",\"@id\":\"https:\/\/www.noscopains.ca\/fr\/produit\/coffret-en-peuplier\/#breadcrumb\",\"itemListElement\":[{\"@type\":\"ListItem\",\"position\":1,\"name\":\"Accueil\",\"item\":\"https:\/\/www.noscopains.ca\/fr\/\"},{\"@type\":\"ListItem\",\"position\":2,\"name\":\"Shop\",\"item\":\"https:\/\/www.noscopains.ca\/?page_id=7777\"},{\"@type\":\"ListItem\",\"position\":3,\"name\":\"Coffret en peuplier\"}]},{\"@type\":\"WebSite\",\"@id\":\"https:\/\/www.noscopains.ca\/#website\",\"url\":\"https:\/\/www.noscopains.ca\/\",\"name\":\"Pet Friends\",\"description\":\"Pet Cremation Services\",\"potentialAction\":[{\"@type\":\"SearchAction\",\"target\":{\"@type\":\"EntryPoint\",\"urlTemplate\":\"https:\/\/www.noscopains.ca\/?s={search_term_string}\"},\"query-input\":{\"@type\":\"PropertyValueSpecification\",\"valueRequired\":true,\"valueName\":\"search_term_string\"}}],\"inLanguage\":\"fr-FR\"}]}<\/script>\n<!-- \/ Yoast SEO plugin. -->","yoast_head_json":{"title":"Coffret en peuplier - Pet Friends","robots":{"index":"index","follow":"follow","max-snippet":"max-snippet:-1","max-image-preview":"max-image-preview:large","max-video-preview":"max-video-preview:-1"},"canonical":"https:\/\/www.noscopains.ca\/fr\/produit\/coffret-en-peuplier\/","twitter_misc":{"Dur\u00e9e de lecture estim\u00e9e":"1 minute"},"schema":{"@context":"https:\/\/schema.org","@graph":[{"@type":"WebPage","@id":"https:\/\/www.noscopains.ca\/fr\/produit\/coffret-en-peuplier\/","url":"https:\/\/www.noscopains.ca\/fr\/produit\/coffret-en-peuplier\/","name":"Coffret en peuplier - Pet Friends","isPartOf":{"@id":"https:\/\/www.noscopains.ca\/#website"},"primaryImageOfPage":{"@id":"https:\/\/www.noscopains.ca\/fr\/produit\/coffret-en-peuplier\/#primaryimage"},"image":{"@id":"https:\/\/www.noscopains.ca\/fr\/produit\/coffret-en-peuplier\/#primaryimage"},"thumbnailUrl":"https:\/\/www.noscopains.ca\/wp-content\/uploads\/2024\/06\/Untitled-design-2024-06-07T112540.414.png","datePublished":"2024-07-18T19:12:27+00:00","breadcrumb":{"@id":"https:\/\/www.noscopains.ca\/fr\/produit\/coffret-en-peuplier\/#breadcrumb"},"inLanguage":"fr-FR","potentialAction":[{"@type":"ReadAction","target":["https:\/\/www.noscopains.ca\/fr\/produit\/coffret-en-peuplier\/"]}]},{"@type":"ImageObject","inLanguage":"fr-FR","@id":"https:\/\/www.noscopains.ca\/fr\/produit\/coffret-en-peuplier\/#primaryimage","url":"https:\/\/www.noscopains.ca\/wp-content\/uploads\/2024\/06\/Untitled-design-2024-06-07T112540.414.png","contentUrl":"https:\/\/www.noscopains.ca\/wp-content\/uploads\/2024\/06\/Untitled-design-2024-06-07T112540.414.png","width":700,"height":467},{"@type":"BreadcrumbList","@id":"https:\/\/www.noscopains.ca\/fr\/produit\/coffret-en-peuplier\/#breadcrumb","itemListElement":[{"@type":"ListItem","position":1,"name":"Accueil","item":"https:\/\/www.noscopains.ca\/fr\/"},{"@type":"ListItem","position":2,"name":"Shop","item":"https:\/\/www.noscopains.ca\/?page_id=7777"},{"@type":"ListItem","position":3,"name":"Coffret en peuplier"}]},{"@type":"WebSite","@id":"https:\/\/www.noscopains.ca\/#website","url":"https:\/\/www.noscopains.ca\/","name":"Pet Friends","description":"Pet Cremation Services","potentialAction":[{"@type":"SearchAction","target":{"@type":"EntryPoint","urlTemplate":"https:\/\/www.noscopains.ca\/?s={search_term_string}"},"query-input":{"@type":"PropertyValueSpecification","valueRequired":true,"valueName":"search_term_string"}}],"inLanguage":"fr-FR"}]}},"_links":{"self":[{"href":"https:\/\/www.noscopains.ca\/fr\/wp-json\/wp\/v2\/product\/10285","targetHints":{"allow":["GET"]}}],"collection":[{"href":"https:\/\/www.noscopains.ca\/fr\/wp-json\/wp\/v2\/product"}],"about":[{"href":"https:\/\/www.noscopains.ca\/fr\/wp-json\/wp\/v2\/types\/product"}],"replies":[{"embeddable":true,"href":"https:\/\/www.noscopains.ca\/fr\/wp-json\/wp\/v2\/comments?post=10285"}],"wp:featuredmedia":[{"embeddable":true,"href":"https:\/\/www.noscopains.ca\/fr\/wp-json\/wp\/v2\/media\/10247"}],"wp:attachment":[{"href":"https:\/\/www.noscopains.ca\/fr\/wp-json\/wp\/v2\/media?parent=10285"}],"wp:term":[{"taxonomy":"product_brand","embeddable":true,"href":"https:\/\/www.noscopains.ca\/fr\/wp-json\/wp\/v2\/product_brand?post=10285"},{"taxonomy":"product_cat","embeddable":true,"href":"https:\/\/www.noscopains.ca\/fr\/wp-json\/wp\/v2\/product_cat?post=10285"},{"taxonomy":"product_tag","embeddable":true,"href":"https:\/\/www.noscopains.ca\/fr\/wp-json\/wp\/v2\/product_tag?post=10285"}],"curies":[{"name":"wp","href":"https:\/\/api.w.org\/{rel}","templated":true}]}}