{"id":10284,"date":"2024-07-18T15:10:03","date_gmt":"2024-07-18T19:10:03","guid":{"rendered":"https:\/\/www.noscopains.ca\/?post_type=product&#038;p=10284"},"modified":"2024-07-18T15:10:04","modified_gmt":"2024-07-18T19:10:04","slug":"cercueil-de-luxe-en-bois-franc-massif","status":"publish","type":"product","link":"https:\/\/www.noscopains.ca\/fr\/produit\/cercueil-de-luxe-en-bois-franc-massif\/","title":{"rendered":"Cercueil de luxe en bois franc massif"},"content":{"rendered":"<div><\/div>\n<div>Fabriqu\u00e9 \u00e0 la main par \u00e9b\u00e9niste local. Fabriqu\u00e9 avec des d\u00e9tails de cerisier avec bouleau dans le couvercle.\u00a0 Comprend des charni\u00e8res en acier noir et un loquet en acier inoxydable noir, une literie Sherpa int\u00e9rieure faite \u00e0 la main sur mesure. La construction\/menuiserie est une menuiserie \u00e0 tenon et mortaise &lsquo;Domino&rsquo;.<\/div>\n<div><\/div>\n<div>Taille:<\/div>\n<div><\/div>\n<div>19&Prime;x 10.5&Prime; x 10&Prime;\u00a0 \u00a0(pour les animaux de compagnie jusqu\u2019\u00e0 30 lb)<\/div>\n<div><\/div>\n<div><\/div>\n<div>625 $<\/div>\n<div><\/div>\n<div><\/div>\n<div><\/div>\n<div>**Tailles personnalis\u00e9es disponibles sur demande**<\/div>\n<div><\/div>\n<div><\/div>\n<div><\/div>\n<div>Produit de finition \u00e0 l\u2019huile\/cire non toxique, sans solvant, sans danger pour les aliments et les animaux de compagnie.<\/div>\n","protected":false},"excerpt":{"rendered":"<p>Fabriqu\u00e9 \u00e0 la main par \u00e9b\u00e9niste local. Fabriqu\u00e9 avec des d\u00e9tails de cerisier avec bouleau dans le couvercle.\u00a0 Comprend des charni\u00e8res [&hellip;]<\/p>\n","protected":false},"featured_media":10211,"comment_status":"closed","ping_status":"closed","template":"","meta":[],"product_brand":[],"product_cat":[133],"product_tag":[],"class_list":{"0":"post-10284","1":"product","2":"type-product","3":"status-publish","4":"has-post-thumbnail","6":"product_cat-produits-funeraires","8":"first","9":"instock","10":"shipping-taxable","11":"product-type-simple"},"yoast_head":"<!-- This site is optimized with the Yoast SEO plugin v26.9 - https:\/\/yoast.com\/product\/yoast-seo-wordpress\/ -->\n<title>Cercueil de luxe en bois franc massif - Pet Friends<\/title>\n<meta name=\"robots\" content=\"index, follow, max-snippet:-1, max-image-preview:large, max-video-preview:-1\" \/>\n<link rel=\"canonical\" href=\"https:\/\/www.noscopains.ca\/fr\/produit\/cercueil-de-luxe-en-bois-franc-massif\/\" \/>\n<meta name=\"twitter:label1\" content=\"Dur\u00e9e de lecture estim\u00e9e\" \/>\n\t<meta name=\"twitter:data1\" content=\"1 minute\" \/>\n<script type=\"application\/ld+json\" class=\"yoast-schema-graph\">{\"@context\":\"https:\/\/schema.org\",\"@graph\":[{\"@type\":\"WebPage\",\"@id\":\"https:\/\/www.noscopains.ca\/fr\/produit\/cercueil-de-luxe-en-bois-franc-massif\/\",\"url\":\"https:\/\/www.noscopains.ca\/fr\/produit\/cercueil-de-luxe-en-bois-franc-massif\/\",\"name\":\"Cercueil de luxe en bois franc massif - Pet Friends\",\"isPartOf\":{\"@id\":\"https:\/\/www.noscopains.ca\/#website\"},\"primaryImageOfPage\":{\"@id\":\"https:\/\/www.noscopains.ca\/fr\/produit\/cercueil-de-luxe-en-bois-franc-massif\/#primaryimage\"},\"image\":{\"@id\":\"https:\/\/www.noscopains.ca\/fr\/produit\/cercueil-de-luxe-en-bois-franc-massif\/#primaryimage\"},\"thumbnailUrl\":\"https:\/\/www.noscopains.ca\/wp-content\/uploads\/2024\/05\/Casket-1.png\",\"datePublished\":\"2024-07-18T19:10:03+00:00\",\"dateModified\":\"2024-07-18T19:10:04+00:00\",\"breadcrumb\":{\"@id\":\"https:\/\/www.noscopains.ca\/fr\/produit\/cercueil-de-luxe-en-bois-franc-massif\/#breadcrumb\"},\"inLanguage\":\"fr-FR\",\"potentialAction\":[{\"@type\":\"ReadAction\",\"target\":[\"https:\/\/www.noscopains.ca\/fr\/produit\/cercueil-de-luxe-en-bois-franc-massif\/\"]}]},{\"@type\":\"ImageObject\",\"inLanguage\":\"fr-FR\",\"@id\":\"https:\/\/www.noscopains.ca\/fr\/produit\/cercueil-de-luxe-en-bois-franc-massif\/#primaryimage\",\"url\":\"https:\/\/www.noscopains.ca\/wp-content\/uploads\/2024\/05\/Casket-1.png\",\"contentUrl\":\"https:\/\/www.noscopains.ca\/wp-content\/uploads\/2024\/05\/Casket-1.png\",\"width\":700,\"height\":467},{\"@type\":\"BreadcrumbList\",\"@id\":\"https:\/\/www.noscopains.ca\/fr\/produit\/cercueil-de-luxe-en-bois-franc-massif\/#breadcrumb\",\"itemListElement\":[{\"@type\":\"ListItem\",\"position\":1,\"name\":\"Accueil\",\"item\":\"https:\/\/www.noscopains.ca\/fr\/\"},{\"@type\":\"ListItem\",\"position\":2,\"name\":\"Shop\",\"item\":\"https:\/\/www.noscopains.ca\/?page_id=7777\"},{\"@type\":\"ListItem\",\"position\":3,\"name\":\"Cercueil de luxe en bois franc massif\"}]},{\"@type\":\"WebSite\",\"@id\":\"https:\/\/www.noscopains.ca\/#website\",\"url\":\"https:\/\/www.noscopains.ca\/\",\"name\":\"Pet Friends\",\"description\":\"Pet Cremation Services\",\"potentialAction\":[{\"@type\":\"SearchAction\",\"target\":{\"@type\":\"EntryPoint\",\"urlTemplate\":\"https:\/\/www.noscopains.ca\/?s={search_term_string}\"},\"query-input\":{\"@type\":\"PropertyValueSpecification\",\"valueRequired\":true,\"valueName\":\"search_term_string\"}}],\"inLanguage\":\"fr-FR\"}]}<\/script>\n<!-- \/ Yoast SEO plugin. -->","yoast_head_json":{"title":"Cercueil de luxe en bois franc massif - Pet Friends","robots":{"index":"index","follow":"follow","max-snippet":"max-snippet:-1","max-image-preview":"max-image-preview:large","max-video-preview":"max-video-preview:-1"},"canonical":"https:\/\/www.noscopains.ca\/fr\/produit\/cercueil-de-luxe-en-bois-franc-massif\/","twitter_misc":{"Dur\u00e9e de lecture estim\u00e9e":"1 minute"},"schema":{"@context":"https:\/\/schema.org","@graph":[{"@type":"WebPage","@id":"https:\/\/www.noscopains.ca\/fr\/produit\/cercueil-de-luxe-en-bois-franc-massif\/","url":"https:\/\/www.noscopains.ca\/fr\/produit\/cercueil-de-luxe-en-bois-franc-massif\/","name":"Cercueil de luxe en bois franc massif - Pet Friends","isPartOf":{"@id":"https:\/\/www.noscopains.ca\/#website"},"primaryImageOfPage":{"@id":"https:\/\/www.noscopains.ca\/fr\/produit\/cercueil-de-luxe-en-bois-franc-massif\/#primaryimage"},"image":{"@id":"https:\/\/www.noscopains.ca\/fr\/produit\/cercueil-de-luxe-en-bois-franc-massif\/#primaryimage"},"thumbnailUrl":"https:\/\/www.noscopains.ca\/wp-content\/uploads\/2024\/05\/Casket-1.png","datePublished":"2024-07-18T19:10:03+00:00","dateModified":"2024-07-18T19:10:04+00:00","breadcrumb":{"@id":"https:\/\/www.noscopains.ca\/fr\/produit\/cercueil-de-luxe-en-bois-franc-massif\/#breadcrumb"},"inLanguage":"fr-FR","potentialAction":[{"@type":"ReadAction","target":["https:\/\/www.noscopains.ca\/fr\/produit\/cercueil-de-luxe-en-bois-franc-massif\/"]}]},{"@type":"ImageObject","inLanguage":"fr-FR","@id":"https:\/\/www.noscopains.ca\/fr\/produit\/cercueil-de-luxe-en-bois-franc-massif\/#primaryimage","url":"https:\/\/www.noscopains.ca\/wp-content\/uploads\/2024\/05\/Casket-1.png","contentUrl":"https:\/\/www.noscopains.ca\/wp-content\/uploads\/2024\/05\/Casket-1.png","width":700,"height":467},{"@type":"BreadcrumbList","@id":"https:\/\/www.noscopains.ca\/fr\/produit\/cercueil-de-luxe-en-bois-franc-massif\/#breadcrumb","itemListElement":[{"@type":"ListItem","position":1,"name":"Accueil","item":"https:\/\/www.noscopains.ca\/fr\/"},{"@type":"ListItem","position":2,"name":"Shop","item":"https:\/\/www.noscopains.ca\/?page_id=7777"},{"@type":"ListItem","position":3,"name":"Cercueil de luxe en bois franc massif"}]},{"@type":"WebSite","@id":"https:\/\/www.noscopains.ca\/#website","url":"https:\/\/www.noscopains.ca\/","name":"Pet Friends","description":"Pet Cremation Services","potentialAction":[{"@type":"SearchAction","target":{"@type":"EntryPoint","urlTemplate":"https:\/\/www.noscopains.ca\/?s={search_term_string}"},"query-input":{"@type":"PropertyValueSpecification","valueRequired":true,"valueName":"search_term_string"}}],"inLanguage":"fr-FR"}]}},"_links":{"self":[{"href":"https:\/\/www.noscopains.ca\/fr\/wp-json\/wp\/v2\/product\/10284","targetHints":{"allow":["GET"]}}],"collection":[{"href":"https:\/\/www.noscopains.ca\/fr\/wp-json\/wp\/v2\/product"}],"about":[{"href":"https:\/\/www.noscopains.ca\/fr\/wp-json\/wp\/v2\/types\/product"}],"replies":[{"embeddable":true,"href":"https:\/\/www.noscopains.ca\/fr\/wp-json\/wp\/v2\/comments?post=10284"}],"wp:featuredmedia":[{"embeddable":true,"href":"https:\/\/www.noscopains.ca\/fr\/wp-json\/wp\/v2\/media\/10211"}],"wp:attachment":[{"href":"https:\/\/www.noscopains.ca\/fr\/wp-json\/wp\/v2\/media?parent=10284"}],"wp:term":[{"taxonomy":"product_brand","embeddable":true,"href":"https:\/\/www.noscopains.ca\/fr\/wp-json\/wp\/v2\/product_brand?post=10284"},{"taxonomy":"product_cat","embeddable":true,"href":"https:\/\/www.noscopains.ca\/fr\/wp-json\/wp\/v2\/product_cat?post=10284"},{"taxonomy":"product_tag","embeddable":true,"href":"https:\/\/www.noscopains.ca\/fr\/wp-json\/wp\/v2\/product_tag?post=10284"}],"curies":[{"name":"wp","href":"https:\/\/api.w.org\/{rel}","templated":true}]}}