{"id":10149,"date":"2024-03-27T10:22:36","date_gmt":"2024-03-27T14:22:36","guid":{"rendered":"https:\/\/www.noscopains.ca\/?post_type=product&#038;p=10149"},"modified":"2024-03-27T10:22:37","modified_gmt":"2024-03-27T14:22:37","slug":"sacs-pour-lenterrement","status":"publish","type":"product","link":"https:\/\/www.noscopains.ca\/fr\/produit\/sacs-pour-lenterrement\/","title":{"rendered":"Sacs pour l\u2019enterrement"},"content":{"rendered":"<div dir=\"ltr\">Sacs en tissu de qualit\u00e9 pour l\u2019enterrement. Fermeture \u00e0 glissi\u00e8re, deux poign\u00e9es pour un transport facile. Imperm\u00e9able\u00a0et respectueux de l\u2019environnement.<\/div>\n<div dir=\"ltr\"><\/div>\n<div dir=\"ltr\">\n<p>&nbsp;<\/p>\n<p>Petit 12&Prime;x20&Prime; pour animaux moins de\u00a010lbs $20<\/p>\n<p>Medium 20&Prime;x28&Prime; pour animaux entre 10lbs-35lbs $25<\/p>\n<p>Large 24&Prime;x40&Prime; pour animaux entre de 35lbs-70lbs $30<\/p>\n<p>X-Large 28&Prime;x52&Prime; pour animaux plus de\u00a070lbs $35<\/p>\n<p>Personnalisation avec le nom de votre animal de compagnie (frais suppl\u00e9mentaires) 15 $<\/p>\n<\/div>\n","protected":false},"excerpt":{"rendered":"<p>Sacs en tissu de qualit\u00e9 pour l\u2019enterrement. Fermeture \u00e0 glissi\u00e8re, deux poign\u00e9es pour un transport facile. Imperm\u00e9able\u00a0et respectueux de l\u2019environnement. &nbsp; [&hellip;]<\/p>\n","protected":false},"featured_media":10150,"comment_status":"closed","ping_status":"closed","template":"","meta":[],"product_brand":[],"product_cat":[133],"product_tag":[],"class_list":{"0":"post-10149","1":"product","2":"type-product","3":"status-publish","4":"has-post-thumbnail","6":"product_cat-produits-funeraires","8":"first","9":"instock","10":"shipping-taxable","11":"product-type-simple"},"yoast_head":"<!-- This site is optimized with the Yoast SEO plugin v26.9 - https:\/\/yoast.com\/product\/yoast-seo-wordpress\/ -->\n<title>Sacs pour l\u2019enterrement - Pet Friends<\/title>\n<meta name=\"robots\" content=\"index, follow, max-snippet:-1, max-image-preview:large, max-video-preview:-1\" \/>\n<link rel=\"canonical\" href=\"https:\/\/www.noscopains.ca\/fr\/produit\/sacs-pour-lenterrement\/\" \/>\n<meta name=\"twitter:label1\" content=\"Dur\u00e9e de lecture estim\u00e9e\" \/>\n\t<meta name=\"twitter:data1\" content=\"1 minute\" \/>\n<script type=\"application\/ld+json\" class=\"yoast-schema-graph\">{\"@context\":\"https:\/\/schema.org\",\"@graph\":[{\"@type\":\"WebPage\",\"@id\":\"https:\/\/www.noscopains.ca\/fr\/produit\/sacs-pour-lenterrement\/\",\"url\":\"https:\/\/www.noscopains.ca\/fr\/produit\/sacs-pour-lenterrement\/\",\"name\":\"Sacs pour l\u2019enterrement - Pet Friends\",\"isPartOf\":{\"@id\":\"https:\/\/www.noscopains.ca\/#website\"},\"primaryImageOfPage\":{\"@id\":\"https:\/\/www.noscopains.ca\/fr\/produit\/sacs-pour-lenterrement\/#primaryimage\"},\"image\":{\"@id\":\"https:\/\/www.noscopains.ca\/fr\/produit\/sacs-pour-lenterrement\/#primaryimage\"},\"thumbnailUrl\":\"https:\/\/www.noscopains.ca\/wp-content\/uploads\/2024\/03\/Bonhomme.png\",\"datePublished\":\"2024-03-27T14:22:36+00:00\",\"dateModified\":\"2024-03-27T14:22:37+00:00\",\"breadcrumb\":{\"@id\":\"https:\/\/www.noscopains.ca\/fr\/produit\/sacs-pour-lenterrement\/#breadcrumb\"},\"inLanguage\":\"fr-FR\",\"potentialAction\":[{\"@type\":\"ReadAction\",\"target\":[\"https:\/\/www.noscopains.ca\/fr\/produit\/sacs-pour-lenterrement\/\"]}]},{\"@type\":\"ImageObject\",\"inLanguage\":\"fr-FR\",\"@id\":\"https:\/\/www.noscopains.ca\/fr\/produit\/sacs-pour-lenterrement\/#primaryimage\",\"url\":\"https:\/\/www.noscopains.ca\/wp-content\/uploads\/2024\/03\/Bonhomme.png\",\"contentUrl\":\"https:\/\/www.noscopains.ca\/wp-content\/uploads\/2024\/03\/Bonhomme.png\",\"width\":700,\"height\":467},{\"@type\":\"BreadcrumbList\",\"@id\":\"https:\/\/www.noscopains.ca\/fr\/produit\/sacs-pour-lenterrement\/#breadcrumb\",\"itemListElement\":[{\"@type\":\"ListItem\",\"position\":1,\"name\":\"Accueil\",\"item\":\"https:\/\/www.noscopains.ca\/fr\/\"},{\"@type\":\"ListItem\",\"position\":2,\"name\":\"Shop\",\"item\":\"https:\/\/www.noscopains.ca\/?page_id=7777\"},{\"@type\":\"ListItem\",\"position\":3,\"name\":\"Sacs pour l\u2019enterrement\"}]},{\"@type\":\"WebSite\",\"@id\":\"https:\/\/www.noscopains.ca\/#website\",\"url\":\"https:\/\/www.noscopains.ca\/\",\"name\":\"Pet Friends\",\"description\":\"Pet Cremation Services\",\"potentialAction\":[{\"@type\":\"SearchAction\",\"target\":{\"@type\":\"EntryPoint\",\"urlTemplate\":\"https:\/\/www.noscopains.ca\/?s={search_term_string}\"},\"query-input\":{\"@type\":\"PropertyValueSpecification\",\"valueRequired\":true,\"valueName\":\"search_term_string\"}}],\"inLanguage\":\"fr-FR\"}]}<\/script>\n<!-- \/ Yoast SEO plugin. -->","yoast_head_json":{"title":"Sacs pour l\u2019enterrement - Pet Friends","robots":{"index":"index","follow":"follow","max-snippet":"max-snippet:-1","max-image-preview":"max-image-preview:large","max-video-preview":"max-video-preview:-1"},"canonical":"https:\/\/www.noscopains.ca\/fr\/produit\/sacs-pour-lenterrement\/","twitter_misc":{"Dur\u00e9e de lecture estim\u00e9e":"1 minute"},"schema":{"@context":"https:\/\/schema.org","@graph":[{"@type":"WebPage","@id":"https:\/\/www.noscopains.ca\/fr\/produit\/sacs-pour-lenterrement\/","url":"https:\/\/www.noscopains.ca\/fr\/produit\/sacs-pour-lenterrement\/","name":"Sacs pour l\u2019enterrement - Pet Friends","isPartOf":{"@id":"https:\/\/www.noscopains.ca\/#website"},"primaryImageOfPage":{"@id":"https:\/\/www.noscopains.ca\/fr\/produit\/sacs-pour-lenterrement\/#primaryimage"},"image":{"@id":"https:\/\/www.noscopains.ca\/fr\/produit\/sacs-pour-lenterrement\/#primaryimage"},"thumbnailUrl":"https:\/\/www.noscopains.ca\/wp-content\/uploads\/2024\/03\/Bonhomme.png","datePublished":"2024-03-27T14:22:36+00:00","dateModified":"2024-03-27T14:22:37+00:00","breadcrumb":{"@id":"https:\/\/www.noscopains.ca\/fr\/produit\/sacs-pour-lenterrement\/#breadcrumb"},"inLanguage":"fr-FR","potentialAction":[{"@type":"ReadAction","target":["https:\/\/www.noscopains.ca\/fr\/produit\/sacs-pour-lenterrement\/"]}]},{"@type":"ImageObject","inLanguage":"fr-FR","@id":"https:\/\/www.noscopains.ca\/fr\/produit\/sacs-pour-lenterrement\/#primaryimage","url":"https:\/\/www.noscopains.ca\/wp-content\/uploads\/2024\/03\/Bonhomme.png","contentUrl":"https:\/\/www.noscopains.ca\/wp-content\/uploads\/2024\/03\/Bonhomme.png","width":700,"height":467},{"@type":"BreadcrumbList","@id":"https:\/\/www.noscopains.ca\/fr\/produit\/sacs-pour-lenterrement\/#breadcrumb","itemListElement":[{"@type":"ListItem","position":1,"name":"Accueil","item":"https:\/\/www.noscopains.ca\/fr\/"},{"@type":"ListItem","position":2,"name":"Shop","item":"https:\/\/www.noscopains.ca\/?page_id=7777"},{"@type":"ListItem","position":3,"name":"Sacs pour l\u2019enterrement"}]},{"@type":"WebSite","@id":"https:\/\/www.noscopains.ca\/#website","url":"https:\/\/www.noscopains.ca\/","name":"Pet Friends","description":"Pet Cremation Services","potentialAction":[{"@type":"SearchAction","target":{"@type":"EntryPoint","urlTemplate":"https:\/\/www.noscopains.ca\/?s={search_term_string}"},"query-input":{"@type":"PropertyValueSpecification","valueRequired":true,"valueName":"search_term_string"}}],"inLanguage":"fr-FR"}]}},"_links":{"self":[{"href":"https:\/\/www.noscopains.ca\/fr\/wp-json\/wp\/v2\/product\/10149","targetHints":{"allow":["GET"]}}],"collection":[{"href":"https:\/\/www.noscopains.ca\/fr\/wp-json\/wp\/v2\/product"}],"about":[{"href":"https:\/\/www.noscopains.ca\/fr\/wp-json\/wp\/v2\/types\/product"}],"replies":[{"embeddable":true,"href":"https:\/\/www.noscopains.ca\/fr\/wp-json\/wp\/v2\/comments?post=10149"}],"wp:featuredmedia":[{"embeddable":true,"href":"https:\/\/www.noscopains.ca\/fr\/wp-json\/wp\/v2\/media\/10150"}],"wp:attachment":[{"href":"https:\/\/www.noscopains.ca\/fr\/wp-json\/wp\/v2\/media?parent=10149"}],"wp:term":[{"taxonomy":"product_brand","embeddable":true,"href":"https:\/\/www.noscopains.ca\/fr\/wp-json\/wp\/v2\/product_brand?post=10149"},{"taxonomy":"product_cat","embeddable":true,"href":"https:\/\/www.noscopains.ca\/fr\/wp-json\/wp\/v2\/product_cat?post=10149"},{"taxonomy":"product_tag","embeddable":true,"href":"https:\/\/www.noscopains.ca\/fr\/wp-json\/wp\/v2\/product_tag?post=10149"}],"curies":[{"name":"wp","href":"https:\/\/api.w.org\/{rel}","templated":true}]}}