{"id":8948,"date":"2021-07-13T08:46:40","date_gmt":"2021-07-13T08:46:40","guid":{"rendered":"http:\/\/www.noscopains.ca\/company\/questions-to-ask\/"},"modified":"2022-11-08T13:35:27","modified_gmt":"2022-11-08T13:35:27","slug":"questions-a-poser","status":"publish","type":"page","link":"https:\/\/www.noscopains.ca\/fr\/compagnie\/questions-a-poser\/","title":{"rendered":"Questions \u00e0 poser"},"content":{"rendered":"<p><div class=\"fusion-fullwidth fullwidth-box fusion-builder-row-1 fusion-flex-container nonhundred-percent-fullwidth non-hundred-percent-height-scrolling\" style=\"--awb-border-radius-top-left:0px;--awb-border-radius-top-right:0px;--awb-border-radius-bottom-right:0px;--awb-border-radius-bottom-left:0px;\" ><div class=\"fusion-builder-row fusion-row fusion-flex-align-items-flex-start\" style=\"max-width:1352px;margin-left: calc(-4% \/ 2 );margin-right: calc(-4% \/ 2 );\"><div class=\"fusion-layout-column fusion_builder_column fusion-builder-column-0 fusion_builder_column_1_1 1_1 fusion-flex-column\" style=\"--awb-padding-top:20px;--awb-padding-bottom:20px;--awb-bg-size:cover;--awb-width-large:100%;--awb-margin-top-large:0px;--awb-spacing-right-large:1.92%;--awb-margin-bottom-large:20px;--awb-spacing-left-large:1.92%;--awb-width-medium:100%;--awb-order-medium:0;--awb-spacing-right-medium:1.92%;--awb-spacing-left-medium:1.92%;--awb-width-small:100%;--awb-order-small:0;--awb-spacing-right-small:1.92%;--awb-spacing-left-small:1.92%;\"><div class=\"fusion-column-wrapper fusion-column-has-shadow fusion-flex-justify-content-flex-start fusion-content-layout-column\"><div class=\"fusion-text fusion-text-1\" style=\"--awb-content-alignment:center;\"><h1>Questions \u00e0 se poser lorsqu\u2019on<br \/>\nchoisit un cr\u00e9matorium pour animaux ?<\/h1>\n<\/div><\/div><\/div><\/div><\/div><div class=\"fusion-fullwidth fullwidth-box fusion-builder-row-2 fusion-flex-container nonhundred-percent-fullwidth non-hundred-percent-height-scrolling\" style=\"--awb-border-radius-top-left:0px;--awb-border-radius-top-right:0px;--awb-border-radius-bottom-right:0px;--awb-border-radius-bottom-left:0px;--awb-padding-right:50px;--awb-padding-left:50px;\" ><div class=\"fusion-builder-row fusion-row fusion-flex-align-items-flex-start\" style=\"max-width:1352px;margin-left: calc(-4% \/ 2 );margin-right: calc(-4% \/ 2 );\"><div class=\"fusion-layout-column fusion_builder_column fusion-builder-column-1 fusion_builder_column_1_1 1_1 fusion-flex-column\" style=\"--awb-bg-size:cover;--awb-width-large:100%;--awb-margin-top-large:0px;--awb-spacing-right-large:1.92%;--awb-margin-bottom-large:20px;--awb-spacing-left-large:1.92%;--awb-width-medium:100%;--awb-order-medium:0;--awb-spacing-right-medium:1.92%;--awb-spacing-left-medium:1.92%;--awb-width-small:100%;--awb-order-small:0;--awb-spacing-right-small:1.92%;--awb-spacing-left-small:1.92%;\"><div class=\"fusion-column-wrapper fusion-column-has-shadow fusion-flex-justify-content-flex-start fusion-content-layout-column\"><div class=\"fusion-text fusion-text-2\"><h2>Pour faire la part entre les meilleurs et les autres<\/h2>\n<p>Les v\u00e9t\u00e9rinaires et propri\u00e9taires d&rsquo;animaux doivent pouvoir \u00eatre confiants de se voir offrir des services empreints de dignit\u00e9, de s\u00fbret\u00e9, dans le respect du caract\u00e8re sacr\u00e9 de la vie. Voici les 10 questions les plus importantes \u00e0 demander lors du choix d&rsquo;un cr\u00e9matorium:<\/p>\n<ul id=\"list\">\n<li>Le processus de cr\u00e9mation est-il supervis\u00e9 par des techniciens form\u00e9s ?<\/li>\n<li>Le cr\u00e9matorium est-il membre de l&rsquo;Association internationale des cimeti\u00e8res et cr\u00e9matoires d&rsquo;animaux d&rsquo;agr\u00e9ment (International Association of Pet Cemeteries and Crematories) ?<\/li>\n<li>Le cr\u00e9matorium respecte-t-il les lois et r\u00e8glements du gouvernement ?<\/li>\n<li>\u00c0 quand remonte la derni\u00e8re inspection de votre c\u00e9rmatorium par un agent de r\u00e9glementation provincial ?<\/li>\n<li>Votre cr\u00e9matorium est-il assez gros pour accommoder des animaux de compagnie de toutes grandeurs ?<\/li>\n<li>Si j&rsquo;ai un petit animal, un oiseau par exemple, puis-je recevoir ses cendres ?<\/li>\n<li>Est-ce que je peux \u00eatre t\u00e9moin de la cr\u00e9mation ?<\/li>\n<li>Comment et de quelle mani\u00e8re retournez-vous les cendres ?<\/li>\n<li>Comment le cr\u00e9matorium peut-il garantir que toutes les cendres de mon animal soient r\u00e9cup\u00e9res ?<\/li>\n<li>Comment le transport se fait-il et comment garantir que mon animal sera bien identifi\u00e9 ?<\/li>\n<\/ul>\n<\/div><\/div><\/div><\/div><\/div><\/p>\n","protected":false},"excerpt":{"rendered":"","protected":false},"author":4,"featured_media":0,"parent":7742,"menu_order":0,"comment_status":"closed","ping_status":"closed","template":"100-width.php","meta":{"footnotes":""},"class_list":["post-8948","page","type-page","status-publish","hentry"],"yoast_head":"<!-- This site is optimized with the Yoast SEO plugin v26.9 - https:\/\/yoast.com\/product\/yoast-seo-wordpress\/ -->\n<title>Questions \u00e0 poser - Pet Friends<\/title>\n<meta name=\"robots\" content=\"index, follow, max-snippet:-1, max-image-preview:large, max-video-preview:-1\" \/>\n<link rel=\"canonical\" href=\"https:\/\/www.noscopains.ca\/fr\/compagnie\/questions-a-poser\/\" \/>\n<meta name=\"twitter:label1\" content=\"Dur\u00e9e de lecture estim\u00e9e\" \/>\n\t<meta name=\"twitter:data1\" content=\"6 minutes\" \/>\n<script type=\"application\/ld+json\" class=\"yoast-schema-graph\">{\"@context\":\"https:\/\/schema.org\",\"@graph\":[{\"@type\":\"WebPage\",\"@id\":\"https:\/\/www.noscopains.ca\/fr\/compagnie\/questions-a-poser\/\",\"url\":\"https:\/\/www.noscopains.ca\/fr\/compagnie\/questions-a-poser\/\",\"name\":\"Questions \u00e0 poser - Pet Friends\",\"isPartOf\":{\"@id\":\"https:\/\/www.noscopains.ca\/#website\"},\"datePublished\":\"2021-07-13T08:46:40+00:00\",\"dateModified\":\"2022-11-08T13:35:27+00:00\",\"breadcrumb\":{\"@id\":\"https:\/\/www.noscopains.ca\/fr\/compagnie\/questions-a-poser\/#breadcrumb\"},\"inLanguage\":\"fr-FR\",\"potentialAction\":[{\"@type\":\"ReadAction\",\"target\":[\"https:\/\/www.noscopains.ca\/fr\/compagnie\/questions-a-poser\/\"]}]},{\"@type\":\"BreadcrumbList\",\"@id\":\"https:\/\/www.noscopains.ca\/fr\/compagnie\/questions-a-poser\/#breadcrumb\",\"itemListElement\":[{\"@type\":\"ListItem\",\"position\":1,\"name\":\"Accueil\",\"item\":\"https:\/\/www.noscopains.ca\/fr\/\"},{\"@type\":\"ListItem\",\"position\":2,\"name\":\"Compagnie\",\"item\":\"https:\/\/www.noscopains.ca\/fr\/compagnie\/\"},{\"@type\":\"ListItem\",\"position\":3,\"name\":\"Questions \u00e0 poser\"}]},{\"@type\":\"WebSite\",\"@id\":\"https:\/\/www.noscopains.ca\/#website\",\"url\":\"https:\/\/www.noscopains.ca\/\",\"name\":\"Pet Friends\",\"description\":\"Pet Cremation Services\",\"potentialAction\":[{\"@type\":\"SearchAction\",\"target\":{\"@type\":\"EntryPoint\",\"urlTemplate\":\"https:\/\/www.noscopains.ca\/?s={search_term_string}\"},\"query-input\":{\"@type\":\"PropertyValueSpecification\",\"valueRequired\":true,\"valueName\":\"search_term_string\"}}],\"inLanguage\":\"fr-FR\"}]}<\/script>\n<!-- \/ Yoast SEO plugin. -->","yoast_head_json":{"title":"Questions \u00e0 poser - Pet Friends","robots":{"index":"index","follow":"follow","max-snippet":"max-snippet:-1","max-image-preview":"max-image-preview:large","max-video-preview":"max-video-preview:-1"},"canonical":"https:\/\/www.noscopains.ca\/fr\/compagnie\/questions-a-poser\/","twitter_misc":{"Dur\u00e9e de lecture estim\u00e9e":"6 minutes"},"schema":{"@context":"https:\/\/schema.org","@graph":[{"@type":"WebPage","@id":"https:\/\/www.noscopains.ca\/fr\/compagnie\/questions-a-poser\/","url":"https:\/\/www.noscopains.ca\/fr\/compagnie\/questions-a-poser\/","name":"Questions \u00e0 poser - Pet Friends","isPartOf":{"@id":"https:\/\/www.noscopains.ca\/#website"},"datePublished":"2021-07-13T08:46:40+00:00","dateModified":"2022-11-08T13:35:27+00:00","breadcrumb":{"@id":"https:\/\/www.noscopains.ca\/fr\/compagnie\/questions-a-poser\/#breadcrumb"},"inLanguage":"fr-FR","potentialAction":[{"@type":"ReadAction","target":["https:\/\/www.noscopains.ca\/fr\/compagnie\/questions-a-poser\/"]}]},{"@type":"BreadcrumbList","@id":"https:\/\/www.noscopains.ca\/fr\/compagnie\/questions-a-poser\/#breadcrumb","itemListElement":[{"@type":"ListItem","position":1,"name":"Accueil","item":"https:\/\/www.noscopains.ca\/fr\/"},{"@type":"ListItem","position":2,"name":"Compagnie","item":"https:\/\/www.noscopains.ca\/fr\/compagnie\/"},{"@type":"ListItem","position":3,"name":"Questions \u00e0 poser"}]},{"@type":"WebSite","@id":"https:\/\/www.noscopains.ca\/#website","url":"https:\/\/www.noscopains.ca\/","name":"Pet Friends","description":"Pet Cremation Services","potentialAction":[{"@type":"SearchAction","target":{"@type":"EntryPoint","urlTemplate":"https:\/\/www.noscopains.ca\/?s={search_term_string}"},"query-input":{"@type":"PropertyValueSpecification","valueRequired":true,"valueName":"search_term_string"}}],"inLanguage":"fr-FR"}]}},"_links":{"self":[{"href":"https:\/\/www.noscopains.ca\/fr\/wp-json\/wp\/v2\/pages\/8948","targetHints":{"allow":["GET"]}}],"collection":[{"href":"https:\/\/www.noscopains.ca\/fr\/wp-json\/wp\/v2\/pages"}],"about":[{"href":"https:\/\/www.noscopains.ca\/fr\/wp-json\/wp\/v2\/types\/page"}],"author":[{"embeddable":true,"href":"https:\/\/www.noscopains.ca\/fr\/wp-json\/wp\/v2\/users\/4"}],"replies":[{"embeddable":true,"href":"https:\/\/www.noscopains.ca\/fr\/wp-json\/wp\/v2\/comments?post=8948"}],"version-history":[{"count":0,"href":"https:\/\/www.noscopains.ca\/fr\/wp-json\/wp\/v2\/pages\/8948\/revisions"}],"up":[{"embeddable":true,"href":"https:\/\/www.noscopains.ca\/fr\/wp-json\/wp\/v2\/pages\/7742"}],"wp:attachment":[{"href":"https:\/\/www.noscopains.ca\/fr\/wp-json\/wp\/v2\/media?parent=8948"}],"curies":[{"name":"wp","href":"https:\/\/api.w.org\/{rel}","templated":true}]}}