{"id":8940,"date":"2021-08-04T14:55:51","date_gmt":"2021-08-04T14:55:51","guid":{"rendered":"http:\/\/www.noscopains.ca\/blog\/"},"modified":"2022-12-06T18:15:46","modified_gmt":"2022-12-06T18:15:46","slug":"blogue","status":"publish","type":"page","link":"https:\/\/www.noscopains.ca\/fr\/blogue\/","title":{"rendered":"Blogue"},"content":{"rendered":"<div class=\"fusion-fullwidth fullwidth-box fusion-builder-row-1 fusion-flex-container hundred-percent-fullwidth non-hundred-percent-height-scrolling\" style=\"--awb-border-radius-top-left:0px;--awb-border-radius-top-right:0px;--awb-border-radius-bottom-right:0px;--awb-border-radius-bottom-left:0px;--awb-padding-right:0px;--awb-padding-bottom:0px;--awb-padding-left:0px;\" ><div class=\"fusion-builder-row fusion-row fusion-flex-align-items-flex-start\" style=\"width:104% !important;max-width:104% !important;margin-left: calc(-4% \/ 2 );margin-right: calc(-4% \/ 2 );\"><div class=\"fusion-layout-column fusion_builder_column fusion-builder-column-0 fusion_builder_column_1_1 1_1 fusion-flex-column\" style=\"--awb-bg-size:cover;--awb-width-large:100%;--awb-margin-top-large:0px;--awb-spacing-right-large:1.92%;--awb-margin-bottom-large:20px;--awb-spacing-left-large:1.92%;--awb-width-medium:100%;--awb-order-medium:0;--awb-spacing-right-medium:1.92%;--awb-spacing-left-medium:1.92%;--awb-width-small:100%;--awb-order-small:0;--awb-spacing-right-small:1.92%;--awb-spacing-left-small:1.92%;\"><div class=\"fusion-column-wrapper fusion-column-has-shadow fusion-flex-justify-content-flex-start fusion-content-layout-column\"><div class=\"fusion-text fusion-text-1\"><h1>Blogue<\/h1>\n<\/div><\/div><\/div><div class=\"fusion-layout-column fusion_builder_column fusion-builder-column-1 fusion_builder_column_3_4 3_4 fusion-flex-column fusion-animated\" style=\"--awb-padding-top:4%;--awb-padding-right:6%;--awb-padding-bottom:6%;--awb-padding-left:6%;--awb-bg-size:cover;--awb-width-large:75%;--awb-margin-top-large:0px;--awb-spacing-right-large:0px;--awb-margin-bottom-large:20px;--awb-spacing-left-large:2.56%;--awb-width-medium:75%;--awb-order-medium:0;--awb-spacing-right-medium:0px;--awb-spacing-left-medium:2.56%;--awb-width-small:100%;--awb-order-small:0;--awb-spacing-right-small:1.92%;--awb-spacing-left-small:1.92%;\" data-animationType=\"fadeInLeft\" data-animationDuration=\"1.0\" data-animationOffset=\"top-into-view\"><div class=\"fusion-column-wrapper fusion-column-has-shadow fusion-flex-justify-content-flex-start fusion-content-layout-column\"><div class=\"fusion-blog-shortcode fusion-blog-shortcode-1 fusion-blog-archive fusion-blog-layout-grid-wrapper fusion-blog-pagination linneheight20\"><style type=\"text\/css\">.fusion-blog-shortcode-1 .fusion-blog-layout-grid .fusion-post-grid{padding:9px;}.fusion-blog-shortcode-1 .fusion-posts-container{margin-left: -9px !important; margin-right:-9px !important;}<\/style><div class=\"fusion-posts-container fusion-posts-container-pagination fusion-blog-layout-grid fusion-blog-layout-grid-2 isotope fusion-blog-equal-heights\" data-pages=\"1\" data-grid-col-space=\"18\" style=\"margin: -9px -9px 0;min-height:500px;\"><article id=\"blog-1-post-9188\" class=\"fusion-post-grid post-9188 post type-post status-publish format-standard has-post-thumbnail hentry category-blogue category-cremation-danimaux category-nouvelles-et-evenements category-produits-commemoratifs category-produits-funeraires\">\n<div class=\"fusion-post-wrapper\" style=\"background-color:rgba(255,255,255,0);border:1px solid #f2f3f5;border-bottom-width:3px;\">\n\n\t\t\t<div class=\"fusion-flexslider flexslider fusion-flexslider-loading fusion-post-slideshow\" style=\"border-color:#f2f3f5;\">\n\t\t<ul class=\"slides\">\n\t\t\t\n\t\t\t\t\t\t\t\t\t\t\t\t\t\t<li><div  class=\"fusion-image-wrapper\" aria-haspopup=\"true\">\n\t\t\t\t\t\t\t<a href=\"https:\/\/www.noscopains.ca\/fr\/blogue\/bienvenue-sur-le-nouveau-site-de-nos-copains\/\" aria-label=\"Bienvenue sur le nouveau site de Nos Copains.\">\n\t\t\t\t\t\t\t<img decoding=\"async\" width=\"1099\" height=\"560\" src=\"https:\/\/www.noscopains.ca\/wp-content\/uploads\/2021\/07\/pets.png\" class=\"attachment-full size-full wp-post-image\" alt=\"\" srcset=\"https:\/\/www.noscopains.ca\/wp-content\/uploads\/2021\/07\/pets-200x102.png 200w, https:\/\/www.noscopains.ca\/wp-content\/uploads\/2021\/07\/pets-400x204.png 400w, https:\/\/www.noscopains.ca\/wp-content\/uploads\/2021\/07\/pets-600x306.png 600w, https:\/\/www.noscopains.ca\/wp-content\/uploads\/2021\/07\/pets-800x408.png 800w, https:\/\/www.noscopains.ca\/wp-content\/uploads\/2021\/07\/pets.png 1099w\" sizes=\"(min-width: 2200px) 100vw, (min-width: 732px) 641px, (min-width: 640px) 732px, \" \/>\t\t\t<\/a>\n\t\t\t\t\t\t\t<\/div>\n<\/li>\n\t\t\t\n\t\t\t\n\t\t\t\t\t\t\t\t\t\t\t\t\t\t\t\t\t\t\t\t\t\t\t\t\t\t\t\t\t\t\t\t\t\t\t\t\t\t\t\t\t\t\t\t\t\t\t\t\t\t\t\t\t\t\t\t\t\t\t\t\t\t\t\t\t\t\t\t<\/ul>\n\t<\/div>\n\t<div class=\"fusion-post-content-wrapper\" style=\"padding:30px 25px 25px 25px;\"><div class=\"fusion-post-content post-content\"><h2 class=\"blog-shortcode-post-title entry-title\"><a href=\"https:\/\/www.noscopains.ca\/fr\/blogue\/bienvenue-sur-le-nouveau-site-de-nos-copains\/\">Bienvenue sur le nouveau site de Nos Copains.<\/a><\/h2><div class=\"fusion-content-sep sep-double sep-solid\"><\/div><div class=\"fusion-post-content-container\"><p> Apr\u00e8s plusieurs mois de travail acharn\u00e9, nous sommes ravis de lancer notre magnifique nouveau site Web. Nous avons compl\u00e8tement mis \u00e0 jour et actualis\u00e9 l\u2019apparence du site, et am\u00e9lior\u00e9 [...]<\/p><\/div><\/div><div class=\"fusion-meta-info\"><div class=\"fusion-alignleft\"><a class=\"fusion-read-more\" href=\"https:\/\/www.noscopains.ca\/fr\/blogue\/bienvenue-sur-le-nouveau-site-de-nos-copains\/\" aria-label=\"More on Bienvenue sur le nouveau site de Nos Copains.\">En savoir plus<\/a><\/div><\/div><\/div><div class=\"fusion-clearfix\"><\/div><\/div>\n<\/article>\n<article id=\"blog-1-post-9187\" class=\"fusion-post-grid post-9187 post type-post status-publish format-standard has-post-thumbnail hentry category-blogue category-le-fonds-lucy\">\n<div class=\"fusion-post-wrapper\" style=\"background-color:rgba(255,255,255,0);border:1px solid #f2f3f5;border-bottom-width:3px;\">\n\n\t\t\t<div class=\"fusion-flexslider flexslider fusion-flexslider-loading fusion-post-slideshow\" style=\"border-color:#f2f3f5;\">\n\t\t<ul class=\"slides\">\n\t\t\t\n\t\t\t\t\t\t\t\t\t\t\t\t\t\t<li><div  class=\"fusion-image-wrapper\" aria-haspopup=\"true\">\n\t\t\t\t\t\t\t<a href=\"https:\/\/www.noscopains.ca\/fr\/blogue\/rencontrer-lucy\/\" aria-label=\"Rencontrer Lucy\">\n\t\t\t\t\t\t\t<img decoding=\"async\" width=\"921\" height=\"502\" src=\"https:\/\/www.noscopains.ca\/wp-content\/uploads\/2022\/10\/lucy-fund-blog.jpg\" class=\"attachment-full size-full wp-post-image\" alt=\"lucy-fund-blog\" srcset=\"https:\/\/www.noscopains.ca\/wp-content\/uploads\/2022\/10\/lucy-fund-blog-200x109.jpg 200w, https:\/\/www.noscopains.ca\/wp-content\/uploads\/2022\/10\/lucy-fund-blog-400x218.jpg 400w, https:\/\/www.noscopains.ca\/wp-content\/uploads\/2022\/10\/lucy-fund-blog-600x327.jpg 600w, https:\/\/www.noscopains.ca\/wp-content\/uploads\/2022\/10\/lucy-fund-blog-800x436.jpg 800w, https:\/\/www.noscopains.ca\/wp-content\/uploads\/2022\/10\/lucy-fund-blog.jpg 921w\" sizes=\"(min-width: 2200px) 100vw, (min-width: 732px) 641px, (min-width: 640px) 732px, \" \/>\t\t\t<\/a>\n\t\t\t\t\t\t\t<\/div>\n<\/li>\n\t\t\t\n\t\t\t\n\t\t\t\t\t\t\t\t\t\t\t\t\t\t\t\t\t\t\t\t\t\t\t\t\t\t\t\t\t\t\t\t\t\t\t\t\t\t\t\t\t\t\t\t\t\t\t\t\t\t\t\t\t\t\t\t\t\t\t\t\t\t\t\t\t\t\t\t<\/ul>\n\t<\/div>\n\t<div class=\"fusion-post-content-wrapper\" style=\"padding:30px 25px 25px 25px;\"><div class=\"fusion-post-content post-content\"><h2 class=\"blog-shortcode-post-title entry-title\"><a href=\"https:\/\/www.noscopains.ca\/fr\/blogue\/rencontrer-lucy\/\">Rencontrer Lucy<\/a><\/h2><div class=\"fusion-content-sep sep-double sep-solid\"><\/div><div class=\"fusion-post-content-container\"><p>Quand Averil Robinson a fond\u00e9 Nos Copains il y a 25 ans, elle a mis en marche un processus qui a conduit il y a seulement un an \u00e0 un [...]<\/p><\/div><\/div><div class=\"fusion-meta-info\"><div class=\"fusion-alignleft\"><a class=\"fusion-read-more\" href=\"https:\/\/www.noscopains.ca\/fr\/blogue\/rencontrer-lucy\/\" aria-label=\"More on Rencontrer Lucy\">En savoir plus<\/a><\/div><\/div><\/div><div class=\"fusion-clearfix\"><\/div><\/div>\n<\/article>\n<div class=\"fusion-clearfix\"><\/div><\/div><\/div><\/div><\/div><div class=\"fusion-layout-column fusion_builder_column fusion-builder-column-2 fusion_builder_column_1_4 1_4 fusion-flex-column fusion-animated\" style=\"--awb-padding-top:4%;--awb-padding-right:10%;--awb-padding-left:10%;--awb-bg-size:cover;--awb-width-large:25%;--awb-margin-top-large:0px;--awb-spacing-right-large:7.68%;--awb-margin-bottom-large:20px;--awb-spacing-left-large:7.68%;--awb-width-medium:25%;--awb-order-medium:0;--awb-spacing-right-medium:7.68%;--awb-spacing-left-medium:7.68%;--awb-width-small:100%;--awb-order-small:0;--awb-spacing-right-small:1.92%;--awb-spacing-left-small:1.92%;\" data-animationType=\"fadeInRight\" data-animationDuration=\"1.0\" data-animationOffset=\"top-into-view\"><div class=\"fusion-column-wrapper fusion-column-has-shadow fusion-flex-justify-content-flex-start fusion-content-layout-column\"><div class=\"fusion-widget-area awb-widget-area-element fusion-widget-area-1 fusion-content-widget-area\" style=\"--awb-title-color:#007c40;--awb-padding:0px 0px 0px 0px;\">\n\t\t<section id=\"recent-posts-2\" class=\"widget widget_recent_entries\" style=\"border-style: solid;border-color:transparent;border-width:0px;\">\n\t\t<div class=\"heading\"><h4 class=\"widget-title\">Postes r\u00e9cents<\/h4><\/div>\n\t\t<ul>\n\t\t\t\t\t\t\t\t\t\t\t<li>\n\t\t\t\t\t<a href=\"https:\/\/www.noscopains.ca\/fr\/blogue\/bienvenue-sur-le-nouveau-site-de-nos-copains\/\">Bienvenue sur le nouveau site de Nos Copains.<\/a>\n\t\t\t\t\t\t\t\t\t<\/li>\n\t\t\t\t\t\t\t\t\t\t\t<li>\n\t\t\t\t\t<a href=\"https:\/\/www.noscopains.ca\/fr\/blogue\/rencontrer-lucy\/\">Rencontrer Lucy<\/a>\n\t\t\t\t\t\t\t\t\t<\/li>\n\t\t\t\t\t<\/ul>\n\n\t\t<\/section><section id=\"categories-3\" class=\"widget widget_categories\" style=\"border-style: solid;border-color:transparent;border-width:0px;\"><div class=\"heading\"><h4 class=\"widget-title\">Cat\u00e9gories<\/h4><\/div>\n\t\t\t<ul>\n\t\t\t\t\t<li class=\"cat-item cat-item-4\"><a href=\"https:\/\/www.noscopains.ca\/fr\/category\/blogue\/\">Blogue<\/a>\n<\/li>\n\t<li class=\"cat-item cat-item-151\"><a href=\"https:\/\/www.noscopains.ca\/fr\/category\/blogue\/cremation-danimaux\/\">Cr\u00e9mation d&#039;animaux<\/a>\n<\/li>\n\t<li class=\"cat-item cat-item-152\"><a href=\"https:\/\/www.noscopains.ca\/fr\/category\/blogue\/le-fonds-lucy\/\">Le Fonds Lucy<\/a>\n<\/li>\n\t<li class=\"cat-item cat-item-150\"><a href=\"https:\/\/www.noscopains.ca\/fr\/category\/blogue\/nouvelles-et-evenements\/\">Nouvelles et \u00e9v\u00e9nements<\/a>\n<\/li>\n\t<li class=\"cat-item cat-item-149\"><a href=\"https:\/\/www.noscopains.ca\/fr\/category\/blogue\/produits-commemoratifs\/\">Produits comm\u00e9moratifs<\/a>\n<\/li>\n\t<li class=\"cat-item cat-item-148\"><a href=\"https:\/\/www.noscopains.ca\/fr\/category\/blogue\/produits-funeraires\/\">Produits fun\u00e9raires<\/a>\n<\/li>\n\t\t\t<\/ul>\n\n\t\t\t<\/section><section id=\"social_links-widget-2\" class=\"widget social_links\" style=\"border-style: solid;border-color:transparent;border-width:0px;\"><div class=\"heading\"><h4 class=\"widget-title\">Suivez-nous<\/h4><\/div>\n\t\t<div class=\"fusion-social-networks boxed-icons\">\n\n\t\t\t<div class=\"fusion-social-networks-wrapper\">\n\t\t\t\t\t\t\t\t\t\t\t\t\t\t\t\t\t\t\t\t\t\t\t\t\t\t\t\t\n\t\t\t\t\t\t\n\t\t\t\t\t\t\t\t\t\t\t\t\t\t\t\t\t\t\t\t\t\t\t\t\t\t\t\t\t\t\t\t\t\t\t<a class=\"fusion-social-network-icon fusion-tooltip fusion-facebook awb-icon-facebook\" href=\"https:\/\/www.facebook.com\/pages\/Pet-Friends\/235995613116142\"  data-placement=\"top\" data-title=\"Facebook\" data-toggle=\"tooltip\" data-original-title=\"\"  title=\"Facebook\" aria-label=\"Facebook\" rel=\"noopener noreferrer\" target=\"_self\" style=\"border-radius:4px;padding:8px;font-size:16px;color:#007c40;background-color:#faf4d4;border-color:#faf4d4;\"><\/a>\n\t\t\t\t\t\t\t\t\t\t\t\n\t\t\t\t\t\t\t\t\t\t\n\t\t\t\t\n\t\t\t<\/div>\n\t\t<\/div>\n\n\t\t<\/section><section id=\"search-2\" class=\"widget widget_search\"><div class=\"heading\"><h4 class=\"widget-title\">Rechercher<\/h4><\/div>\t\t<form role=\"search\" class=\"searchform fusion-search-form  fusion-search-form-classic\" method=\"get\" action=\"https:\/\/www.noscopains.ca\/fr\/\">\n\t\t\t<div class=\"fusion-search-form-content\">\n\n\t\t\t\t\n\t\t\t\t<div class=\"fusion-search-field search-field\">\n\t\t\t\t\t<label><span class=\"screen-reader-text\">Search for:<\/span>\n\t\t\t\t\t\t\t\t\t\t\t\t\t<input type=\"search\" value=\"\" name=\"s\" class=\"s\" placeholder=\"Rechercher...\" required aria-required=\"true\" aria-label=\"Rechercher...\"\/>\n\t\t\t\t\t\t\t\t\t\t\t<\/label>\n\t\t\t\t<\/div>\n\t\t\t\t<div class=\"fusion-search-button search-button\">\n\t\t\t\t\t<input type=\"submit\" class=\"fusion-search-submit searchsubmit\" aria-label=\"Rechercher\" value=\"&#xf002;\" \/>\n\t\t\t\t\t\t\t\t\t<\/div>\n\n\t\t\t\t\n\t\t\t<\/div>\n\n\n\t\t\t\n\t\t<\/form>\n\t\t<\/section><div class=\"fusion-additional-widget-content\"><\/div><\/div><\/div><\/div><\/div><\/div>\n","protected":false},"excerpt":{"rendered":"","protected":false},"author":4,"featured_media":0,"parent":0,"menu_order":6,"comment_status":"closed","ping_status":"closed","template":"","meta":{"footnotes":""},"class_list":["post-8940","page","type-page","status-publish","hentry"],"yoast_head":"<!-- This site is optimized with the Yoast SEO plugin v26.9 - https:\/\/yoast.com\/product\/yoast-seo-wordpress\/ -->\n<title>Blogue - Pet Friends<\/title>\n<meta name=\"robots\" content=\"index, follow, max-snippet:-1, max-image-preview:large, max-video-preview:-1\" \/>\n<link rel=\"canonical\" href=\"https:\/\/www.noscopains.ca\/fr\/blogue\/\" \/>\n<meta name=\"twitter:label1\" content=\"Dur\u00e9e de lecture estim\u00e9e\" \/>\n\t<meta name=\"twitter:data1\" content=\"3 minutes\" \/>\n<script type=\"application\/ld+json\" class=\"yoast-schema-graph\">{\"@context\":\"https:\/\/schema.org\",\"@graph\":[{\"@type\":\"WebPage\",\"@id\":\"https:\/\/www.noscopains.ca\/fr\/blogue\/\",\"url\":\"https:\/\/www.noscopains.ca\/fr\/blogue\/\",\"name\":\"Blogue - Pet Friends\",\"isPartOf\":{\"@id\":\"https:\/\/www.noscopains.ca\/#website\"},\"datePublished\":\"2021-08-04T14:55:51+00:00\",\"dateModified\":\"2022-12-06T18:15:46+00:00\",\"breadcrumb\":{\"@id\":\"https:\/\/www.noscopains.ca\/fr\/blogue\/#breadcrumb\"},\"inLanguage\":\"fr-FR\",\"potentialAction\":[{\"@type\":\"ReadAction\",\"target\":[\"https:\/\/www.noscopains.ca\/fr\/blogue\/\"]}]},{\"@type\":\"BreadcrumbList\",\"@id\":\"https:\/\/www.noscopains.ca\/fr\/blogue\/#breadcrumb\",\"itemListElement\":[{\"@type\":\"ListItem\",\"position\":1,\"name\":\"Accueil\",\"item\":\"https:\/\/www.noscopains.ca\/fr\/\"},{\"@type\":\"ListItem\",\"position\":2,\"name\":\"Blogue\"}]},{\"@type\":\"WebSite\",\"@id\":\"https:\/\/www.noscopains.ca\/#website\",\"url\":\"https:\/\/www.noscopains.ca\/\",\"name\":\"Pet Friends\",\"description\":\"Pet Cremation Services\",\"potentialAction\":[{\"@type\":\"SearchAction\",\"target\":{\"@type\":\"EntryPoint\",\"urlTemplate\":\"https:\/\/www.noscopains.ca\/?s={search_term_string}\"},\"query-input\":{\"@type\":\"PropertyValueSpecification\",\"valueRequired\":true,\"valueName\":\"search_term_string\"}}],\"inLanguage\":\"fr-FR\"}]}<\/script>\n<!-- \/ Yoast SEO plugin. -->","yoast_head_json":{"title":"Blogue - Pet Friends","robots":{"index":"index","follow":"follow","max-snippet":"max-snippet:-1","max-image-preview":"max-image-preview:large","max-video-preview":"max-video-preview:-1"},"canonical":"https:\/\/www.noscopains.ca\/fr\/blogue\/","twitter_misc":{"Dur\u00e9e de lecture estim\u00e9e":"3 minutes"},"schema":{"@context":"https:\/\/schema.org","@graph":[{"@type":"WebPage","@id":"https:\/\/www.noscopains.ca\/fr\/blogue\/","url":"https:\/\/www.noscopains.ca\/fr\/blogue\/","name":"Blogue - Pet Friends","isPartOf":{"@id":"https:\/\/www.noscopains.ca\/#website"},"datePublished":"2021-08-04T14:55:51+00:00","dateModified":"2022-12-06T18:15:46+00:00","breadcrumb":{"@id":"https:\/\/www.noscopains.ca\/fr\/blogue\/#breadcrumb"},"inLanguage":"fr-FR","potentialAction":[{"@type":"ReadAction","target":["https:\/\/www.noscopains.ca\/fr\/blogue\/"]}]},{"@type":"BreadcrumbList","@id":"https:\/\/www.noscopains.ca\/fr\/blogue\/#breadcrumb","itemListElement":[{"@type":"ListItem","position":1,"name":"Accueil","item":"https:\/\/www.noscopains.ca\/fr\/"},{"@type":"ListItem","position":2,"name":"Blogue"}]},{"@type":"WebSite","@id":"https:\/\/www.noscopains.ca\/#website","url":"https:\/\/www.noscopains.ca\/","name":"Pet Friends","description":"Pet Cremation Services","potentialAction":[{"@type":"SearchAction","target":{"@type":"EntryPoint","urlTemplate":"https:\/\/www.noscopains.ca\/?s={search_term_string}"},"query-input":{"@type":"PropertyValueSpecification","valueRequired":true,"valueName":"search_term_string"}}],"inLanguage":"fr-FR"}]}},"_links":{"self":[{"href":"https:\/\/www.noscopains.ca\/fr\/wp-json\/wp\/v2\/pages\/8940","targetHints":{"allow":["GET"]}}],"collection":[{"href":"https:\/\/www.noscopains.ca\/fr\/wp-json\/wp\/v2\/pages"}],"about":[{"href":"https:\/\/www.noscopains.ca\/fr\/wp-json\/wp\/v2\/types\/page"}],"author":[{"embeddable":true,"href":"https:\/\/www.noscopains.ca\/fr\/wp-json\/wp\/v2\/users\/4"}],"replies":[{"embeddable":true,"href":"https:\/\/www.noscopains.ca\/fr\/wp-json\/wp\/v2\/comments?post=8940"}],"version-history":[{"count":0,"href":"https:\/\/www.noscopains.ca\/fr\/wp-json\/wp\/v2\/pages\/8940\/revisions"}],"wp:attachment":[{"href":"https:\/\/www.noscopains.ca\/fr\/wp-json\/wp\/v2\/media?parent=8940"}],"curies":[{"name":"wp","href":"https:\/\/api.w.org\/{rel}","templated":true}]}}