{"id":8938,"date":"2021-07-13T08:43:14","date_gmt":"2021-07-13T08:43:14","guid":{"rendered":"http:\/\/www.noscopains.ca\/in-memoriam\/lucy-fund\/"},"modified":"2023-02-19T15:01:01","modified_gmt":"2023-02-19T20:01:01","slug":"fonds-lucy","status":"publish","type":"page","link":"https:\/\/www.noscopains.ca\/fr\/en-memoire\/fonds-lucy\/","title":{"rendered":"Fonds Lucy"},"content":{"rendered":"<p><div class=\"fusion-fullwidth fullwidth-box fusion-builder-row-1 fusion-flex-container nonhundred-percent-fullwidth non-hundred-percent-height-scrolling\" style=\"--awb-border-radius-top-left:0px;--awb-border-radius-top-right:0px;--awb-border-radius-bottom-right:0px;--awb-border-radius-bottom-left:0px;\" ><div class=\"fusion-builder-row fusion-row fusion-flex-align-items-flex-start\" style=\"max-width:1352px;margin-left: calc(-4% \/ 2 );margin-right: calc(-4% \/ 2 );\"><div class=\"fusion-layout-column fusion_builder_column fusion-builder-column-0 fusion_builder_column_1_1 1_1 fusion-flex-column\" style=\"--awb-bg-size:cover;--awb-width-large:100%;--awb-margin-top-large:0px;--awb-spacing-right-large:1.92%;--awb-margin-bottom-large:20px;--awb-spacing-left-large:1.92%;--awb-width-medium:100%;--awb-order-medium:0;--awb-spacing-right-medium:1.92%;--awb-spacing-left-medium:1.92%;--awb-width-small:100%;--awb-order-small:0;--awb-spacing-right-small:1.92%;--awb-spacing-left-small:1.92%;\"><div class=\"fusion-column-wrapper fusion-column-has-shadow fusion-flex-justify-content-flex-start fusion-content-layout-column\"><div class=\"fusion-text fusion-text-1\"><h1>Le Fonds Lucy<\/h1>\n<p>Averil Robinson a fond\u00e9 Nos Copains inc. il y a 25 ans et depuis lors, il a fourni un endroit s\u00fbr et s\u00e9curis\u00e9 aux familles et \u00e0 leurs animaux de compagnie bien-aim\u00e9s et d\u00e9c\u00e9d\u00e9s dans un environnement chaleureux, humain et compatissant.<\/p>\n<p>Elle avait toujours \u00e9t\u00e9 profond\u00e9ment attrist\u00e9e par les nombreux co\u00fbts que les propri\u00e9taires d\u2019animaux devaient payer lorsque leurs fid\u00e8les compagnons avaient besoin d\u2019interventions chirurgicales importantes, mais lorsqu\u2019elle a rencontr\u00e9 Lucy, une adorable m\u00e9tisse maltaise, et sa famille aimante, elle a d\u00e9cid\u00e9 de faire quelque chose. En fait, ce \u00ab\u2009quelque chose\u2009\u00bb allait changer sa vie professionnelle.<\/p>\n<p>La famille a d\u00fb faire face \u00e0 une d\u00e9cision angoissante. C\u2019\u00e9tait soit pour laisser mourir leur bien-aim\u00e9e Lucy, soit pour \u00eatre euthanasi\u00e9e., sachant qu\u2019ils n\u2019avaient pas assez d\u2019argent pour couvrir les couts de gu\u00e9rir leur animal. La plus grande difficult\u00e9 pour la famille \u00e9tait de savoir que s\u2019ils avaient l\u2019argent, ils pourraient lui sauver la vie.<\/p>\n<p>La r\u00e9action d\u2019Averil en entendant cela ? Nos Copains paiera pour cela ! Le Fonds Lucy est devenu une r\u00e9alit\u00e9.<\/p>\n<p>Loi canadienne sur les organisations \u00e0 but non lucratif #1464611-8<\/p>\n<\/div><\/div><\/div><\/div><\/div><div class=\"fusion-fullwidth fullwidth-box fusion-builder-row-2 fusion-flex-container nonhundred-percent-fullwidth non-hundred-percent-height-scrolling\" style=\"--awb-border-radius-top-left:0px;--awb-border-radius-top-right:0px;--awb-border-radius-bottom-right:0px;--awb-border-radius-bottom-left:0px;\" ><div class=\"fusion-builder-row fusion-row fusion-flex-align-items-center\" style=\"max-width:1352px;margin-left: calc(-4% \/ 2 );margin-right: calc(-4% \/ 2 );\"><div class=\"fusion-layout-column fusion_builder_column fusion-builder-column-1 fusion_builder_column_1_3 1_3 fusion-flex-column\" style=\"--awb-bg-size:cover;--awb-width-large:33.333333333333%;--awb-margin-top-large:0px;--awb-spacing-right-large:5.76%;--awb-margin-bottom-large:20px;--awb-spacing-left-large:5.76%;--awb-width-medium:33.333333333333%;--awb-order-medium:0;--awb-spacing-right-medium:5.76%;--awb-spacing-left-medium:5.76%;--awb-width-small:100%;--awb-order-small:0;--awb-spacing-right-small:1.92%;--awb-margin-bottom-small:40px;--awb-spacing-left-small:1.92%;\"><div class=\"fusion-column-wrapper fusion-column-has-shadow fusion-flex-justify-content-flex-start fusion-content-layout-column\"><div class=\"fusion-image-element \" style=\"--awb-caption-title-font-family:var(--h2_typography-font-family);--awb-caption-title-font-weight:var(--h2_typography-font-weight);--awb-caption-title-font-style:var(--h2_typography-font-style);--awb-caption-title-size:var(--h2_typography-font-size);--awb-caption-title-transform:var(--h2_typography-text-transform);--awb-caption-title-line-height:var(--h2_typography-line-height);--awb-caption-title-letter-spacing:var(--h2_typography-letter-spacing);\"><span class=\" fusion-imageframe imageframe-none imageframe-1 hover-type-none\" class=\"image-magnify\" class=\"image-scroll\"><img decoding=\"async\" width=\"399\" height=\"532\" alt=\"Lucy\" title=\"lucy-fund-final\" src=\"https:\/\/www.noscopains.ca\/wp-content\/uploads\/2022\/12\/lucy-fund-final.jpg\" class=\"img-responsive wp-image-9418\" srcset=\"https:\/\/www.noscopains.ca\/wp-content\/uploads\/2022\/12\/lucy-fund-final-200x267.jpg 200w, https:\/\/www.noscopains.ca\/wp-content\/uploads\/2022\/12\/lucy-fund-final.jpg 399w\" sizes=\"(max-width: 640px) 100vw, 399px\" \/><\/span><\/div><\/div><\/div><div class=\"fusion-layout-column fusion_builder_column fusion-builder-column-2 fusion_builder_column_2_3 2_3 fusion-flex-column\" style=\"--awb-padding-top-small:40px;--awb-bg-size:cover;--awb-width-large:66.666666666667%;--awb-margin-top-large:0px;--awb-spacing-right-large:2.88%;--awb-margin-bottom-large:20px;--awb-spacing-left-large:2.88%;--awb-width-medium:66.666666666667%;--awb-order-medium:0;--awb-spacing-right-medium:2.88%;--awb-spacing-left-medium:2.88%;--awb-width-small:100%;--awb-order-small:0;--awb-spacing-right-small:1.92%;--awb-spacing-left-small:1.92%;\"><div class=\"fusion-column-wrapper fusion-column-has-shadow fusion-flex-justify-content-flex-start fusion-content-layout-column\"><div class=\"fusion-text fusion-text-2\"><h3>Comment vous pouvez aider<\/h3>\n<p>Nous accueillons vos dons. Certains de nos g\u00e9n\u00e9reux donateurs ont contribu\u00e9 au Fonds Lucy chaque ann\u00e9e le jour de l\u2019anniversaire de leur compagnon d\u00e9c\u00e9d\u00e9.<\/p>\n<p>Il y a tellement de raisons de soutenir le Lucy Fund. Mais certains des plus importants ? Le sourire sur le visage d\u2019un petit enfant, ou le grand bonheur apport\u00e9 \u00e0 une personne \u00e2g\u00e9e qui est sur le point de perdre son bel animal de compagnie parce qu\u2019elle n\u2019a tout simplement pas l\u2019argent pour le sauver.<\/p>\n<p><strong><em>Soutenez le Lucy Fund aujourd\u2019hui<\/em><\/strong>, de toutes les mani\u00e8res possibles.<\/p>\n<p>La famille des amis des animaux de compagnie.<\/p>\n<\/div><\/div><\/div><\/div><\/div><\/p>\n","protected":false},"excerpt":{"rendered":"","protected":false},"author":4,"featured_media":0,"parent":8544,"menu_order":0,"comment_status":"closed","ping_status":"closed","template":"100-width.php","meta":{"footnotes":""},"class_list":["post-8938","page","type-page","status-publish","hentry"],"yoast_head":"<!-- This site is optimized with the Yoast SEO plugin v26.9 - https:\/\/yoast.com\/product\/yoast-seo-wordpress\/ -->\n<title>Fonds Lucy - Pet Friends<\/title>\n<meta name=\"robots\" content=\"index, follow, max-snippet:-1, max-image-preview:large, max-video-preview:-1\" \/>\n<link rel=\"canonical\" href=\"https:\/\/www.noscopains.ca\/fr\/en-memoire\/fonds-lucy\/\" \/>\n<meta name=\"twitter:label1\" content=\"Dur\u00e9e de lecture estim\u00e9e\" \/>\n\t<meta name=\"twitter:data1\" content=\"5 minutes\" \/>\n<script type=\"application\/ld+json\" class=\"yoast-schema-graph\">{\"@context\":\"https:\/\/schema.org\",\"@graph\":[{\"@type\":\"WebPage\",\"@id\":\"https:\/\/www.noscopains.ca\/fr\/en-memoire\/fonds-lucy\/\",\"url\":\"https:\/\/www.noscopains.ca\/fr\/en-memoire\/fonds-lucy\/\",\"name\":\"Fonds Lucy - Pet Friends\",\"isPartOf\":{\"@id\":\"https:\/\/www.noscopains.ca\/#website\"},\"datePublished\":\"2021-07-13T08:43:14+00:00\",\"dateModified\":\"2023-02-19T20:01:01+00:00\",\"breadcrumb\":{\"@id\":\"https:\/\/www.noscopains.ca\/fr\/en-memoire\/fonds-lucy\/#breadcrumb\"},\"inLanguage\":\"fr-FR\",\"potentialAction\":[{\"@type\":\"ReadAction\",\"target\":[\"https:\/\/www.noscopains.ca\/fr\/en-memoire\/fonds-lucy\/\"]}]},{\"@type\":\"BreadcrumbList\",\"@id\":\"https:\/\/www.noscopains.ca\/fr\/en-memoire\/fonds-lucy\/#breadcrumb\",\"itemListElement\":[{\"@type\":\"ListItem\",\"position\":1,\"name\":\"Accueil\",\"item\":\"https:\/\/www.noscopains.ca\/fr\/\"},{\"@type\":\"ListItem\",\"position\":2,\"name\":\"En memoire\",\"item\":\"https:\/\/www.noscopains.ca\/fr\/en-memoire\/\"},{\"@type\":\"ListItem\",\"position\":3,\"name\":\"Fonds Lucy\"}]},{\"@type\":\"WebSite\",\"@id\":\"https:\/\/www.noscopains.ca\/#website\",\"url\":\"https:\/\/www.noscopains.ca\/\",\"name\":\"Pet Friends\",\"description\":\"Pet Cremation Services\",\"potentialAction\":[{\"@type\":\"SearchAction\",\"target\":{\"@type\":\"EntryPoint\",\"urlTemplate\":\"https:\/\/www.noscopains.ca\/?s={search_term_string}\"},\"query-input\":{\"@type\":\"PropertyValueSpecification\",\"valueRequired\":true,\"valueName\":\"search_term_string\"}}],\"inLanguage\":\"fr-FR\"}]}<\/script>\n<!-- \/ Yoast SEO plugin. -->","yoast_head_json":{"title":"Fonds Lucy - Pet Friends","robots":{"index":"index","follow":"follow","max-snippet":"max-snippet:-1","max-image-preview":"max-image-preview:large","max-video-preview":"max-video-preview:-1"},"canonical":"https:\/\/www.noscopains.ca\/fr\/en-memoire\/fonds-lucy\/","twitter_misc":{"Dur\u00e9e de lecture estim\u00e9e":"5 minutes"},"schema":{"@context":"https:\/\/schema.org","@graph":[{"@type":"WebPage","@id":"https:\/\/www.noscopains.ca\/fr\/en-memoire\/fonds-lucy\/","url":"https:\/\/www.noscopains.ca\/fr\/en-memoire\/fonds-lucy\/","name":"Fonds Lucy - Pet Friends","isPartOf":{"@id":"https:\/\/www.noscopains.ca\/#website"},"datePublished":"2021-07-13T08:43:14+00:00","dateModified":"2023-02-19T20:01:01+00:00","breadcrumb":{"@id":"https:\/\/www.noscopains.ca\/fr\/en-memoire\/fonds-lucy\/#breadcrumb"},"inLanguage":"fr-FR","potentialAction":[{"@type":"ReadAction","target":["https:\/\/www.noscopains.ca\/fr\/en-memoire\/fonds-lucy\/"]}]},{"@type":"BreadcrumbList","@id":"https:\/\/www.noscopains.ca\/fr\/en-memoire\/fonds-lucy\/#breadcrumb","itemListElement":[{"@type":"ListItem","position":1,"name":"Accueil","item":"https:\/\/www.noscopains.ca\/fr\/"},{"@type":"ListItem","position":2,"name":"En memoire","item":"https:\/\/www.noscopains.ca\/fr\/en-memoire\/"},{"@type":"ListItem","position":3,"name":"Fonds Lucy"}]},{"@type":"WebSite","@id":"https:\/\/www.noscopains.ca\/#website","url":"https:\/\/www.noscopains.ca\/","name":"Pet Friends","description":"Pet Cremation Services","potentialAction":[{"@type":"SearchAction","target":{"@type":"EntryPoint","urlTemplate":"https:\/\/www.noscopains.ca\/?s={search_term_string}"},"query-input":{"@type":"PropertyValueSpecification","valueRequired":true,"valueName":"search_term_string"}}],"inLanguage":"fr-FR"}]}},"_links":{"self":[{"href":"https:\/\/www.noscopains.ca\/fr\/wp-json\/wp\/v2\/pages\/8938","targetHints":{"allow":["GET"]}}],"collection":[{"href":"https:\/\/www.noscopains.ca\/fr\/wp-json\/wp\/v2\/pages"}],"about":[{"href":"https:\/\/www.noscopains.ca\/fr\/wp-json\/wp\/v2\/types\/page"}],"author":[{"embeddable":true,"href":"https:\/\/www.noscopains.ca\/fr\/wp-json\/wp\/v2\/users\/4"}],"replies":[{"embeddable":true,"href":"https:\/\/www.noscopains.ca\/fr\/wp-json\/wp\/v2\/comments?post=8938"}],"version-history":[{"count":6,"href":"https:\/\/www.noscopains.ca\/fr\/wp-json\/wp\/v2\/pages\/8938\/revisions"}],"predecessor-version":[{"id":9515,"href":"https:\/\/www.noscopains.ca\/fr\/wp-json\/wp\/v2\/pages\/8938\/revisions\/9515"}],"up":[{"embeddable":true,"href":"https:\/\/www.noscopains.ca\/fr\/wp-json\/wp\/v2\/pages\/8544"}],"wp:attachment":[{"href":"https:\/\/www.noscopains.ca\/fr\/wp-json\/wp\/v2\/media?parent=8938"}],"curies":[{"name":"wp","href":"https:\/\/api.w.org\/{rel}","templated":true}]}}