{"id":8937,"date":"2021-07-13T08:41:17","date_gmt":"2021-07-13T08:41:17","guid":{"rendered":"http:\/\/www.noscopains.ca\/our-products\/"},"modified":"2022-12-06T18:54:15","modified_gmt":"2022-12-06T18:54:15","slug":"nos-produits","status":"publish","type":"page","link":"https:\/\/www.noscopains.ca\/fr\/nos-produits\/","title":{"rendered":"Nos produits"},"content":{"rendered":"<p><div class=\"fusion-fullwidth fullwidth-box fusion-builder-row-1 fusion-flex-container nonhundred-percent-fullwidth non-hundred-percent-height-scrolling\" style=\"--awb-background-position:left top;--awb-border-radius-top-left:0px;--awb-border-radius-top-right:0px;--awb-border-radius-bottom-right:0px;--awb-border-radius-bottom-left:0px;\" ><div class=\"fusion-builder-row fusion-row fusion-flex-align-items-stretch\" style=\"max-width:1352px;margin-left: calc(-4% \/ 2 );margin-right: calc(-4% \/ 2 );\"><div class=\"fusion-layout-column fusion_builder_column fusion-builder-column-0 fusion_builder_column_1_1 1_1 fusion-flex-column\" style=\"--awb-bg-size:cover;--awb-width-large:100%;--awb-margin-top-large:0px;--awb-spacing-right-large:0;--awb-margin-bottom-large:20px;--awb-spacing-left-large:0;--awb-width-medium:100%;--awb-order-medium:0;--awb-spacing-right-medium:0;--awb-spacing-left-medium:0;--awb-width-small:100%;--awb-order-small:0;--awb-spacing-right-small:1.92%;--awb-spacing-left-small:1.92%;\"><div class=\"fusion-column-wrapper fusion-column-has-shadow fusion-flex-justify-content-flex-start fusion-content-layout-column fusion-content-nowrap\"><div class=\"fusion-text fusion-text-1\"><h1>Nos produits<\/h1>\n<h2>Urnes, souvenirs et produits fun\u00e9raires<\/h2>\n<p>Nous offrons une vaste gamme de souvenirs, de produits fun\u00e9raires et d\u2019urnes pour honorer et se souvenir de votre animal de compagnie bien-aim\u00e9. S\u00e9lectionnez une cat\u00e9gorie ci-dessous et parcourez nos produits. Soyez assur\u00e9 que notre \u00e9quipe est disponible pour vous aider \u00e0 choisir les bons produits et la taille appropri\u00e9e pour votre compagnon de confiance. Appelez-nous au (514) 947-0168. Vous pouvez \u00e9galement visiter notre salle d\u2019exposition pour voir la s\u00e9lection compl\u00e8te, mais assurez-vous d\u2019appeler \u00e0 l\u2019avance.<\/p>\n<\/div><\/div><\/div><\/div><\/div><div class=\"fusion-fullwidth fullwidth-box fusion-builder-row-2 fusion-flex-container nonhundred-percent-fullwidth non-hundred-percent-height-scrolling\" style=\"--awb-border-radius-top-left:0px;--awb-border-radius-top-right:0px;--awb-border-radius-bottom-right:0px;--awb-border-radius-bottom-left:0px;\" ><div class=\"fusion-builder-row fusion-row fusion-flex-align-items-flex-start\" style=\"max-width:1352px;margin-left: calc(-4% \/ 2 );margin-right: calc(-4% \/ 2 );\"><div class=\"fusion-layout-column fusion_builder_column fusion-builder-column-1 fusion_builder_column_1_5 1_5 fusion-flex-column product-landing-titles\" style=\"--awb-bg-size:cover;--awb-width-large:20%;--awb-margin-top-large:0px;--awb-spacing-right-large:9.6%;--awb-margin-bottom-large:20px;--awb-spacing-left-large:9.6%;--awb-width-medium:20%;--awb-order-medium:0;--awb-spacing-right-medium:9.6%;--awb-spacing-left-medium:9.6%;--awb-width-small:100%;--awb-order-small:0;--awb-spacing-right-small:1.92%;--awb-spacing-left-small:1.92%;\"><div class=\"fusion-column-wrapper fusion-column-has-shadow fusion-flex-justify-content-flex-start fusion-content-layout-column\"><div class=\"fusion-widget-area awb-widget-area-element fusion-widget-area-1 fusion-content-widget-area\" style=\"--awb-title-color:#007c40;--awb-padding:0px 0px 0px 0px;\"><div id=\"woocommerce_product_search-2\" class=\"widget woocommerce widget_product_search\" style=\"border-style: solid;border-color:transparent;border-width:0px;\"><div class=\"heading\"><h4 class=\"widget-title\">Rechercher<\/h4><\/div>\n<form role=\"search\" method=\"get\" class=\"searchform\" action=\"https:\/\/www.noscopains.ca\/fr\/\">\n\t<div>\n\t\t<input type=\"text\" value=\"\" name=\"s\" class=\"s\" placeholder=\"Rechercher...\" \/>\n\t\t<input type=\"hidden\" name=\"post_type\" value=\"product\" \/>\n\t<\/div>\n<\/form>\n<\/div><div id=\"woocommerce_product_categories-2\" class=\"widget woocommerce widget_product_categories\" style=\"border-style: solid;border-color:transparent;border-width:0px;\"><div class=\"heading\"><h4 class=\"widget-title\">Product categories<\/h4><\/div><ul class=\"product-categories\"><li class=\"cat-item cat-item-136\"><a href=\"https:\/\/www.noscopains.ca\/fr\/product-category\/metal\/\">M\u00e9tal<\/a><\/li>\n<li class=\"cat-item cat-item-133\"><a href=\"https:\/\/www.noscopains.ca\/fr\/product-category\/produits-funeraires\/\">Produits fun\u00e9raires<\/a><\/li>\n<li class=\"cat-item cat-item-135 cat-parent\"><a href=\"https:\/\/www.noscopains.ca\/fr\/product-category\/souvenirs\/\">Souvenirs<\/a><ul class='children'>\n<li class=\"cat-item cat-item-145\"><a href=\"https:\/\/www.noscopains.ca\/fr\/product-category\/souvenirs\/bijoux-commemoratifs\/\">Bijoux comm\u00e9moratifs<\/a><\/li>\n<li class=\"cat-item cat-item-146\"><a href=\"https:\/\/www.noscopains.ca\/fr\/product-category\/souvenirs\/empreinte-de-patte\/\">Empreinte de patte<\/a><\/li>\n<\/ul>\n<\/li>\n<li class=\"cat-item cat-item-156\"><a href=\"https:\/\/www.noscopains.ca\/fr\/product-category\/sphere-commemorative-en-verre\/\">Sph\u00e8re comm\u00e9morative en verre<\/a><\/li>\n<li class=\"cat-item cat-item-137\"><a href=\"https:\/\/www.noscopains.ca\/fr\/product-category\/urnes-de-bois\/\">Urnes de bois<\/a><\/li>\n<li class=\"cat-item cat-item-134\"><a href=\"https:\/\/www.noscopains.ca\/fr\/product-category\/urnes-de-ceramique\/\">Urnes en c\u00e9ramique<\/a><\/li>\n<\/ul><\/div><div class=\"fusion-additional-widget-content\"><\/div><\/div><\/div><\/div><div class=\"fusion-layout-column fusion_builder_column fusion-builder-column-2 fusion_builder_column_4_5 4_5 fusion-flex-column product-landing-titles\" style=\"--awb-bg-size:cover;--awb-width-large:80%;--awb-margin-top-large:0px;--awb-spacing-right-large:2.4%;--awb-margin-bottom-large:20px;--awb-spacing-left-large:2.4%;--awb-width-medium:80%;--awb-order-medium:0;--awb-spacing-right-medium:2.4%;--awb-spacing-left-medium:2.4%;--awb-width-small:100%;--awb-order-small:0;--awb-spacing-right-small:1.92%;--awb-spacing-left-small:1.92%;\"><div class=\"fusion-column-wrapper fusion-column-has-shadow fusion-flex-justify-content-flex-start fusion-content-layout-column\"><div class=\"woocommerce columns-3\"><ul class=\"products clearfix products-3\">\n<li class=\"product-category product first product-grid-view\">\n\t<div class=\"fusion-product-wrapper\">\n<a aria-label=\"Acc\u00e9der \u00e0 la cat\u00e9gorie de produits Bijoux comm\u00e9moratifs\" href=\"https:\/\/www.noscopains.ca\/fr\/product-category\/souvenirs\/bijoux-commemoratifs\/\"><img decoding=\"async\" src=\"https:\/\/www.noscopains.ca\/wp-content\/uploads\/2022\/11\/memorial-jewelry.jpg\" alt=\"Bijoux comm\u00e9moratifs\" width=\"500\" height=\"\" srcset=\"https:\/\/www.noscopains.ca\/wp-content\/uploads\/2022\/11\/memorial-jewelry-66x66.jpg 66w, https:\/\/www.noscopains.ca\/wp-content\/uploads\/2022\/11\/memorial-jewelry-150x150.jpg 150w, https:\/\/www.noscopains.ca\/wp-content\/uploads\/2022\/11\/memorial-jewelry-200x200.jpg 200w, https:\/\/www.noscopains.ca\/wp-content\/uploads\/2022\/11\/memorial-jewelry-300x300.jpg 300w, https:\/\/www.noscopains.ca\/wp-content\/uploads\/2022\/11\/memorial-jewelry.jpg 317w\" sizes=\"(max-width: 317px) 100vw, 317px\" \/>\t\t<h2 class=\"woocommerce-loop-category__title\">\n\t\t\tBijoux comm\u00e9moratifs <mark class=\"count\">(13)<\/mark>\t\t<\/h2>\n\t\t<\/a><\/div>\n<\/li>\n<li class=\"product-category product product-grid-view\">\n\t<div class=\"fusion-product-wrapper\">\n<a aria-label=\"Acc\u00e9der \u00e0 la cat\u00e9gorie de produits Empreinte de patte\" href=\"https:\/\/www.noscopains.ca\/fr\/product-category\/souvenirs\/empreinte-de-patte\/\"><img decoding=\"async\" src=\"https:\/\/www.noscopains.ca\/wp-content\/uploads\/2023\/08\/Untitled-294-\u00d7-294-px-1-e1691065532710.png\" alt=\"Empreinte de patte\" width=\"500\" height=\"\" srcset=\"https:\/\/www.noscopains.ca\/wp-content\/uploads\/2023\/08\/Untitled-294-\u00d7-294-px-1-e1691065532710-200x193.png 200w, https:\/\/www.noscopains.ca\/wp-content\/uploads\/2023\/08\/Untitled-294-\u00d7-294-px-1-e1691065532710.png 277w\" sizes=\"(max-width: 277px) 100vw, 277px\" \/>\t\t<h2 class=\"woocommerce-loop-category__title\">\n\t\t\tEmpreinte de patte <mark class=\"count\">(5)<\/mark>\t\t<\/h2>\n\t\t<\/a><\/div>\n<\/li>\n<li class=\"product-category product last product-grid-view\">\n\t<div class=\"fusion-product-wrapper\">\n<a aria-label=\"Acc\u00e9der \u00e0 la cat\u00e9gorie de produits M\u00e9tal\" href=\"https:\/\/www.noscopains.ca\/fr\/product-category\/metal\/\"><img decoding=\"async\" src=\"https:\/\/www.noscopains.ca\/wp-content\/uploads\/2022\/03\/metal-urn-category-thumbnail.jpg\" alt=\"M\u00e9tal\" width=\"500\" height=\"\" srcset=\"https:\/\/www.noscopains.ca\/wp-content\/uploads\/2022\/03\/metal-urn-category-thumbnail-66x66.jpg 66w, https:\/\/www.noscopains.ca\/wp-content\/uploads\/2022\/03\/metal-urn-category-thumbnail-150x150.jpg 150w, https:\/\/www.noscopains.ca\/wp-content\/uploads\/2022\/03\/metal-urn-category-thumbnail-200x200.jpg 200w, https:\/\/www.noscopains.ca\/wp-content\/uploads\/2022\/03\/metal-urn-category-thumbnail.jpg 294w\" sizes=\"(max-width: 294px) 100vw, 294px\" \/>\t\t<h2 class=\"woocommerce-loop-category__title\">\n\t\t\tM\u00e9tal <mark class=\"count\">(10)<\/mark>\t\t<\/h2>\n\t\t<\/a><\/div>\n<\/li>\n<li class=\"product-category product first product-grid-view\">\n\t<div class=\"fusion-product-wrapper\">\n<a aria-label=\"Acc\u00e9der \u00e0 la cat\u00e9gorie de produits Produits fun\u00e9raires\" href=\"https:\/\/www.noscopains.ca\/fr\/product-category\/produits-funeraires\/\"><img decoding=\"async\" src=\"https:\/\/www.noscopains.ca\/wp-content\/uploads\/2022\/03\/wooden-casket-category-thumbnail.jpg\" alt=\"Produits fun\u00e9raires\" width=\"500\" height=\"\" srcset=\"https:\/\/www.noscopains.ca\/wp-content\/uploads\/2022\/03\/wooden-casket-category-thumbnail-66x66.jpg 66w, https:\/\/www.noscopains.ca\/wp-content\/uploads\/2022\/03\/wooden-casket-category-thumbnail-150x150.jpg 150w, https:\/\/www.noscopains.ca\/wp-content\/uploads\/2022\/03\/wooden-casket-category-thumbnail-200x200.jpg 200w, https:\/\/www.noscopains.ca\/wp-content\/uploads\/2022\/03\/wooden-casket-category-thumbnail.jpg 294w\" sizes=\"(max-width: 294px) 100vw, 294px\" \/>\t\t<h2 class=\"woocommerce-loop-category__title\">\n\t\t\tProduits fun\u00e9raires <mark class=\"count\">(6)<\/mark>\t\t<\/h2>\n\t\t<\/a><\/div>\n<\/li>\n<li class=\"product-category product product-grid-view\">\n\t<div class=\"fusion-product-wrapper\">\n<a aria-label=\"Acc\u00e9der \u00e0 la cat\u00e9gorie de produits Urnes de bois\" href=\"https:\/\/www.noscopains.ca\/fr\/product-category\/urnes-de-bois\/\"><img decoding=\"async\" src=\"https:\/\/www.noscopains.ca\/wp-content\/uploads\/2022\/03\/wood-urns-category-thumbnail.jpg\" alt=\"Urnes de bois\" width=\"500\" height=\"\" srcset=\"https:\/\/www.noscopains.ca\/wp-content\/uploads\/2022\/03\/wood-urns-category-thumbnail-66x66.jpg 66w, https:\/\/www.noscopains.ca\/wp-content\/uploads\/2022\/03\/wood-urns-category-thumbnail-150x150.jpg 150w, https:\/\/www.noscopains.ca\/wp-content\/uploads\/2022\/03\/wood-urns-category-thumbnail-200x200.jpg 200w, https:\/\/www.noscopains.ca\/wp-content\/uploads\/2022\/03\/wood-urns-category-thumbnail.jpg 294w\" sizes=\"(max-width: 294px) 100vw, 294px\" \/>\t\t<h2 class=\"woocommerce-loop-category__title\">\n\t\t\tUrnes de bois <mark class=\"count\">(4)<\/mark>\t\t<\/h2>\n\t\t<\/a><\/div>\n<\/li>\n<li class=\"product-category product last product-grid-view\">\n\t<div class=\"fusion-product-wrapper\">\n<a aria-label=\"Acc\u00e9der \u00e0 la cat\u00e9gorie de produits Urnes en c\u00e9ramique\" href=\"https:\/\/www.noscopains.ca\/fr\/product-category\/urnes-de-ceramique\/\"><img decoding=\"async\" src=\"https:\/\/www.noscopains.ca\/wp-content\/uploads\/2023\/08\/Untitled-294-\u00d7-294-px.png\" alt=\"Urnes en c\u00e9ramique\" width=\"500\" height=\"\" srcset=\"https:\/\/www.noscopains.ca\/wp-content\/uploads\/2023\/08\/Untitled-294-\u00d7-294-px-66x66.png 66w, https:\/\/www.noscopains.ca\/wp-content\/uploads\/2023\/08\/Untitled-294-\u00d7-294-px-150x150.png 150w, https:\/\/www.noscopains.ca\/wp-content\/uploads\/2023\/08\/Untitled-294-\u00d7-294-px-200x200.png 200w, https:\/\/www.noscopains.ca\/wp-content\/uploads\/2023\/08\/Untitled-294-\u00d7-294-px.png 294w\" sizes=\"(max-width: 294px) 100vw, 294px\" \/>\t\t<h2 class=\"woocommerce-loop-category__title\">\n\t\t\tUrnes en c\u00e9ramique <mark class=\"count\">(6)<\/mark>\t\t<\/h2>\n\t\t<\/a><\/div>\n<\/li>\n<\/ul>\n<\/div><\/div><\/div><\/div><\/div><\/p>\n","protected":false},"excerpt":{"rendered":"","protected":false},"author":4,"featured_media":0,"parent":0,"menu_order":3,"comment_status":"closed","ping_status":"closed","template":"100-width.php","meta":{"footnotes":""},"class_list":["post-8937","page","type-page","status-publish","hentry"],"yoast_head":"<!-- This site is optimized with the Yoast SEO plugin v26.9 - https:\/\/yoast.com\/product\/yoast-seo-wordpress\/ -->\n<title>Nos produits - Pet Friends<\/title>\n<meta name=\"robots\" content=\"index, follow, max-snippet:-1, max-image-preview:large, max-video-preview:-1\" \/>\n<link rel=\"canonical\" href=\"https:\/\/www.noscopains.ca\/fr\/nos-produits\/\" \/>\n<meta name=\"twitter:label1\" content=\"Dur\u00e9e de lecture estim\u00e9e\" \/>\n\t<meta name=\"twitter:data1\" content=\"3 minutes\" \/>\n<script type=\"application\/ld+json\" class=\"yoast-schema-graph\">{\"@context\":\"https:\/\/schema.org\",\"@graph\":[{\"@type\":\"WebPage\",\"@id\":\"https:\/\/www.noscopains.ca\/fr\/nos-produits\/\",\"url\":\"https:\/\/www.noscopains.ca\/fr\/nos-produits\/\",\"name\":\"Nos produits - Pet Friends\",\"isPartOf\":{\"@id\":\"https:\/\/www.noscopains.ca\/#website\"},\"datePublished\":\"2021-07-13T08:41:17+00:00\",\"dateModified\":\"2022-12-06T18:54:15+00:00\",\"breadcrumb\":{\"@id\":\"https:\/\/www.noscopains.ca\/fr\/nos-produits\/#breadcrumb\"},\"inLanguage\":\"fr-FR\",\"potentialAction\":[{\"@type\":\"ReadAction\",\"target\":[\"https:\/\/www.noscopains.ca\/fr\/nos-produits\/\"]}]},{\"@type\":\"BreadcrumbList\",\"@id\":\"https:\/\/www.noscopains.ca\/fr\/nos-produits\/#breadcrumb\",\"itemListElement\":[{\"@type\":\"ListItem\",\"position\":1,\"name\":\"Accueil\",\"item\":\"https:\/\/www.noscopains.ca\/fr\/\"},{\"@type\":\"ListItem\",\"position\":2,\"name\":\"Nos produits\"}]},{\"@type\":\"WebSite\",\"@id\":\"https:\/\/www.noscopains.ca\/#website\",\"url\":\"https:\/\/www.noscopains.ca\/\",\"name\":\"Pet Friends\",\"description\":\"Pet Cremation Services\",\"potentialAction\":[{\"@type\":\"SearchAction\",\"target\":{\"@type\":\"EntryPoint\",\"urlTemplate\":\"https:\/\/www.noscopains.ca\/?s={search_term_string}\"},\"query-input\":{\"@type\":\"PropertyValueSpecification\",\"valueRequired\":true,\"valueName\":\"search_term_string\"}}],\"inLanguage\":\"fr-FR\"}]}<\/script>\n<!-- \/ Yoast SEO plugin. -->","yoast_head_json":{"title":"Nos produits - Pet Friends","robots":{"index":"index","follow":"follow","max-snippet":"max-snippet:-1","max-image-preview":"max-image-preview:large","max-video-preview":"max-video-preview:-1"},"canonical":"https:\/\/www.noscopains.ca\/fr\/nos-produits\/","twitter_misc":{"Dur\u00e9e de lecture estim\u00e9e":"3 minutes"},"schema":{"@context":"https:\/\/schema.org","@graph":[{"@type":"WebPage","@id":"https:\/\/www.noscopains.ca\/fr\/nos-produits\/","url":"https:\/\/www.noscopains.ca\/fr\/nos-produits\/","name":"Nos produits - Pet Friends","isPartOf":{"@id":"https:\/\/www.noscopains.ca\/#website"},"datePublished":"2021-07-13T08:41:17+00:00","dateModified":"2022-12-06T18:54:15+00:00","breadcrumb":{"@id":"https:\/\/www.noscopains.ca\/fr\/nos-produits\/#breadcrumb"},"inLanguage":"fr-FR","potentialAction":[{"@type":"ReadAction","target":["https:\/\/www.noscopains.ca\/fr\/nos-produits\/"]}]},{"@type":"BreadcrumbList","@id":"https:\/\/www.noscopains.ca\/fr\/nos-produits\/#breadcrumb","itemListElement":[{"@type":"ListItem","position":1,"name":"Accueil","item":"https:\/\/www.noscopains.ca\/fr\/"},{"@type":"ListItem","position":2,"name":"Nos produits"}]},{"@type":"WebSite","@id":"https:\/\/www.noscopains.ca\/#website","url":"https:\/\/www.noscopains.ca\/","name":"Pet Friends","description":"Pet Cremation Services","potentialAction":[{"@type":"SearchAction","target":{"@type":"EntryPoint","urlTemplate":"https:\/\/www.noscopains.ca\/?s={search_term_string}"},"query-input":{"@type":"PropertyValueSpecification","valueRequired":true,"valueName":"search_term_string"}}],"inLanguage":"fr-FR"}]}},"_links":{"self":[{"href":"https:\/\/www.noscopains.ca\/fr\/wp-json\/wp\/v2\/pages\/8937","targetHints":{"allow":["GET"]}}],"collection":[{"href":"https:\/\/www.noscopains.ca\/fr\/wp-json\/wp\/v2\/pages"}],"about":[{"href":"https:\/\/www.noscopains.ca\/fr\/wp-json\/wp\/v2\/types\/page"}],"author":[{"embeddable":true,"href":"https:\/\/www.noscopains.ca\/fr\/wp-json\/wp\/v2\/users\/4"}],"replies":[{"embeddable":true,"href":"https:\/\/www.noscopains.ca\/fr\/wp-json\/wp\/v2\/comments?post=8937"}],"version-history":[{"count":0,"href":"https:\/\/www.noscopains.ca\/fr\/wp-json\/wp\/v2\/pages\/8937\/revisions"}],"wp:attachment":[{"href":"https:\/\/www.noscopains.ca\/fr\/wp-json\/wp\/v2\/media?parent=8937"}],"curies":[{"name":"wp","href":"https:\/\/api.w.org\/{rel}","templated":true}]}}