{"id":7730,"date":"2021-07-13T08:47:25","date_gmt":"2021-07-13T08:47:25","guid":{"rendered":"http:\/\/www.noscopains.ca\/testimonials\/"},"modified":"2022-12-06T18:06:48","modified_gmt":"2022-12-06T18:06:48","slug":"temoignages","status":"publish","type":"page","link":"https:\/\/www.noscopains.ca\/fr\/compagnie\/temoignages\/","title":{"rendered":"T\u00e9moignages"},"content":{"rendered":"<p><div class=\"fusion-fullwidth fullwidth-box fusion-builder-row-1 fusion-flex-container nonhundred-percent-fullwidth non-hundred-percent-height-scrolling\" style=\"--awb-border-radius-top-left:0px;--awb-border-radius-top-right:0px;--awb-border-radius-bottom-right:0px;--awb-border-radius-bottom-left:0px;\" ><div class=\"fusion-builder-row fusion-row fusion-flex-align-items-flex-start\" style=\"max-width:1352px;margin-left: calc(-4% \/ 2 );margin-right: calc(-4% \/ 2 );\"><div class=\"fusion-layout-column fusion_builder_column fusion-builder-column-0 fusion_builder_column_1_1 1_1 fusion-flex-column\" style=\"--awb-bg-size:cover;--awb-width-large:100%;--awb-margin-top-large:40px;--awb-spacing-right-large:1.92%;--awb-margin-bottom-large:20px;--awb-spacing-left-large:1.92%;--awb-width-medium:100%;--awb-order-medium:0;--awb-spacing-right-medium:1.92%;--awb-spacing-left-medium:1.92%;--awb-width-small:100%;--awb-order-small:0;--awb-spacing-right-small:1.92%;--awb-spacing-left-small:1.92%;\"><div class=\"fusion-column-wrapper fusion-column-has-shadow fusion-flex-justify-content-flex-start fusion-content-layout-column\"><div class=\"fusion-title title fusion-title-1 fusion-sep-none fusion-title-text fusion-title-size-one\"><h1 class=\"title-heading-left fusion-responsive-typography-calculated\" style=\"margin:0;--fontSize:52;line-height:1.2;\"><p style=\"text-align: center;\">T\u00e9moignages<\/p><\/h1><\/div><div class=\"fusion-separator\" style=\"align-self: center;margin-left: auto;margin-right: auto;margin-top:20px;width:100%;max-width:20%;\"><div class=\"fusion-separator-border sep-single sep-solid\" style=\"--awb-height:20px;--awb-amount:20px;--awb-sep-color:#5fbb46;border-color:#5fbb46;border-top-width:3px;\"><\/div><\/div><\/div><\/div><\/div><\/div><div class=\"fusion-fullwidth fullwidth-box fusion-builder-row-2 fusion-flex-container nonhundred-percent-fullwidth non-hundred-percent-height-scrolling\" style=\"--awb-border-radius-top-left:0px;--awb-border-radius-top-right:0px;--awb-border-radius-bottom-right:0px;--awb-border-radius-bottom-left:0px;\" ><div class=\"fusion-builder-row fusion-row fusion-flex-align-items-flex-start\" style=\"max-width:1352px;margin-left: calc(-4% \/ 2 );margin-right: calc(-4% \/ 2 );\"><div class=\"fusion-layout-column fusion_builder_column fusion-builder-column-1 fusion_builder_column_1_2 1_2 fusion-flex-column\" style=\"--awb-bg-size:cover;--awb-width-large:50%;--awb-margin-top-large:0px;--awb-spacing-right-large:3.84%;--awb-margin-bottom-large:20px;--awb-spacing-left-large:3.84%;--awb-width-medium:50%;--awb-order-medium:0;--awb-spacing-right-medium:3.84%;--awb-spacing-left-medium:3.84%;--awb-width-small:100%;--awb-order-small:0;--awb-spacing-right-small:1.92%;--awb-spacing-left-small:1.92%;\"><div class=\"fusion-column-wrapper fusion-column-has-shadow fusion-flex-justify-content-flex-start fusion-content-layout-column\"><div class=\"fusion-text fusion-text-1 fusion-text-no-margin testimonial-block\" style=\"--awb-margin-bottom:20px;\"><p><span style=\"font-weight: 400;\">Tous les membres de notre famille tiennent \u00e0 vous remercier pour ce que vous avez fait pour nous durant une p\u00e9riode tr\u00e8s difficile. Le d\u00e9vouement que vous portez \u00e0 votre travail est \u00e9vident et se voit refl\u00e9t\u00e9 dans tous les gens associ\u00e9s \u00e0 Nos Copains. Tous ceux que nous avons rencontr\u00e9s ont \u00e9t\u00e9 professionnels, compatissants, et, surtout, empathiques. Nous d\u00e9sirons remercier tout particuli\u00e8rement la Dre Weissmann car nous n&rsquo;avions jamais rencontr\u00e9 de personne comme elle auparavant. Elle est rest\u00e9e professionnelle tout au long de sa visite, tout en t\u00e9moignant d&rsquo;une grande compassion \u00e0 notre \u00e9gard pour ce que notre famille s&rsquo;appr\u00eatait \u00e0 affronter. Elle est passionn\u00e9e par son travail avec les animaux de compagnie et nous avons appr\u00e9ci\u00e9 ses pens\u00e9es r\u00e9confortantes alors que nous faisions face \u00e0 une d\u00e9cision qui nous \u00e9tait insupportable. Elle n&rsquo;a pas fait qu'\u00a0\u00bbendormir notre chien\u00a0\u00bb &#8211; elle a aussi apais\u00e9 la souffrance de ce membre de notre famille et, pour cela, nous lui serons toujours reconnaissants. Nous avons nos animaux \u00ab\u00a0partis\u00a0\u00bb ici avec nous et nos \u00e9pinglettes <\/span><span style=\"font-weight: 400;\">\u00ab\u00a0Ang\u00e9liques\u00a0\u00bb nous les rappellent chaque jour. Nous avons Nos Copains \u00e0 remercier pour \u00e7a. Sachez que vous \u00eates dans nos pens\u00e9es et qu&rsquo;\u00e0 chaque fois que nous pensons \u00e0 nos animaux, nous ne pouvons faire autrement que de penser aussi \u00e0 tout ce que vous avez fait pour nous. Encore une fois, merci !<\/span><\/p>\n<p><strong>La famille Morello<\/strong><\/p>\n<\/div><\/div><\/div><div class=\"fusion-layout-column fusion_builder_column fusion-builder-column-2 fusion_builder_column_1_2 1_2 fusion-flex-column\" style=\"--awb-bg-size:cover;--awb-width-large:50%;--awb-margin-top-large:0px;--awb-spacing-right-large:3.84%;--awb-margin-bottom-large:20px;--awb-spacing-left-large:3.84%;--awb-width-medium:50%;--awb-order-medium:0;--awb-spacing-right-medium:3.84%;--awb-spacing-left-medium:3.84%;--awb-width-small:100%;--awb-order-small:0;--awb-spacing-right-small:1.92%;--awb-spacing-left-small:1.92%;\"><div class=\"fusion-column-wrapper fusion-column-has-shadow fusion-flex-justify-content-flex-start fusion-content-layout-column\"><div class=\"fusion-text fusion-text-2 testimonial-block\"><p><span style=\"font-weight: 400;\">Bonjour, <\/span><span style=\"font-weight: 400;\">Je d\u00e9sire vous \u00e9crire cette note afin de sinc\u00e8rement vous remercier pour l\u2019ensemble des services que vous nous avez offerts. <\/span><span style=\"font-weight: 400;\">Sachant que notre belle chienne Onyx (huskador) \u00e9tait atteinte d\u2019un cancer malin terminal, nous avons fait des pr\u00e9-arrangements avec vous. L\u2019accueil au t\u00e9l\u00e9phone a toujours \u00e9t\u00e9 tr\u00e8s courtois et empathique de la douleur anticip\u00e9e de perdre notre amour ch\u00e9rie sur 4 pattes. De plus, le service de ramassage du corps \u00e9tait en temps et tr\u00e8s bien coordonn\u00e9. Nous avons appr\u00e9ci\u00e9 le service de livraison de l\u2019urne contenant les cendres de Onyx. Elle est de retour \u00e0 la maison. Elle nous manque mais elle ne souffre plus.\u00a0 Merci pour l\u2019ensemble de vos merveilleux services offerts et bonne continuit\u00e9. <\/span><span style=\"font-weight: 400;\">Soyez certains que je recommanderai vos services \u00e0 l\u2019ensemble de mes connaissances de la r\u00e9gion qui auront \u00e0 vivre un tel moment. <\/span><span style=\"font-weight: 400;\">Sinc\u00e8rement,<\/span><\/p>\n<p><strong>Louise et Claude<\/strong><\/p>\n<\/div><\/div><\/div><div class=\"fusion-layout-column fusion_builder_column fusion-builder-column-3 fusion_builder_column_1_2 1_2 fusion-flex-column\" style=\"--awb-bg-size:cover;--awb-width-large:50%;--awb-margin-top-large:0px;--awb-spacing-right-large:3.84%;--awb-margin-bottom-large:20px;--awb-spacing-left-large:3.84%;--awb-width-medium:50%;--awb-order-medium:0;--awb-spacing-right-medium:3.84%;--awb-spacing-left-medium:3.84%;--awb-width-small:100%;--awb-order-small:0;--awb-spacing-right-small:1.92%;--awb-spacing-left-small:1.92%;\"><div class=\"fusion-column-wrapper fusion-column-has-shadow fusion-flex-justify-content-flex-start fusion-content-layout-column\"><div class=\"fusion-text fusion-text-3 testimonial-block\"><p><span style=\"font-weight: 400;\">Je tiens \u00e0\u00a0 vous remercier du plus profond de mon coeur o\u00f9 ma Namour s&rsquo;est lov\u00e9e pour dormir et ne plus souffrir. Remercier de ma part votre v\u00e9t\u00e9rinaire, pour sa douceur, sa pr\u00e9sence, sa spiritualit\u00e9. Ses paroles justes, douces et sinc\u00e8res m&rsquo;ont r\u00e9ellement aid\u00e9es \u00e0\u00a0 franchir ce pas, \u00e0\u00a0 donner \u00e0\u00a0 Namour quelques instants de ma vie pour qu&rsquo;elle puisse terminer la sienne en douceur, sur mon coeur. Je tiens \u00e0\u00a0 souligner que j&rsquo;ai rencontr\u00e9 un \u00catre exceptionnel, presque descendu du ciel et que cela est tellement rare, que je croyais qu&rsquo;ils n&rsquo;existaient plus. Je ne suis que douleur ce matin mais je tente de me dire qu&rsquo;en fin elle est bien. Merci mille et une fois aux personnes qui se sont occup\u00e9s de ma Namour avec d\u00e9licatesse, respect et amour.<\/span><\/p>\n<p><strong>Sylvie<\/strong><\/p>\n<\/div><\/div><\/div><div class=\"fusion-layout-column fusion_builder_column fusion-builder-column-4 fusion_builder_column_1_2 1_2 fusion-flex-column\" style=\"--awb-bg-size:cover;--awb-width-large:50%;--awb-margin-top-large:0px;--awb-spacing-right-large:3.84%;--awb-margin-bottom-large:20px;--awb-spacing-left-large:3.84%;--awb-width-medium:50%;--awb-order-medium:0;--awb-spacing-right-medium:3.84%;--awb-spacing-left-medium:3.84%;--awb-width-small:100%;--awb-order-small:0;--awb-spacing-right-small:1.92%;--awb-spacing-left-small:1.92%;\"><div class=\"fusion-column-wrapper fusion-column-has-shadow fusion-flex-justify-content-flex-start fusion-content-layout-column\"><div class=\"fusion-text fusion-text-4 fusion-text-no-margin testimonial-block\" style=\"--awb-margin-bottom:20px;\"><p><span style=\"font-weight: 400;\">D\u00e9j\u00e0 5 semaines qui se sont pass\u00e9es depuis cette triste journ\u00e9e o\u00f9 Ficelle nous a quitt\u00e9. Vous avez su, gr\u00e2ce \u00e0 vous et votre \u00e9quipe, rendre cet \u00e9v\u00e8nement plus paisible et \u00ab\u00a0humain\u00a0\u00bb. Cela a aid\u00e9 \u00e0 mettre un baume sur notre grande tristesse.<\/span><\/p>\n<p><span style=\"font-weight: 400;\">Encore milles mercis pour tout,<\/span><\/p>\n<p><strong>Dominique et Serge (et Ficelle dans nos pens\u00e9es)<\/strong><\/p>\n<\/div><\/div><\/div><\/div><\/div><\/p>\n","protected":false},"excerpt":{"rendered":"","protected":false},"author":4,"featured_media":0,"parent":7742,"menu_order":0,"comment_status":"closed","ping_status":"closed","template":"100-width.php","meta":{"footnotes":""},"class_list":["post-7730","page","type-page","status-publish","hentry"],"yoast_head":"<!-- This site is optimized with the Yoast SEO plugin v26.9 - https:\/\/yoast.com\/product\/yoast-seo-wordpress\/ -->\n<title>T\u00e9moignages - Pet Friends<\/title>\n<meta name=\"robots\" content=\"index, follow, max-snippet:-1, max-image-preview:large, max-video-preview:-1\" \/>\n<link rel=\"canonical\" href=\"https:\/\/www.noscopains.ca\/fr\/compagnie\/temoignages\/\" \/>\n<meta name=\"twitter:label1\" content=\"Dur\u00e9e de lecture estim\u00e9e\" \/>\n\t<meta name=\"twitter:data1\" content=\"7 minutes\" \/>\n<script type=\"application\/ld+json\" class=\"yoast-schema-graph\">{\"@context\":\"https:\/\/schema.org\",\"@graph\":[{\"@type\":\"WebPage\",\"@id\":\"https:\/\/www.noscopains.ca\/fr\/compagnie\/temoignages\/\",\"url\":\"https:\/\/www.noscopains.ca\/fr\/compagnie\/temoignages\/\",\"name\":\"T\u00e9moignages - Pet Friends\",\"isPartOf\":{\"@id\":\"https:\/\/www.noscopains.ca\/#website\"},\"datePublished\":\"2021-07-13T08:47:25+00:00\",\"dateModified\":\"2022-12-06T18:06:48+00:00\",\"breadcrumb\":{\"@id\":\"https:\/\/www.noscopains.ca\/fr\/compagnie\/temoignages\/#breadcrumb\"},\"inLanguage\":\"fr-FR\",\"potentialAction\":[{\"@type\":\"ReadAction\",\"target\":[\"https:\/\/www.noscopains.ca\/fr\/compagnie\/temoignages\/\"]}]},{\"@type\":\"BreadcrumbList\",\"@id\":\"https:\/\/www.noscopains.ca\/fr\/compagnie\/temoignages\/#breadcrumb\",\"itemListElement\":[{\"@type\":\"ListItem\",\"position\":1,\"name\":\"Accueil\",\"item\":\"https:\/\/www.noscopains.ca\/fr\/\"},{\"@type\":\"ListItem\",\"position\":2,\"name\":\"Compagnie\",\"item\":\"https:\/\/www.noscopains.ca\/fr\/compagnie\/\"},{\"@type\":\"ListItem\",\"position\":3,\"name\":\"T\u00e9moignages\"}]},{\"@type\":\"WebSite\",\"@id\":\"https:\/\/www.noscopains.ca\/#website\",\"url\":\"https:\/\/www.noscopains.ca\/\",\"name\":\"Pet Friends\",\"description\":\"Pet Cremation Services\",\"potentialAction\":[{\"@type\":\"SearchAction\",\"target\":{\"@type\":\"EntryPoint\",\"urlTemplate\":\"https:\/\/www.noscopains.ca\/?s={search_term_string}\"},\"query-input\":{\"@type\":\"PropertyValueSpecification\",\"valueRequired\":true,\"valueName\":\"search_term_string\"}}],\"inLanguage\":\"fr-FR\"}]}<\/script>\n<!-- \/ Yoast SEO plugin. -->","yoast_head_json":{"title":"T\u00e9moignages - Pet Friends","robots":{"index":"index","follow":"follow","max-snippet":"max-snippet:-1","max-image-preview":"max-image-preview:large","max-video-preview":"max-video-preview:-1"},"canonical":"https:\/\/www.noscopains.ca\/fr\/compagnie\/temoignages\/","twitter_misc":{"Dur\u00e9e de lecture estim\u00e9e":"7 minutes"},"schema":{"@context":"https:\/\/schema.org","@graph":[{"@type":"WebPage","@id":"https:\/\/www.noscopains.ca\/fr\/compagnie\/temoignages\/","url":"https:\/\/www.noscopains.ca\/fr\/compagnie\/temoignages\/","name":"T\u00e9moignages - Pet Friends","isPartOf":{"@id":"https:\/\/www.noscopains.ca\/#website"},"datePublished":"2021-07-13T08:47:25+00:00","dateModified":"2022-12-06T18:06:48+00:00","breadcrumb":{"@id":"https:\/\/www.noscopains.ca\/fr\/compagnie\/temoignages\/#breadcrumb"},"inLanguage":"fr-FR","potentialAction":[{"@type":"ReadAction","target":["https:\/\/www.noscopains.ca\/fr\/compagnie\/temoignages\/"]}]},{"@type":"BreadcrumbList","@id":"https:\/\/www.noscopains.ca\/fr\/compagnie\/temoignages\/#breadcrumb","itemListElement":[{"@type":"ListItem","position":1,"name":"Accueil","item":"https:\/\/www.noscopains.ca\/fr\/"},{"@type":"ListItem","position":2,"name":"Compagnie","item":"https:\/\/www.noscopains.ca\/fr\/compagnie\/"},{"@type":"ListItem","position":3,"name":"T\u00e9moignages"}]},{"@type":"WebSite","@id":"https:\/\/www.noscopains.ca\/#website","url":"https:\/\/www.noscopains.ca\/","name":"Pet Friends","description":"Pet Cremation Services","potentialAction":[{"@type":"SearchAction","target":{"@type":"EntryPoint","urlTemplate":"https:\/\/www.noscopains.ca\/?s={search_term_string}"},"query-input":{"@type":"PropertyValueSpecification","valueRequired":true,"valueName":"search_term_string"}}],"inLanguage":"fr-FR"}]}},"_links":{"self":[{"href":"https:\/\/www.noscopains.ca\/fr\/wp-json\/wp\/v2\/pages\/7730","targetHints":{"allow":["GET"]}}],"collection":[{"href":"https:\/\/www.noscopains.ca\/fr\/wp-json\/wp\/v2\/pages"}],"about":[{"href":"https:\/\/www.noscopains.ca\/fr\/wp-json\/wp\/v2\/types\/page"}],"author":[{"embeddable":true,"href":"https:\/\/www.noscopains.ca\/fr\/wp-json\/wp\/v2\/users\/4"}],"replies":[{"embeddable":true,"href":"https:\/\/www.noscopains.ca\/fr\/wp-json\/wp\/v2\/comments?post=7730"}],"version-history":[{"count":0,"href":"https:\/\/www.noscopains.ca\/fr\/wp-json\/wp\/v2\/pages\/7730\/revisions"}],"up":[{"embeddable":true,"href":"https:\/\/www.noscopains.ca\/fr\/wp-json\/wp\/v2\/pages\/7742"}],"wp:attachment":[{"href":"https:\/\/www.noscopains.ca\/fr\/wp-json\/wp\/v2\/media?parent=7730"}],"curies":[{"name":"wp","href":"https:\/\/api.w.org\/{rel}","templated":true}]}}